{"id":2894,"date":"2025-06-01T18:14:33","date_gmt":"2025-06-01T18:14:33","guid":{"rendered":"https:\/\/accido.pl\/product\/freeze-dried-strawberries-large-pack\/"},"modified":"2025-06-01T18:14:33","modified_gmt":"2025-06-01T18:14:33","slug":"freeze-dried-strawberries-large-pack","status":"publish","type":"product","link":"https:\/\/accido.pl\/pl\/produkt\/freeze-dried-strawberries-large-pack\/","title":{"rendered":"Liofilizowane Truskawki Du\u017ce Opakowanie"},"content":{"rendered":"<div aria-labelledby=\"tab-title-description\" class=\"woocommerce-Tabs-panel woocommerce-Tabs-panel--description panel entry-content wc-tab\" id=\"tab-description\" role=\"tabpanel\">\n<p>Liofilizowane plastry truskawek Liofilizacja sprawia, \u017ce te truskawki s\u0105 bardzo lekkie. Niska waga sprawia, \u017ce liofilizowane truskawki s\u0105 idealne do u\u017cycia, na przyk\u0142ad jako dekoracja ciast lub w sa\u0142atce. Kiedy dodasz je do granoli lub przyrz\u0105dzisz z nich smoothie, ponownie wch\u0142aniaj\u0105 wilgo\u0107, zapewniaj\u0105c przyjemny gryz. Te liofilizowane truskawki s\u0105 wi\u0119c wielofunkcyjne, przez ca\u0142y rok: w muffinkach, musli, babeczkach, jogurcie lub w podr\u00f3\u017cy. Spr\u00f3buj te\u017c po\u0142\u0105czenia liofilizowanych truskawek z p\u0142atkami gorzkiej czekolady na bitej \u015bmietanie lub lodach waniliowych! Ta specjalna metoda suszenia sprawia, \u017ce owoce s\u0105 lekkie, ale zachowuj\u0105 chrupko\u015b\u0107 i wy\u015bmienity smak!<\/p>\n<p>Sk\u0142adniki: 100% Liofilizowane truskawki<\/p>\n<p>Najsmaczniejsze liofilizowane owoce!<\/p>\n<\/div>","protected":false},"excerpt":{"rendered":"<p>Freeze-dried strawberry slices Freeze-drying makes these strawberries very light. The low weight makes freeze-dried strawberries very suitable to use, for example, as cake decorations or in a salad. When you add them to granola or make smoothies from them, they absorb moisture again, giving you a good bite. These freeze-dried strawberries are therefore multi-use, all [&hellip;]<\/p>","protected":false},"featured_media":2893,"comment_status":"open","ping_status":"closed","template":"","meta":[],"product_brand":[],"product_cat":[95,94],"product_tag":[],"class_list":{"0":"post-2894","1":"product","2":"type-product","3":"status-publish","4":"has-post-thumbnail","6":"product_cat-berries-whole-sale","7":"product_cat-whole-sale","9":"first","10":"instock","11":"shipping-taxable","12":"purchasable","13":"product-type-simple"},"_links":{"self":[{"href":"https:\/\/accido.pl\/pl\/wp-json\/wp\/v2\/product\/2894","targetHints":{"allow":["GET"]}}],"collection":[{"href":"https:\/\/accido.pl\/pl\/wp-json\/wp\/v2\/product"}],"about":[{"href":"https:\/\/accido.pl\/pl\/wp-json\/wp\/v2\/types\/product"}],"replies":[{"embeddable":true,"href":"https:\/\/accido.pl\/pl\/wp-json\/wp\/v2\/comments?post=2894"}],"wp:featuredmedia":[{"embeddable":true,"href":"https:\/\/accido.pl\/pl\/wp-json\/wp\/v2\/media\/2893"}],"wp:attachment":[{"href":"https:\/\/accido.pl\/pl\/wp-json\/wp\/v2\/media?parent=2894"}],"wp:term":[{"taxonomy":"product_brand","embeddable":true,"href":"https:\/\/accido.pl\/pl\/wp-json\/wp\/v2\/product_brand?post=2894"},{"taxonomy":"product_cat","embeddable":true,"href":"https:\/\/accido.pl\/pl\/wp-json\/wp\/v2\/product_cat?post=2894"},{"taxonomy":"product_tag","embeddable":true,"href":"https:\/\/accido.pl\/pl\/wp-json\/wp\/v2\/product_tag?post=2894"}],"curies":[{"name":"wp","href":"https:\/\/api.w.org\/{rel}","templated":true}]}}