{"id":2891,"date":"2025-06-01T18:14:07","date_gmt":"2025-06-01T18:14:07","guid":{"rendered":"https:\/\/accido.pl\/product\/powerful-broccoli-powder-large-package\/"},"modified":"2025-06-01T18:14:07","modified_gmt":"2025-06-01T18:14:07","slug":"powerful-broccoli-powder-large-package","status":"publish","type":"product","link":"https:\/\/accido.pl\/pl\/produkt\/powerful-broccoli-powder-large-package\/","title":{"rendered":"Pot\u0119\u017cny Proszek z Broku\u0142\u00f3w Du\u017ce Opakowanie"},"content":{"rendered":"<div aria-labelledby=\"tab-title-description\" class=\"woocommerce-Tabs-panel woocommerce-Tabs-panel--description panel entry-content wc-tab\" id=\"tab-description\" role=\"tabpanel\">\n<p>Pot\u0119\u017cny proszek z broku\u0142\u00f3w, teraz dost\u0119pny r\u00f3wnie\u017c w zbiorczym opakowaniu 1-kilogramowym, to mile widziany dodatek do naszej gamy liofilizowanych proszk\u00f3w warzywnych. Broku\u0142y s\u0105 liofilizowane na surowo, a wi\u0119c nie s\u0105 wst\u0119pnie gotowane.<\/p>\n<p>100%, czysty proszek broku\u0142owy pozosta\u0142y po procesie liofilizacji, to silny ekstrakt o bardzo d\u0142ugim okresie przydatno\u015bci do spo\u017cycia, kt\u00f3ry jednocze\u015bnie nie zawiera \u017cadnych konserwant\u00f3w.<\/p>\n<p>Dodaj smaku i \u0142atwo wymieszaj \u017c\u00f3\u0142to-zielony proszek z wod\u0105, jogurtem, sokiem owocowym lub dowolnym innym wybranym zastosowaniem.<\/p>\n<\/div>","protected":false},"excerpt":{"rendered":"<p>Powerful broccoli powder, now also available in a 1-kilogram bulk pack, is a welcome addition to our range of freeze-dried vegetable powders. The broccoli is freeze-dried raw and therefore not pre-cooked. The 100% pure broccoli powder that remains after the freeze-drying process is a powerful extract that has a very long shelf life and yet [&hellip;]<\/p>","protected":false},"featured_media":2890,"comment_status":"open","ping_status":"closed","template":"","meta":[],"product_brand":[],"product_cat":[97,94],"product_tag":[],"class_list":{"0":"post-2891","1":"product","2":"type-product","3":"status-publish","4":"has-post-thumbnail","6":"product_cat-fruit-mixes-whole-sale","7":"product_cat-whole-sale","9":"first","10":"instock","11":"shipping-taxable","12":"purchasable","13":"product-type-simple"},"_links":{"self":[{"href":"https:\/\/accido.pl\/pl\/wp-json\/wp\/v2\/product\/2891","targetHints":{"allow":["GET"]}}],"collection":[{"href":"https:\/\/accido.pl\/pl\/wp-json\/wp\/v2\/product"}],"about":[{"href":"https:\/\/accido.pl\/pl\/wp-json\/wp\/v2\/types\/product"}],"replies":[{"embeddable":true,"href":"https:\/\/accido.pl\/pl\/wp-json\/wp\/v2\/comments?post=2891"}],"wp:featuredmedia":[{"embeddable":true,"href":"https:\/\/accido.pl\/pl\/wp-json\/wp\/v2\/media\/2890"}],"wp:attachment":[{"href":"https:\/\/accido.pl\/pl\/wp-json\/wp\/v2\/media?parent=2891"}],"wp:term":[{"taxonomy":"product_brand","embeddable":true,"href":"https:\/\/accido.pl\/pl\/wp-json\/wp\/v2\/product_brand?post=2891"},{"taxonomy":"product_cat","embeddable":true,"href":"https:\/\/accido.pl\/pl\/wp-json\/wp\/v2\/product_cat?post=2891"},{"taxonomy":"product_tag","embeddable":true,"href":"https:\/\/accido.pl\/pl\/wp-json\/wp\/v2\/product_tag?post=2891"}],"curies":[{"name":"wp","href":"https:\/\/api.w.org\/{rel}","templated":true}]}}