{"id":2888,"date":"2025-06-01T18:13:45","date_gmt":"2025-06-01T18:13:45","guid":{"rendered":"https:\/\/accido.pl\/product\/powerful-redcurrant-powder-large-pack\/"},"modified":"2025-06-01T18:13:45","modified_gmt":"2025-06-01T18:13:45","slug":"powerful-redcurrant-powder-large-pack","status":"publish","type":"product","link":"https:\/\/accido.pl\/pl\/produkt\/powerful-redcurrant-powder-large-pack\/","title":{"rendered":"Pot\u0119\u017cny Proszek z Porzeczek Du\u017ce Opakowanie"},"content":{"rendered":"<div aria-labelledby=\"tab-title-description\" class=\"woocommerce-Tabs-panel woocommerce-Tabs-panel--description panel entry-content wc-tab\" id=\"tab-description\" role=\"tabpanel\">\n<p><strong>Pot\u0119\u017cny Proszek z Czerwonych Jag\u00f3d Du\u017ce Opakowanie<\/strong><\/p>\n<p>Dzi\u0119ki unikalnemu procesowi liofilizacji czerwonych jag\u00f3d 100%, otrzymujemy pot\u0119\u017cny proszek z czerwonych jag\u00f3d, kt\u00f3ry w skoncentrowanej formie ma bardzo d\u0142ugi okres przydatno\u015bci do spo\u017cycia i jest teraz r\u00f3wnie\u017c oferowany w opakowaniach zbiorczych o wadze 1 KG.<\/p>\n<p>Dzi\u0119ki tej metodzie konserwacji smak i wszystkie sk\u0142adniki od\u017cywcze s\u0105 doskonale zachowane. Tylko wilgo\u0107 jest usuwana z czerwonych jag\u00f3d podczas zamra\u017cania, a nast\u0119pnie s\u0105 one powoli podgrzewane w pr\u00f3\u017cni. Pozostaje pot\u0119\u017cny proszek owocowy z, oczywi\u015bcie, fantastycznym smakiem czerwonych jag\u00f3d.<\/p>\n<p>Wymieszaj proszek z czerwonych jag\u00f3d z jogurtem, koktajlami i smoothie lub posyp nim wierzch swojego czekoladowego ciasta.<\/p>\n<p>100% Liofilizowana czerwona porzeczka<\/p>\n<\/div>","protected":false},"excerpt":{"rendered":"<p>Powerful Red Berry Powder Large Pack Through the unique freeze-drying process of the 100% red berries, we are left with a powerful red berry powder, which in concentrated form has a very long shelf life and is now also offered as bulk packaging of 1 KG. With this preservation method, the flavor and all nutrients [&hellip;]<\/p>","protected":false},"featured_media":2887,"comment_status":"open","ping_status":"closed","template":"","meta":[],"product_brand":[],"product_cat":[95,94],"product_tag":[],"class_list":{"0":"post-2888","1":"product","2":"type-product","3":"status-publish","4":"has-post-thumbnail","6":"product_cat-berries-whole-sale","7":"product_cat-whole-sale","9":"first","10":"instock","11":"shipping-taxable","12":"purchasable","13":"product-type-simple"},"_links":{"self":[{"href":"https:\/\/accido.pl\/pl\/wp-json\/wp\/v2\/product\/2888","targetHints":{"allow":["GET"]}}],"collection":[{"href":"https:\/\/accido.pl\/pl\/wp-json\/wp\/v2\/product"}],"about":[{"href":"https:\/\/accido.pl\/pl\/wp-json\/wp\/v2\/types\/product"}],"replies":[{"embeddable":true,"href":"https:\/\/accido.pl\/pl\/wp-json\/wp\/v2\/comments?post=2888"}],"wp:featuredmedia":[{"embeddable":true,"href":"https:\/\/accido.pl\/pl\/wp-json\/wp\/v2\/media\/2887"}],"wp:attachment":[{"href":"https:\/\/accido.pl\/pl\/wp-json\/wp\/v2\/media?parent=2888"}],"wp:term":[{"taxonomy":"product_brand","embeddable":true,"href":"https:\/\/accido.pl\/pl\/wp-json\/wp\/v2\/product_brand?post=2888"},{"taxonomy":"product_cat","embeddable":true,"href":"https:\/\/accido.pl\/pl\/wp-json\/wp\/v2\/product_cat?post=2888"},{"taxonomy":"product_tag","embeddable":true,"href":"https:\/\/accido.pl\/pl\/wp-json\/wp\/v2\/product_tag?post=2888"}],"curies":[{"name":"wp","href":"https:\/\/api.w.org\/{rel}","templated":true}]}}