{"id":2885,"date":"2025-06-01T18:13:22","date_gmt":"2025-06-01T18:13:22","guid":{"rendered":"https:\/\/accido.pl\/product\/freeze-dried-cherries-large-pack\/"},"modified":"2025-06-04T11:21:46","modified_gmt":"2025-06-04T11:21:46","slug":"freeze-dried-cherries-large-pack","status":"publish","type":"product","link":"https:\/\/accido.pl\/pl\/produkt\/freeze-dried-cherries-large-pack\/","title":{"rendered":"Liofilizowane Wi\u015bnie Du\u017ce Opakowanie"},"content":{"rendered":"<div id=\"tab-description\" class=\"woocommerce-Tabs-panel woocommerce-Tabs-panel--description panel entry-content wc-tab\" role=\"tabpanel\" aria-labelledby=\"tab-title-description\">\n<p>Te liofilizowane wi\u015bnie wyr\u00f3\u017cniaj\u0105 si\u0119 bogatym, lekko cierpkim smakiem. Dzi\u0119ki metodzie liofilizacji aromat jest doskonale zachowany, a chrupi\u0105ca tekstura zapewnia wyj\u0105tkowe doznania. Produkt jest ca\u0142kowicie naturalny, bez dodatk\u00f3w, i sk\u0142ada si\u0119 z najwy\u017cszej jako\u015bci liofilizowanych owoc\u00f3w.<\/p>\n<p>Sk\u0142adniki: 100% Liofilizowana wi\u015bnia<\/p>\n<\/div>","protected":false},"excerpt":{"rendered":"<p>Te liofilizowane wi\u015bnie wyr\u00f3\u017cniaj\u0105 si\u0119 bogatym, lekko cierpkim smakiem. Dzi\u0119ki metodzie liofilizacji aromat jest doskonale zachowany, a chrupi\u0105ca tekstura zapewnia wyj\u0105tkowe doznania. Produkt jest ca\u0142kowicie naturalny, bez dodatk\u00f3w, i sk\u0142ada si\u0119 z liofilizowanych owoc\u00f3w najwy\u017cszej jako\u015bci. Sk\u0142adniki: 100% Liofilizowana wi\u015bnia<\/p>","protected":false},"featured_media":2884,"comment_status":"open","ping_status":"closed","template":"","meta":[],"product_brand":[],"product_cat":[95,94],"product_tag":[],"class_list":{"0":"post-2885","1":"product","2":"type-product","3":"status-publish","4":"has-post-thumbnail","6":"product_cat-berries-whole-sale","7":"product_cat-whole-sale","9":"first","10":"instock","11":"shipping-taxable","12":"purchasable","13":"product-type-simple"},"_links":{"self":[{"href":"https:\/\/accido.pl\/pl\/wp-json\/wp\/v2\/product\/2885","targetHints":{"allow":["GET"]}}],"collection":[{"href":"https:\/\/accido.pl\/pl\/wp-json\/wp\/v2\/product"}],"about":[{"href":"https:\/\/accido.pl\/pl\/wp-json\/wp\/v2\/types\/product"}],"replies":[{"embeddable":true,"href":"https:\/\/accido.pl\/pl\/wp-json\/wp\/v2\/comments?post=2885"}],"wp:featuredmedia":[{"embeddable":true,"href":"https:\/\/accido.pl\/pl\/wp-json\/wp\/v2\/media\/2884"}],"wp:attachment":[{"href":"https:\/\/accido.pl\/pl\/wp-json\/wp\/v2\/media?parent=2885"}],"wp:term":[{"taxonomy":"product_brand","embeddable":true,"href":"https:\/\/accido.pl\/pl\/wp-json\/wp\/v2\/product_brand?post=2885"},{"taxonomy":"product_cat","embeddable":true,"href":"https:\/\/accido.pl\/pl\/wp-json\/wp\/v2\/product_cat?post=2885"},{"taxonomy":"product_tag","embeddable":true,"href":"https:\/\/accido.pl\/pl\/wp-json\/wp\/v2\/product_tag?post=2885"}],"curies":[{"name":"wp","href":"https:\/\/api.w.org\/{rel}","templated":true}]}}