{"id":2882,"date":"2025-06-01T18:12:56","date_gmt":"2025-06-01T18:12:56","guid":{"rendered":"https:\/\/accido.pl\/product\/powerful-blueberry-powder-large-pack\/"},"modified":"2025-06-04T10:38:09","modified_gmt":"2025-06-04T10:38:09","slug":"powerful-blueberry-powder-large-pack","status":"publish","type":"product","link":"https:\/\/accido.pl\/pl\/produkt\/powerful-blueberry-powder-large-pack\/","title":{"rendered":"Pot\u0119\u017cny Proszek z Bor\u00f3wki Du\u017ce Opakowanie"},"content":{"rendered":"<div id=\"tab-description\" class=\"woocommerce-Tabs-panel woocommerce-Tabs-panel--description panel entry-content wc-tab\" role=\"tabpanel\" aria-labelledby=\"tab-title-description\">\n<p>Unikalny koncentrat liofilizowanych owoc\u00f3w, taki jak Proszek z Bor\u00f3wek \u2013 znany r\u00f3wnie\u017c jako Proszek z Jab\u0142ko-Jag\u00f3d \u2013 zosta\u0142 niedawno dodany do naszej gamy skoncentrowanych proszk\u00f3w owocowych. Ten super skoncentrowany, mocny ekstrakt z owoc\u00f3w w proszku pomaga utrzyma\u0107 r\u00f3wnowag\u0119 Twojego organizmu. Wymieszaj proszek z bor\u00f3wek w swoim koktajlu lub rozcie\u0144cz go wod\u0105, aby uzyska\u0107 orze\u017awiaj\u0105cy nap\u00f3j. Idealny, gdy Tw\u00f3j organizm potrzebuje zastrzyku energii! Czysty owoc, skoncentrowany z co najmniej 1000 gram\u00f3w jag\u00f3d na 100 gram\u00f3w proszku.<\/p>\n<\/div>","protected":false},"excerpt":{"rendered":"<p>A unique freeze-dried fruit concentrate, such as Blueberry Powder &#8211; also known as Apple Berry Powder &#8211; has recently been added to our range of concentrated fruit powders. This super-concentrated, powerful fruit powder extract helps keep your body in balance. Mix the blueberry powder into your smoothie or dilute it with water for a refreshing [&hellip;]<\/p>","protected":false},"featured_media":2881,"comment_status":"open","ping_status":"closed","template":"","meta":[],"product_brand":[],"product_cat":[95,94],"product_tag":[],"class_list":{"0":"post-2882","1":"product","2":"type-product","3":"status-publish","4":"has-post-thumbnail","6":"product_cat-berries-whole-sale","7":"product_cat-whole-sale","9":"first","10":"instock","11":"shipping-taxable","12":"purchasable","13":"product-type-simple"},"_links":{"self":[{"href":"https:\/\/accido.pl\/pl\/wp-json\/wp\/v2\/product\/2882","targetHints":{"allow":["GET"]}}],"collection":[{"href":"https:\/\/accido.pl\/pl\/wp-json\/wp\/v2\/product"}],"about":[{"href":"https:\/\/accido.pl\/pl\/wp-json\/wp\/v2\/types\/product"}],"replies":[{"embeddable":true,"href":"https:\/\/accido.pl\/pl\/wp-json\/wp\/v2\/comments?post=2882"}],"wp:featuredmedia":[{"embeddable":true,"href":"https:\/\/accido.pl\/pl\/wp-json\/wp\/v2\/media\/2881"}],"wp:attachment":[{"href":"https:\/\/accido.pl\/pl\/wp-json\/wp\/v2\/media?parent=2882"}],"wp:term":[{"taxonomy":"product_brand","embeddable":true,"href":"https:\/\/accido.pl\/pl\/wp-json\/wp\/v2\/product_brand?post=2882"},{"taxonomy":"product_cat","embeddable":true,"href":"https:\/\/accido.pl\/pl\/wp-json\/wp\/v2\/product_cat?post=2882"},{"taxonomy":"product_tag","embeddable":true,"href":"https:\/\/accido.pl\/pl\/wp-json\/wp\/v2\/product_tag?post=2882"}],"curies":[{"name":"wp","href":"https:\/\/api.w.org\/{rel}","templated":true}]}}