{"id":2879,"date":"2025-06-01T18:12:34","date_gmt":"2025-06-01T18:12:34","guid":{"rendered":"https:\/\/accido.pl\/product\/powerful-cranberry-powder-large-package\/"},"modified":"2025-06-01T18:19:22","modified_gmt":"2025-06-01T18:19:22","slug":"powerful-cranberry-powder-large-package","status":"publish","type":"product","link":"https:\/\/accido.pl\/pl\/produkt\/powerful-cranberry-powder-large-package\/","title":{"rendered":"Pot\u0119\u017cny Proszek \u017burawinowy Du\u017ce Opakowanie"},"content":{"rendered":"<div id=\"tab-description\" class=\"woocommerce-Tabs-panel woocommerce-Tabs-panel--description panel entry-content wc-tab\" role=\"tabpanel\" aria-labelledby=\"tab-title-description\">\n<p>\u017burawina, zwana r\u00f3wnie\u017c cranberries, ma naturalnie nieco kwa\u015bny smak. Po liofilizacji kwasowo\u015b\u0107 nieco maleje, a mocny proszek \u017curawinowy przybiera lekko s\u0142odko-kwa\u015bny owocowy posmak.<\/p>\n<p>Zalet\u0105 mocnego proszku \u017curawinowego jest to, \u017ce mo\u017cna cieszy\u0107 si\u0119 nim przez ca\u0142y rok, a dzi\u0119ki opakowaniu zbiorczemu mo\u017cna go r\u00f3wnie\u017c u\u017cywa\u0107 przez bardzo d\u0142ugi czas. Wszystko to przy zachowaniu intensywnego smaku 100% \u017curawin.<\/p>\n<p>Liofilizowany proszek z \u017curawiny smakuje wy\u015bmienicie w smoothie i koktajlach, a tak\u017ce \u015bwietnie sprawdza si\u0119 jako aromatyczny dodatek na wierzchu ciast czy nale\u015bnik\u00f3w.<\/p>\n<p>Sk\u0142adniki: 100% Liofilizowana \u017curawina<\/p>\n<\/div>","protected":false},"excerpt":{"rendered":"<p>Cranberries also called cranberries taste somewhat sour by nature. When freeze-dried, the acidity decreases slightly and the powerful cranberry powder actually takes on a slightly more sour-sweet fruit flavor. The advantage of powerful cranberry powder is that you can enjoy it all year round and because of the bulk packaging you can also use it [&hellip;]<\/p>","protected":false},"featured_media":2896,"comment_status":"open","ping_status":"closed","template":"","meta":[],"product_brand":[],"product_cat":[98,94],"product_tag":[],"class_list":{"0":"post-2879","1":"product","2":"type-product","3":"status-publish","4":"has-post-thumbnail","6":"product_cat-cranberries-whole-sale","7":"product_cat-whole-sale","9":"first","10":"instock","11":"shipping-taxable","12":"purchasable","13":"product-type-simple"},"_links":{"self":[{"href":"https:\/\/accido.pl\/pl\/wp-json\/wp\/v2\/product\/2879","targetHints":{"allow":["GET"]}}],"collection":[{"href":"https:\/\/accido.pl\/pl\/wp-json\/wp\/v2\/product"}],"about":[{"href":"https:\/\/accido.pl\/pl\/wp-json\/wp\/v2\/types\/product"}],"replies":[{"embeddable":true,"href":"https:\/\/accido.pl\/pl\/wp-json\/wp\/v2\/comments?post=2879"}],"wp:featuredmedia":[{"embeddable":true,"href":"https:\/\/accido.pl\/pl\/wp-json\/wp\/v2\/media\/2896"}],"wp:attachment":[{"href":"https:\/\/accido.pl\/pl\/wp-json\/wp\/v2\/media?parent=2879"}],"wp:term":[{"taxonomy":"product_brand","embeddable":true,"href":"https:\/\/accido.pl\/pl\/wp-json\/wp\/v2\/product_brand?post=2879"},{"taxonomy":"product_cat","embeddable":true,"href":"https:\/\/accido.pl\/pl\/wp-json\/wp\/v2\/product_cat?post=2879"},{"taxonomy":"product_tag","embeddable":true,"href":"https:\/\/accido.pl\/pl\/wp-json\/wp\/v2\/product_tag?post=2879"}],"curies":[{"name":"wp","href":"https:\/\/api.w.org\/{rel}","templated":true}]}}