{"id":2877,"date":"2025-06-01T18:12:19","date_gmt":"2025-06-01T18:12:19","guid":{"rendered":"https:\/\/accido.pl\/product\/freeze-dried-raspberries-large-package\/"},"modified":"2025-06-01T18:12:19","modified_gmt":"2025-06-01T18:12:19","slug":"freeze-dried-raspberries-large-package","status":"publish","type":"product","link":"https:\/\/accido.pl\/pl\/produkt\/freeze-dried-raspberries-large-package\/","title":{"rendered":"Liofilizowane Maliny Du\u017ce Opakowanie"},"content":{"rendered":"<div aria-labelledby=\"tab-title-description\" class=\"woocommerce-Tabs-panel woocommerce-Tabs-panel--description panel entry-content wc-tab\" id=\"tab-description\" role=\"tabpanel\">\n<p>Mi\u0142o\u015bnicy liofilizowanych malin mog\u0105 cieszy\u0107 si\u0119 tym owocowym przysmakiem jeszcze d\u0142u\u017cej, poniewa\u017c mo\u017cesz r\u00f3wnie\u017c zam\u00f3wi\u0107 je u nas w ekonomicznym opakowaniu zbiorczym.<\/p>\n<p>\u015awietnie komponuje si\u0119 z lodami, wypiekami lub gdy dodasz t\u0119 liofilizowan\u0105 owocow\u0105 mieszank\u0119 do czekolady i innych deser\u00f3w. Te spektakularnie wygl\u0105daj\u0105ce owoce s\u0105 r\u00f3wnie\u017c bardzo po\u017c\u0105dane jako przek\u0105ska.<\/p>\n<p>Z kilograma \u015bwie\u017cych malin otrzymujesz 100 gram\u00f3w liofilizowanych malin, wi\u0119c obj\u0119to\u015b\u0107 jest du\u017ca.<\/p>\n<p>Liofilizowane maliny sk\u0142adaj\u0105 si\u0119 w 100% z malin. Czysty owoc, bez dodatk\u00f3w i o znakomitym smaku.<\/p>\n<\/div>","protected":false},"excerpt":{"rendered":"<p>Lovers of freeze-dried raspberries can enjoy this fruity delicacy even longer because you can also order them from us in an economical bulk pack. Great with ice cream, baked goods or when you incorporate this freeze-dried fruit into chocolate and more. These spectacular looking rascals are also highly sought after for snacking as fruit. From [&hellip;]<\/p>","protected":false},"featured_media":2876,"comment_status":"open","ping_status":"closed","template":"","meta":[],"product_brand":[],"product_cat":[95,94],"product_tag":[],"class_list":{"0":"post-2877","1":"product","2":"type-product","3":"status-publish","4":"has-post-thumbnail","6":"product_cat-berries-whole-sale","7":"product_cat-whole-sale","9":"first","10":"instock","11":"shipping-taxable","12":"purchasable","13":"product-type-simple"},"_links":{"self":[{"href":"https:\/\/accido.pl\/pl\/wp-json\/wp\/v2\/product\/2877","targetHints":{"allow":["GET"]}}],"collection":[{"href":"https:\/\/accido.pl\/pl\/wp-json\/wp\/v2\/product"}],"about":[{"href":"https:\/\/accido.pl\/pl\/wp-json\/wp\/v2\/types\/product"}],"replies":[{"embeddable":true,"href":"https:\/\/accido.pl\/pl\/wp-json\/wp\/v2\/comments?post=2877"}],"wp:featuredmedia":[{"embeddable":true,"href":"https:\/\/accido.pl\/pl\/wp-json\/wp\/v2\/media\/2876"}],"wp:attachment":[{"href":"https:\/\/accido.pl\/pl\/wp-json\/wp\/v2\/media?parent=2877"}],"wp:term":[{"taxonomy":"product_brand","embeddable":true,"href":"https:\/\/accido.pl\/pl\/wp-json\/wp\/v2\/product_brand?post=2877"},{"taxonomy":"product_cat","embeddable":true,"href":"https:\/\/accido.pl\/pl\/wp-json\/wp\/v2\/product_cat?post=2877"},{"taxonomy":"product_tag","embeddable":true,"href":"https:\/\/accido.pl\/pl\/wp-json\/wp\/v2\/product_tag?post=2877"}],"curies":[{"name":"wp","href":"https:\/\/api.w.org\/{rel}","templated":true}]}}