{"id":2874,"date":"2025-06-01T18:11:55","date_gmt":"2025-06-01T18:11:55","guid":{"rendered":"https:\/\/accido.pl\/product\/powerful-plum-powder-large-pack\/"},"modified":"2025-06-01T18:20:32","modified_gmt":"2025-06-01T18:20:32","slug":"powerful-plum-powder-large-pack","status":"publish","type":"product","link":"https:\/\/accido.pl\/pl\/produkt\/powerful-plum-powder-large-pack\/","title":{"rendered":"Pot\u0119\u017cny Proszek \u015aliwkowy Du\u017ce Opakowanie"},"content":{"rendered":"<div id=\"tab-description\" class=\"woocommerce-Tabs-panel woocommerce-Tabs-panel--description panel entry-content wc-tab\" role=\"tabpanel\" aria-labelledby=\"tab-title-description\">\n<p>Starannie wyselekcjonowane \u015bliwki przetworzone w naszym mocnym proszku z liofilizowanych \u015bliwek s\u0105 teraz r\u00f3wnie\u017c dost\u0119pne w tym opakowaniu zbiorczym. Ten niezr\u00f3wnany ekstrakt owocowy zachowuje delikatnie s\u0142odki smak i ma bardzo d\u0142ugi okres przydatno\u015bci do spo\u017cycia.<\/p>\n<p>Mo\u017cesz wymiesza\u0107 ten pyszny owocowy proszek z czymkolwiek, takim jak jogurt, smoothie czy koktajle. Ale tak\u017ce przetworzony w cie\u015bcie lub dodany do gor\u0105cych da\u0144, jego intensywny smak Ci\u0119 zaskoczy.<\/p>\n<p>Potrzebujesz tylko odrobiny tego super skoncentrowanego proszku \u015bliwkowego. A czy wiesz, \u017ce u\u017cywamy 1,2 kg \u015bliwek na 100 gram\u00f3w liofilizowanego proszku \u015bliwkowego? Jak pot\u0119\u017cne to jest?<\/p>\n<p>Z tym szybkim aromatem oblizuj wargi. Smakujesz 100% czystych \u015bliwek!<\/p>\n<\/div>","protected":false},"excerpt":{"rendered":"<p>The carefully selected plums processed in our potent freeze-dried plum powder is now also available in this bulk packaging. This unbeatable fruit extract retains its gently sweet taste and has a very long shelf life. You can mix this delicious fruit powder through anything, such as yogurt, smoothies and shakes. But also processed in cake [&hellip;]<\/p>","protected":false},"featured_media":2897,"comment_status":"open","ping_status":"closed","template":"","meta":[],"product_brand":[],"product_cat":[101,94],"product_tag":[],"class_list":{"0":"post-2874","1":"product","2":"type-product","3":"status-publish","4":"has-post-thumbnail","6":"product_cat-plums-whole-sale","7":"product_cat-whole-sale","9":"first","10":"instock","11":"shipping-taxable","12":"purchasable","13":"product-type-simple"},"_links":{"self":[{"href":"https:\/\/accido.pl\/pl\/wp-json\/wp\/v2\/product\/2874","targetHints":{"allow":["GET"]}}],"collection":[{"href":"https:\/\/accido.pl\/pl\/wp-json\/wp\/v2\/product"}],"about":[{"href":"https:\/\/accido.pl\/pl\/wp-json\/wp\/v2\/types\/product"}],"replies":[{"embeddable":true,"href":"https:\/\/accido.pl\/pl\/wp-json\/wp\/v2\/comments?post=2874"}],"wp:featuredmedia":[{"embeddable":true,"href":"https:\/\/accido.pl\/pl\/wp-json\/wp\/v2\/media\/2897"}],"wp:attachment":[{"href":"https:\/\/accido.pl\/pl\/wp-json\/wp\/v2\/media?parent=2874"}],"wp:term":[{"taxonomy":"product_brand","embeddable":true,"href":"https:\/\/accido.pl\/pl\/wp-json\/wp\/v2\/product_brand?post=2874"},{"taxonomy":"product_cat","embeddable":true,"href":"https:\/\/accido.pl\/pl\/wp-json\/wp\/v2\/product_cat?post=2874"},{"taxonomy":"product_tag","embeddable":true,"href":"https:\/\/accido.pl\/pl\/wp-json\/wp\/v2\/product_tag?post=2874"}],"curies":[{"name":"wp","href":"https:\/\/api.w.org\/{rel}","templated":true}]}}