{"id":2872,"date":"2025-06-01T18:11:40","date_gmt":"2025-06-01T18:11:40","guid":{"rendered":"https:\/\/accido.pl\/product\/freeze-dried-blackcurrants-bulk-packaging\/"},"modified":"2025-06-01T18:21:37","modified_gmt":"2025-06-01T18:21:37","slug":"freeze-dried-blackcurrants-bulk-packaging","status":"publish","type":"product","link":"https:\/\/accido.pl\/pl\/produkt\/freeze-dried-blackcurrants-bulk-packaging\/","title":{"rendered":"Liofilizowane czarne porzeczki w opakowaniu zbiorczym"},"content":{"rendered":"<div id=\"tab-description\" class=\"woocommerce-Tabs-panel woocommerce-Tabs-panel--description panel entry-content wc-tab\" role=\"tabpanel\" aria-labelledby=\"tab-title-description\">\n<p>Czarna porzeczka jest powszechna w Europie \u015arodkowej. Nasze liofilizowane czarne porzeczki s\u0105 wysokiej jako\u015bci i smakuj\u0105 nawet lepiej ni\u017c \u015bwie\u017ce. Proces liofilizacji usuwa wilgo\u0107 z owoc\u00f3w, tworz\u0105c charakterystyczn\u0105 chrupi\u0105c\u0105 tekstur\u0119 liofilizowanych owoc\u00f3w.<\/p>\n<p>Liofilizowane czarne porzeczki to doskona\u0142e wzmacniacze smaku. Kwa\u015bno-s\u0142odki smak tych lekkich jag\u00f3d \u015bwietnie sprawdza si\u0119 jako dodatek do miseczki smoothie, s\u0105 pyszne z jogurtem i wspaniale komponuj\u0105 si\u0119 w cie\u015bcie lub owocowych muffinkach. Ale s\u0105 r\u00f3wnie\u017c pyszne jako chrupi\u0105ca alternatywa dla przek\u0105sek.<\/p>\n<p>Spr\u00f3buj r\u00f3wnie\u017c naszych liofilizowanych czarnych porzeczek 100%! Teraz dost\u0119pne przez ca\u0142y rok w opakowaniach zbiorczych. Spraw, aby smakowa\u0142y wy\u015bmienicie!<\/p>\n<p>Sk\u0142adniki: 100% Czarna porzeczka<\/p>\n<\/div>","protected":false},"excerpt":{"rendered":"<p>Blackcurrants are common in central Europe. Our freeze-dried blackcurrants are of high quality and they taste even more delicious than fresh. The freeze-drying process extracts moisture from the fruit, creating that distinctive crunchy texture of freeze-dried fruit. Freeze-dried blackcurrants are huge flavor enhancers. The sour-sweet taste of these lightweight berries do well as a topping [&hellip;]<\/p>","protected":false},"featured_media":2898,"comment_status":"open","ping_status":"closed","template":"","meta":[],"product_brand":[],"product_cat":[95,94],"product_tag":[],"class_list":{"0":"post-2872","1":"product","2":"type-product","3":"status-publish","4":"has-post-thumbnail","6":"product_cat-berries-whole-sale","7":"product_cat-whole-sale","9":"first","10":"instock","11":"shipping-taxable","12":"purchasable","13":"product-type-simple"},"_links":{"self":[{"href":"https:\/\/accido.pl\/pl\/wp-json\/wp\/v2\/product\/2872","targetHints":{"allow":["GET"]}}],"collection":[{"href":"https:\/\/accido.pl\/pl\/wp-json\/wp\/v2\/product"}],"about":[{"href":"https:\/\/accido.pl\/pl\/wp-json\/wp\/v2\/types\/product"}],"replies":[{"embeddable":true,"href":"https:\/\/accido.pl\/pl\/wp-json\/wp\/v2\/comments?post=2872"}],"wp:featuredmedia":[{"embeddable":true,"href":"https:\/\/accido.pl\/pl\/wp-json\/wp\/v2\/media\/2898"}],"wp:attachment":[{"href":"https:\/\/accido.pl\/pl\/wp-json\/wp\/v2\/media?parent=2872"}],"wp:term":[{"taxonomy":"product_brand","embeddable":true,"href":"https:\/\/accido.pl\/pl\/wp-json\/wp\/v2\/product_brand?post=2872"},{"taxonomy":"product_cat","embeddable":true,"href":"https:\/\/accido.pl\/pl\/wp-json\/wp\/v2\/product_cat?post=2872"},{"taxonomy":"product_tag","embeddable":true,"href":"https:\/\/accido.pl\/pl\/wp-json\/wp\/v2\/product_tag?post=2872"}],"curies":[{"name":"wp","href":"https:\/\/api.w.org\/{rel}","templated":true}]}}