{"id":2870,"date":"2025-06-01T18:11:26","date_gmt":"2025-06-01T18:11:26","guid":{"rendered":"https:\/\/accido.pl\/product\/powerful-apple-powder-large-pack\/"},"modified":"2025-06-01T18:11:26","modified_gmt":"2025-06-01T18:11:26","slug":"powerful-apple-powder-large-pack","status":"publish","type":"product","link":"https:\/\/accido.pl\/pl\/produkt\/powerful-apple-powder-large-pack\/","title":{"rendered":"Pot\u0119\u017cny Proszek Jab\u0142kowy Du\u017ce Opakowanie"},"content":{"rendered":"<div aria-labelledby=\"tab-title-description\" class=\"woocommerce-Tabs-panel woocommerce-Tabs-panel--description panel entry-content wc-tab\" id=\"tab-description\" role=\"tabpanel\">\n<p>Jab\u0142ka, kto nie by\u0142 z nimi wychowany? Wszyscy znamy \u015bwie\u017cy, kwa\u015bno-s\u0142odki smak tego soczystego owocu. Mniej znana jest liofilizowana wersja w formie proszku, kt\u00f3r\u0105 mo\u017cesz wykorzysta\u0107 w r\u00f3\u017cnych daniach i przepisach przez ca\u0142y rok.<\/p>\n<p>Pot\u0119\u017cny Proszek Jab\u0142kowy sk\u0142ada si\u0119 z liofilizowanych jab\u0142ek i jest teraz dost\u0119pny w opakowaniu zbiorczym o wadze jednej funta.<\/p>\n<p>Liofilizacja to specjalny proces konserwacji, w kt\u00f3rym wykorzystuje si\u0119 jab\u0142ko 100%. Pozosta\u0142y wysoko skoncentrowany proszek jab\u0142kowy smakuje wy\u015bmienicie w musli, w jogurcie lub w pysznym smoothie.<\/p>\n<p>Sk\u0142adniki: 100% Liofilizowane jab\u0142ko<\/p>\n<\/div>","protected":false},"excerpt":{"rendered":"<p>Apples, who was not raised with them? We are all familiar with the fresh sour and sweet taste of this fleshy fruit. Less well known is the freeze-dried version in powder form that you can use in all kinds of dishes and recipes throughout the year. Powerful Apple Powder consists of freeze-dried apple and is [&hellip;]<\/p>","protected":false},"featured_media":2869,"comment_status":"open","ping_status":"closed","template":"","meta":[],"product_brand":[],"product_cat":[96,94],"product_tag":[],"class_list":{"0":"post-2870","1":"product","2":"type-product","3":"status-publish","4":"has-post-thumbnail","6":"product_cat-dried-fruit-whole-sale","7":"product_cat-whole-sale","9":"first","10":"instock","11":"shipping-taxable","12":"purchasable","13":"product-type-simple"},"_links":{"self":[{"href":"https:\/\/accido.pl\/pl\/wp-json\/wp\/v2\/product\/2870","targetHints":{"allow":["GET"]}}],"collection":[{"href":"https:\/\/accido.pl\/pl\/wp-json\/wp\/v2\/product"}],"about":[{"href":"https:\/\/accido.pl\/pl\/wp-json\/wp\/v2\/types\/product"}],"replies":[{"embeddable":true,"href":"https:\/\/accido.pl\/pl\/wp-json\/wp\/v2\/comments?post=2870"}],"wp:featuredmedia":[{"embeddable":true,"href":"https:\/\/accido.pl\/pl\/wp-json\/wp\/v2\/media\/2869"}],"wp:attachment":[{"href":"https:\/\/accido.pl\/pl\/wp-json\/wp\/v2\/media?parent=2870"}],"wp:term":[{"taxonomy":"product_brand","embeddable":true,"href":"https:\/\/accido.pl\/pl\/wp-json\/wp\/v2\/product_brand?post=2870"},{"taxonomy":"product_cat","embeddable":true,"href":"https:\/\/accido.pl\/pl\/wp-json\/wp\/v2\/product_cat?post=2870"},{"taxonomy":"product_tag","embeddable":true,"href":"https:\/\/accido.pl\/pl\/wp-json\/wp\/v2\/product_tag?post=2870"}],"curies":[{"name":"wp","href":"https:\/\/api.w.org\/{rel}","templated":true}]}}