{"id":2867,"date":"2025-06-01T18:11:02","date_gmt":"2025-06-01T18:11:02","guid":{"rendered":"https:\/\/accido.pl\/product\/powerful-cherry-powder-large-pack\/"},"modified":"2025-06-04T11:24:10","modified_gmt":"2025-06-04T11:24:10","slug":"powerful-cherry-powder-large-pack","status":"publish","type":"product","link":"https:\/\/accido.pl\/pl\/produkt\/powerful-cherry-powder-large-pack\/","title":{"rendered":"Pot\u0119\u017cny Proszek Wi\u015bniowy Du\u017ce Opakowanie"},"content":{"rendered":"<div id=\"tab-description\" class=\"woocommerce-Tabs-panel woocommerce-Tabs-panel--description panel entry-content wc-tab\" role=\"tabpanel\" aria-labelledby=\"tab-title-description\">\n<p>\u015awie\u017ce wi\u015bnie s\u0105 zazwyczaj dost\u0119pne tylko na pocz\u0105tku lata. Mocny proszek wi\u015bniowy to wysoko skoncentrowany ekstrakt owocowy z wi\u015bni, kt\u00f3ry mo\u017cesz cieszy\u0107 si\u0119 przez ca\u0142y rok. Ten liofilizowany proszek owocowy idealnie miesza si\u0119 w smoothie i shake'ach, a tak\u017ce jest pyszny w jogurcie. Tylko jedna miarka proszku wi\u015bniowego wystarczy, aby odtworzy\u0107 smakowe doznania tych zachwycaj\u0105cych letnich owoc\u00f3w. Ten mocny suszony proszek owocowy to czysty produkt, ma d\u0142ugi okres przydatno\u015bci do spo\u017cycia i jest niezwykle \u0142atwy w u\u017cyciu w twoim shake'u, smoothie lub deserze jogurtowym. Sk\u0142adniki: 100% liofilizowane wi\u015bnie.<\/p>\n<\/div>","protected":false},"excerpt":{"rendered":"<p>Fresh cherries are normally only available at the beginning of summer. Powerful cherry powder is a highly concentrated fruit extract made from cherries that you can enjoy all year round. This freeze-dried fruit powder blends perfectly into smoothies and shakes and is also delicious in yogurt. Just one scoop of cherry powder is enough to [&hellip;]<\/p>","protected":false},"featured_media":2866,"comment_status":"open","ping_status":"closed","template":"","meta":[],"product_brand":[],"product_cat":[95,94],"product_tag":[],"class_list":{"0":"post-2867","1":"product","2":"type-product","3":"status-publish","4":"has-post-thumbnail","6":"product_cat-berries-whole-sale","7":"product_cat-whole-sale","9":"first","10":"instock","11":"shipping-taxable","12":"purchasable","13":"product-type-simple"},"_links":{"self":[{"href":"https:\/\/accido.pl\/pl\/wp-json\/wp\/v2\/product\/2867","targetHints":{"allow":["GET"]}}],"collection":[{"href":"https:\/\/accido.pl\/pl\/wp-json\/wp\/v2\/product"}],"about":[{"href":"https:\/\/accido.pl\/pl\/wp-json\/wp\/v2\/types\/product"}],"replies":[{"embeddable":true,"href":"https:\/\/accido.pl\/pl\/wp-json\/wp\/v2\/comments?post=2867"}],"wp:featuredmedia":[{"embeddable":true,"href":"https:\/\/accido.pl\/pl\/wp-json\/wp\/v2\/media\/2866"}],"wp:attachment":[{"href":"https:\/\/accido.pl\/pl\/wp-json\/wp\/v2\/media?parent=2867"}],"wp:term":[{"taxonomy":"product_brand","embeddable":true,"href":"https:\/\/accido.pl\/pl\/wp-json\/wp\/v2\/product_brand?post=2867"},{"taxonomy":"product_cat","embeddable":true,"href":"https:\/\/accido.pl\/pl\/wp-json\/wp\/v2\/product_cat?post=2867"},{"taxonomy":"product_tag","embeddable":true,"href":"https:\/\/accido.pl\/pl\/wp-json\/wp\/v2\/product_tag?post=2867"}],"curies":[{"name":"wp","href":"https:\/\/api.w.org\/{rel}","templated":true}]}}