{"id":2864,"date":"2025-06-01T18:10:39","date_gmt":"2025-06-01T18:10:39","guid":{"rendered":"https:\/\/accido.pl\/product\/powerful-mango-powder-large-pack\/"},"modified":"2025-06-01T18:10:39","modified_gmt":"2025-06-01T18:10:39","slug":"powerful-mango-powder-large-pack","status":"publish","type":"product","link":"https:\/\/accido.pl\/pl\/produkt\/powerful-mango-powder-large-pack\/","title":{"rendered":"Pot\u0119\u017cny Proszek Mango Du\u017ce Opakowanie"},"content":{"rendered":"<div aria-labelledby=\"tab-title-description\" class=\"woocommerce-Tabs-panel woocommerce-Tabs-panel--description panel entry-content wc-tab\" id=\"tab-description\" role=\"tabpanel\">\n<p>Mango to tzw. owoc pestkowy, pochodz\u0105cy z tropik\u00f3w.<\/p>\n<p>Jako sk\u0142adnik sproszkowane liofilizowane mango ma wiele, wiele zastosowa\u0144. Mo\u017cesz u\u017cy\u0107 tego produktu do przygotowania wielu potraw, takich jak ciasta, muffinki czy ciasteczka. Niezwykle pyszne jest r\u00f3wnie\u017c w\u0142\u0105czenie tego wysoko skoncentrowanego proszku mango do r\u00f3\u017cnych da\u0144 \u015bniadaniowych oraz do koktajli, smoothie i jogurt\u00f3w.<\/p>\n<p>Pod warunkiem przechowywania tego liofilizowanego proszku owocowego w ciemnym, suchym i ch\u0142odnym miejscu, takim jak lod\u00f3wka, produkt ten zachowa \u015bwie\u017co\u015b\u0107 przez bardzo d\u0142ugi czas.<\/p>\n<p>Prawdziwa przyprawa, dost\u0119pna w opakowaniu zbiorczym 1 kg.<\/p>\n<p>Sk\u0142adniki: 100% Liofilizowany proszek z mango<\/p>\n<\/div>","protected":false},"excerpt":{"rendered":"<p>Mango is a so-called stone fruit, native to the tropics. As an ingredient may the freeze-dried mango powder has many many uses. You can use this product in the preparation of many dishes, such as in cakes, muffins or cookies. What is also incredibly delicious is to incorporate this highly concentrated mango powder in various [&hellip;]<\/p>","protected":false},"featured_media":2863,"comment_status":"open","ping_status":"closed","template":"","meta":[],"product_brand":[],"product_cat":[100,94],"product_tag":[],"class_list":{"0":"post-2864","1":"product","2":"type-product","3":"status-publish","4":"has-post-thumbnail","6":"product_cat-mango-whole-sale","7":"product_cat-whole-sale","9":"first","10":"instock","11":"shipping-taxable","12":"purchasable","13":"product-type-simple"},"_links":{"self":[{"href":"https:\/\/accido.pl\/pl\/wp-json\/wp\/v2\/product\/2864","targetHints":{"allow":["GET"]}}],"collection":[{"href":"https:\/\/accido.pl\/pl\/wp-json\/wp\/v2\/product"}],"about":[{"href":"https:\/\/accido.pl\/pl\/wp-json\/wp\/v2\/types\/product"}],"replies":[{"embeddable":true,"href":"https:\/\/accido.pl\/pl\/wp-json\/wp\/v2\/comments?post=2864"}],"wp:featuredmedia":[{"embeddable":true,"href":"https:\/\/accido.pl\/pl\/wp-json\/wp\/v2\/media\/2863"}],"wp:attachment":[{"href":"https:\/\/accido.pl\/pl\/wp-json\/wp\/v2\/media?parent=2864"}],"wp:term":[{"taxonomy":"product_brand","embeddable":true,"href":"https:\/\/accido.pl\/pl\/wp-json\/wp\/v2\/product_brand?post=2864"},{"taxonomy":"product_cat","embeddable":true,"href":"https:\/\/accido.pl\/pl\/wp-json\/wp\/v2\/product_cat?post=2864"},{"taxonomy":"product_tag","embeddable":true,"href":"https:\/\/accido.pl\/pl\/wp-json\/wp\/v2\/product_tag?post=2864"}],"curies":[{"name":"wp","href":"https:\/\/api.w.org\/{rel}","templated":true}]}}