{"id":2861,"date":"2025-06-01T18:10:16","date_gmt":"2025-06-01T18:10:16","guid":{"rendered":"https:\/\/accido.pl\/product\/powerful-kiwi-powder-large-package\/"},"modified":"2025-06-01T18:10:16","modified_gmt":"2025-06-01T18:10:16","slug":"powerful-kiwi-powder-large-package","status":"publish","type":"product","link":"https:\/\/accido.pl\/pl\/produkt\/powerful-kiwi-powder-large-package\/","title":{"rendered":"Pot\u0119\u017cny Proszek z Kiwi Du\u017ce Opakowanie"},"content":{"rendered":"<div aria-labelledby=\"tab-title-description\" class=\"woocommerce-Tabs-panel woocommerce-Tabs-panel--description panel entry-content wc-tab\" id=\"tab-description\" role=\"tabpanel\">\n<p>Skosztuj wyrazistego smaku tego mocnego proszku z kiwi, teraz dost\u0119pnego w ekonomicznym opakowaniu zbiorczym! Jako liofilizowany proszek owocowy, nadaje on pyszny, s\u0142odki smak wszystkiemu, do czego go dodasz.<\/p>\n<p>Idealne do stosowania w wypiekach, koktajlach, smoothie, lodach oraz do p\u0142atk\u00f3w i owsianki. Wyrazisty, naturalny i s\u0142odki smak kiwi jest natychmiast rozpoznawalny. R\u00f3wnie\u017c pyszne w po\u0142\u0105czeniu z proszkiem z mleka kokosowego do przygotowania owocowego koktajlu.<\/p>\n<p>Proszek z liofilizowanego kiwi to pot\u0119\u017cny ekstrakt. Kiedy dodasz nawet jego odrobin\u0119 do czegokolwiek, natychmiast rozpoznasz wy\u015bmienity smak tego wyj\u0105tkowego owocu. Do\u015bwiadcz r\u00f3wnie\u017c czystej przyjemno\u015bci p\u0142yn\u0105cej z mocnego proszku kiwi!<\/p>\n<p><strong>Sk\u0142adniki: 100% Kiwi<\/strong><\/p>\n<\/div>","protected":false},"excerpt":{"rendered":"<p>Taste the distinct flavor of this potent kiwi powder, now available in an economical bulk pack! As a freeze-dried fruit powder, it gives a delicious, sweet flavor to anything you incorporate it into. Ideal for use in baked goods, shakes, smoothies, ice cream and through cereals and porridge. The distinctive, natural and sweet taste of [&hellip;]<\/p>","protected":false},"featured_media":2860,"comment_status":"open","ping_status":"closed","template":"","meta":[],"product_brand":[],"product_cat":[96,94],"product_tag":[],"class_list":{"0":"post-2861","1":"product","2":"type-product","3":"status-publish","4":"has-post-thumbnail","6":"product_cat-dried-fruit-whole-sale","7":"product_cat-whole-sale","9":"first","10":"instock","11":"shipping-taxable","12":"purchasable","13":"product-type-simple"},"_links":{"self":[{"href":"https:\/\/accido.pl\/pl\/wp-json\/wp\/v2\/product\/2861","targetHints":{"allow":["GET"]}}],"collection":[{"href":"https:\/\/accido.pl\/pl\/wp-json\/wp\/v2\/product"}],"about":[{"href":"https:\/\/accido.pl\/pl\/wp-json\/wp\/v2\/types\/product"}],"replies":[{"embeddable":true,"href":"https:\/\/accido.pl\/pl\/wp-json\/wp\/v2\/comments?post=2861"}],"wp:featuredmedia":[{"embeddable":true,"href":"https:\/\/accido.pl\/pl\/wp-json\/wp\/v2\/media\/2860"}],"wp:attachment":[{"href":"https:\/\/accido.pl\/pl\/wp-json\/wp\/v2\/media?parent=2861"}],"wp:term":[{"taxonomy":"product_brand","embeddable":true,"href":"https:\/\/accido.pl\/pl\/wp-json\/wp\/v2\/product_brand?post=2861"},{"taxonomy":"product_cat","embeddable":true,"href":"https:\/\/accido.pl\/pl\/wp-json\/wp\/v2\/product_cat?post=2861"},{"taxonomy":"product_tag","embeddable":true,"href":"https:\/\/accido.pl\/pl\/wp-json\/wp\/v2\/product_tag?post=2861"}],"curies":[{"name":"wp","href":"https:\/\/api.w.org\/{rel}","templated":true}]}}