{"id":2858,"date":"2025-06-01T18:09:53","date_gmt":"2025-06-01T18:09:53","guid":{"rendered":"https:\/\/accido.pl\/product\/powerful-spinach-powder-large-package\/"},"modified":"2025-06-01T18:09:53","modified_gmt":"2025-06-01T18:09:53","slug":"powerful-spinach-powder-large-package","status":"publish","type":"product","link":"https:\/\/accido.pl\/pl\/produkt\/powerful-spinach-powder-large-package\/","title":{"rendered":"Pot\u0119\u017cny Proszek ze Szpinaku Du\u017ce Opakowanie"},"content":{"rendered":"<div aria-labelledby=\"tab-title-description\" class=\"woocommerce-Tabs-panel woocommerce-Tabs-panel--description panel entry-content wc-tab\" id=\"tab-description\" role=\"tabpanel\">\n<p>Poznaj wysok\u0105 jako\u015b\u0107 naszego liofilizowanego proszku ze szpinaku! Ro\u015blina szpinaku jest liofilizowana natychmiast po zbiorach, a nast\u0119pnie mielona na mocny proszek. W ten spos\u00f3b cenne sk\u0142adniki od\u017cywcze zostaj\u0105 zachowane.<\/p>\n<p>Liofilizowany proszek ze szpinaku ma wiele zastosowa\u0144. Dodaj go do smoothie, wymieszaj ze \u015bwie\u017cym sokiem,<\/p>\n<p>Nasz skoncentrowany proszek ze szpinaku to idealna alternatywa dla \u015bwie\u017cego szpinaku. Teraz w wyj\u0105tkowo atrakcyjnej cenie i dost\u0119pny w opakowaniu zbiorczym o wadze 1 kg.<\/p>\n<\/div>","protected":false},"excerpt":{"rendered":"<p>Meet the high quality of our freeze-dried spinach powder! The spinach plant is freeze-dried immediately after harvest and then ground into a powerful powder. In this way, valuable nutrients are retained. Freeze-dried spinach powder has many uses. Add it to a smoothie, mix it with a fresh juice, Our concentrated spinach powder is an ideal [&hellip;]<\/p>","protected":false},"featured_media":2857,"comment_status":"open","ping_status":"closed","template":"","meta":[],"product_brand":[],"product_cat":[97,94],"product_tag":[],"class_list":{"0":"post-2858","1":"product","2":"type-product","3":"status-publish","4":"has-post-thumbnail","6":"product_cat-fruit-mixes-whole-sale","7":"product_cat-whole-sale","9":"first","10":"instock","11":"shipping-taxable","12":"purchasable","13":"product-type-simple"},"_links":{"self":[{"href":"https:\/\/accido.pl\/pl\/wp-json\/wp\/v2\/product\/2858","targetHints":{"allow":["GET"]}}],"collection":[{"href":"https:\/\/accido.pl\/pl\/wp-json\/wp\/v2\/product"}],"about":[{"href":"https:\/\/accido.pl\/pl\/wp-json\/wp\/v2\/types\/product"}],"replies":[{"embeddable":true,"href":"https:\/\/accido.pl\/pl\/wp-json\/wp\/v2\/comments?post=2858"}],"wp:featuredmedia":[{"embeddable":true,"href":"https:\/\/accido.pl\/pl\/wp-json\/wp\/v2\/media\/2857"}],"wp:attachment":[{"href":"https:\/\/accido.pl\/pl\/wp-json\/wp\/v2\/media?parent=2858"}],"wp:term":[{"taxonomy":"product_brand","embeddable":true,"href":"https:\/\/accido.pl\/pl\/wp-json\/wp\/v2\/product_brand?post=2858"},{"taxonomy":"product_cat","embeddable":true,"href":"https:\/\/accido.pl\/pl\/wp-json\/wp\/v2\/product_cat?post=2858"},{"taxonomy":"product_tag","embeddable":true,"href":"https:\/\/accido.pl\/pl\/wp-json\/wp\/v2\/product_tag?post=2858"}],"curies":[{"name":"wp","href":"https:\/\/api.w.org\/{rel}","templated":true}]}}