{"id":2855,"date":"2025-06-01T18:09:28","date_gmt":"2025-06-01T18:09:28","guid":{"rendered":"https:\/\/accido.pl\/product\/powerful-lemon-powder-large-pack\/"},"modified":"2025-06-01T18:17:49","modified_gmt":"2025-06-01T18:17:49","slug":"powerful-lemon-powder-large-pack","status":"publish","type":"product","link":"https:\/\/accido.pl\/pl\/produkt\/powerful-lemon-powder-large-pack\/","title":{"rendered":"Pot\u0119\u017cny Proszek Cytrynowy Du\u017ce Opakowanie"},"content":{"rendered":"<div id=\"tab-description\" class=\"woocommerce-Tabs-panel woocommerce-Tabs-panel--description panel entry-content wc-tab\" role=\"tabpanel\" aria-labelledby=\"tab-title-description\">\n<p>Jak prawie wszyscy wiedz\u0105, cytryna to doskona\u0142y wzmacniacz smaku. Czysty i kwa\u015bny smak cytryny z pewno\u015bci\u0105 znajdziesz r\u00f3wnie\u017c w naszym mocnym Proszku Cytrynowym; dost\u0119pnym w du\u017cym opakowaniu 1 kg i o bardzo d\u0142ugim okresie przydatno\u015bci do spo\u017cycia!<\/p>\n<p>W proszku z liofilizowanej cytryny usuni\u0119ta zosta\u0142a jedynie woda, kt\u00f3ra znajdowa\u0142a si\u0119 w owocu. Pozostaje silny koncentrat w postaci bardzo drobnego, jasno\u017c\u00f3\u0142tego proszku, w kt\u00f3rym autentyczny smak cytryny jest nie do pomylenia i bardzo intensywny.<\/p>\n<p>Mocny proszek cytrynowy \u0142atwo rozpuszcza si\u0119 w wodzie i mo\u017ce by\u0107 stosowany w wielu przepisach. Jako dodatek do wszelkiego rodzaju wypiek\u00f3w, smoothie lub deser\u00f3w, ten czysty proszek zapewnia niezb\u0119dny dodatkowy smak.<\/p>\n<\/div>","protected":false},"excerpt":{"rendered":"<p>As almost everyone knows, lemon is a tremendous flavor enhancer. The pure and sour lemon taste is also definitely found in our powerful Lemon Powder; available in a large 1 kilo pack and very long shelf life! In freeze-dried lemon powder, only the water that was in the fruit has been extracted. What remains is [&hellip;]<\/p>","protected":false},"featured_media":2895,"comment_status":"open","ping_status":"closed","template":"","meta":[],"product_brand":[],"product_cat":[96,94],"product_tag":[],"class_list":{"0":"post-2855","1":"product","2":"type-product","3":"status-publish","4":"has-post-thumbnail","6":"product_cat-dried-fruit-whole-sale","7":"product_cat-whole-sale","9":"first","10":"instock","11":"shipping-taxable","12":"purchasable","13":"product-type-simple"},"_links":{"self":[{"href":"https:\/\/accido.pl\/pl\/wp-json\/wp\/v2\/product\/2855","targetHints":{"allow":["GET"]}}],"collection":[{"href":"https:\/\/accido.pl\/pl\/wp-json\/wp\/v2\/product"}],"about":[{"href":"https:\/\/accido.pl\/pl\/wp-json\/wp\/v2\/types\/product"}],"replies":[{"embeddable":true,"href":"https:\/\/accido.pl\/pl\/wp-json\/wp\/v2\/comments?post=2855"}],"wp:featuredmedia":[{"embeddable":true,"href":"https:\/\/accido.pl\/pl\/wp-json\/wp\/v2\/media\/2895"}],"wp:attachment":[{"href":"https:\/\/accido.pl\/pl\/wp-json\/wp\/v2\/media?parent=2855"}],"wp:term":[{"taxonomy":"product_brand","embeddable":true,"href":"https:\/\/accido.pl\/pl\/wp-json\/wp\/v2\/product_brand?post=2855"},{"taxonomy":"product_cat","embeddable":true,"href":"https:\/\/accido.pl\/pl\/wp-json\/wp\/v2\/product_cat?post=2855"},{"taxonomy":"product_tag","embeddable":true,"href":"https:\/\/accido.pl\/pl\/wp-json\/wp\/v2\/product_tag?post=2855"}],"curies":[{"name":"wp","href":"https:\/\/api.w.org\/{rel}","templated":true}]}}