{"id":2853,"date":"2025-06-01T18:09:14","date_gmt":"2025-06-01T18:09:14","guid":{"rendered":"https:\/\/accido.pl\/product\/powerful-strawberry-powder-large-pack\/"},"modified":"2025-06-01T18:09:14","modified_gmt":"2025-06-01T18:09:14","slug":"powerful-strawberry-powder-large-pack","status":"publish","type":"product","link":"https:\/\/accido.pl\/pl\/produkt\/powerful-strawberry-powder-large-pack\/","title":{"rendered":"Pot\u0119\u017cny Proszek Truskawkowy Du\u017ce Opakowanie"},"content":{"rendered":"<div aria-labelledby=\"tab-title-description\" class=\"woocommerce-Tabs-panel woocommerce-Tabs-panel--description panel entry-content wc-tab\" id=\"tab-description\" role=\"tabpanel\">\n<p>Pyszna alternatywa dla \u015bwie\u017cych truskawek przez ca\u0142y rok.<\/p>\n<p>Proszek truskawkowy jest wytwarzany ze \u015bwie\u017cych truskawek, kt\u00f3re zosta\u0142y liofilizowane.<\/p>\n<p>Tym razem nie jako odpowiedzialny cukierek, ale w pot\u0119\u017cnie sproszkowanej formie 100% czyste.<\/p>\n<p>Ta premiumowa forma proszku truskawkowego oferuje wiele korzy\u015bci, w tym: \u0142atwo rozpuszczalno\u015b\u0107, d\u0142ugi okres przydatno\u015bci do spo\u017cycia i doskona\u0142\u0105 przydatno\u015b\u0107 jako zamiennik sztucznych aromat\u00f3w. Mo\u017ce by\u0107 r\u00f3wnie\u017c w\u0142\u0105czany do produkt\u00f3w piekarniczych. Charakteryzuje si\u0119 czystym smakiem truskawki. Szeroko stosowany w fitnessie i idealny do koktajli i smoothie. Ale tak\u017ce w deserach lub w ciastach i tortach jest niezast\u0105pionym i smacznym sk\u0142adnikiem do dodania.<\/p>\n<\/div>","protected":false},"excerpt":{"rendered":"<p>A delectable alternative to fresh strawberries year-round. Strawberry powder is made from fresh strawberries that have been freeze-dried. This time not as a responsible candy, but in a powerfully powdered form 100% pure. This premium form of strawberry powder offers many benefits including: Easily soluble, long shelf life and very suitable as a substitute for [&hellip;]<\/p>","protected":false},"featured_media":2852,"comment_status":"open","ping_status":"closed","template":"","meta":[],"product_brand":[],"product_cat":[95,94],"product_tag":[],"class_list":{"0":"post-2853","1":"product","2":"type-product","3":"status-publish","4":"has-post-thumbnail","6":"product_cat-berries-whole-sale","7":"product_cat-whole-sale","9":"first","10":"instock","11":"shipping-taxable","12":"purchasable","13":"product-type-simple"},"_links":{"self":[{"href":"https:\/\/accido.pl\/pl\/wp-json\/wp\/v2\/product\/2853","targetHints":{"allow":["GET"]}}],"collection":[{"href":"https:\/\/accido.pl\/pl\/wp-json\/wp\/v2\/product"}],"about":[{"href":"https:\/\/accido.pl\/pl\/wp-json\/wp\/v2\/types\/product"}],"replies":[{"embeddable":true,"href":"https:\/\/accido.pl\/pl\/wp-json\/wp\/v2\/comments?post=2853"}],"wp:featuredmedia":[{"embeddable":true,"href":"https:\/\/accido.pl\/pl\/wp-json\/wp\/v2\/media\/2852"}],"wp:attachment":[{"href":"https:\/\/accido.pl\/pl\/wp-json\/wp\/v2\/media?parent=2853"}],"wp:term":[{"taxonomy":"product_brand","embeddable":true,"href":"https:\/\/accido.pl\/pl\/wp-json\/wp\/v2\/product_brand?post=2853"},{"taxonomy":"product_cat","embeddable":true,"href":"https:\/\/accido.pl\/pl\/wp-json\/wp\/v2\/product_cat?post=2853"},{"taxonomy":"product_tag","embeddable":true,"href":"https:\/\/accido.pl\/pl\/wp-json\/wp\/v2\/product_tag?post=2853"}],"curies":[{"name":"wp","href":"https:\/\/api.w.org\/{rel}","templated":true}]}}