{"id":2850,"date":"2025-06-01T18:08:51","date_gmt":"2025-06-01T18:08:51","guid":{"rendered":"https:\/\/accido.pl\/product\/powerful-raspberry-powder-large-package\/"},"modified":"2025-06-01T18:08:51","modified_gmt":"2025-06-01T18:08:51","slug":"powerful-raspberry-powder-large-package","status":"publish","type":"product","link":"https:\/\/accido.pl\/pl\/produkt\/powerful-raspberry-powder-large-package\/","title":{"rendered":"Pot\u0119\u017cny Proszek Malinowy Du\u017ce Opakowanie"},"content":{"rendered":"<div aria-labelledby=\"tab-title-description\" class=\"woocommerce-Tabs-panel woocommerce-Tabs-panel--description panel entry-content wc-tab\" id=\"tab-description\" role=\"tabpanel\">\n<p>Specjalny smak naszego proszku malinowego mo\u017cna w jednym s\u0142owie okre\u015bli\u0107 jako wy\u015bmienity. Jako proszek owocowy, jest on wyj\u0105tkowy w naszej gamie suszonych owoc\u00f3w, kt\u00f3rego nie mo\u017cemy przed wami ukry\u0107 \u2013 jest po prostu nieodparcie pyszny. Proszek malinowy powstaje ze \u015bwie\u017cych, liofilizowanych malin i mo\u017cna to wyczu\u0107 w smaku. Suszona forma proszku zachowuje autentyczny smak malin i, podobnie jak wszystkie nasze liofilizowane owoce, d\u0142u\u017cej zachowuje \u015bwie\u017co\u015b\u0107. \u0141atwo go w\u0142\u0105czy\u0107 do wypiek\u00f3w, a szczeg\u00f3lnie idealnie nadaje si\u0119 do najsmaczniejszych koktajli i smoothie, na przyk\u0142ad podczas treningu. R\u00f3wnie\u017c pyszny jako dodatek do r\u00f3\u017cnych deser\u00f3w. Ten niespotykany, czysty proszek owocowy o smaku malin to doskona\u0142y zamiennik sztucznych aromat\u00f3w. Po przetworzeniu r\u00f3wnowaga wilgotno\u015bci pozostaje nienaruszona, dzi\u0119ki czemu mo\u017cna cieszy\u0107 si\u0119 jego czyst\u0105 jako\u015bci\u0105 przez ca\u0142y rok. Sk\u0142adniki: 100% Maliny.<\/p>\n<\/div>","protected":false},"excerpt":{"rendered":"<p>The special taste of our raspberry powder is, in a word, delectable. As fruit powder a maverick in our range of dried fruit that we can not withhold from you, however, so irresistibly delicious. The raspberry powder is made from fresh, freeze-dried raspberries and you can taste it. The dried powder form maintains the authentic [&hellip;]<\/p>","protected":false},"featured_media":2849,"comment_status":"open","ping_status":"closed","template":"","meta":[],"product_brand":[],"product_cat":[95,94],"product_tag":[],"class_list":{"0":"post-2850","1":"product","2":"type-product","3":"status-publish","4":"has-post-thumbnail","6":"product_cat-berries-whole-sale","7":"product_cat-whole-sale","9":"first","10":"instock","11":"shipping-taxable","12":"purchasable","13":"product-type-simple"},"_links":{"self":[{"href":"https:\/\/accido.pl\/pl\/wp-json\/wp\/v2\/product\/2850","targetHints":{"allow":["GET"]}}],"collection":[{"href":"https:\/\/accido.pl\/pl\/wp-json\/wp\/v2\/product"}],"about":[{"href":"https:\/\/accido.pl\/pl\/wp-json\/wp\/v2\/types\/product"}],"replies":[{"embeddable":true,"href":"https:\/\/accido.pl\/pl\/wp-json\/wp\/v2\/comments?post=2850"}],"wp:featuredmedia":[{"embeddable":true,"href":"https:\/\/accido.pl\/pl\/wp-json\/wp\/v2\/media\/2849"}],"wp:attachment":[{"href":"https:\/\/accido.pl\/pl\/wp-json\/wp\/v2\/media?parent=2850"}],"wp:term":[{"taxonomy":"product_brand","embeddable":true,"href":"https:\/\/accido.pl\/pl\/wp-json\/wp\/v2\/product_brand?post=2850"},{"taxonomy":"product_cat","embeddable":true,"href":"https:\/\/accido.pl\/pl\/wp-json\/wp\/v2\/product_cat?post=2850"},{"taxonomy":"product_tag","embeddable":true,"href":"https:\/\/accido.pl\/pl\/wp-json\/wp\/v2\/product_tag?post=2850"}],"curies":[{"name":"wp","href":"https:\/\/api.w.org\/{rel}","templated":true}]}}