{"id":2844,"date":"2025-06-01T18:08:05","date_gmt":"2025-06-01T18:08:05","guid":{"rendered":"https:\/\/accido.pl\/product\/freeze-dried-red-berries-large-pack\/"},"modified":"2025-06-04T11:27:58","modified_gmt":"2025-06-04T11:27:58","slug":"freeze-dried-red-berries-large-pack","status":"publish","type":"product","link":"https:\/\/accido.pl\/pl\/produkt\/freeze-dried-red-berries-large-pack\/","title":{"rendered":"Liofilizowane Czerwone Owoce Du\u017ce Opakowanie"},"content":{"rendered":"<div id=\"tab-description\" class=\"woocommerce-Tabs-panel woocommerce-Tabs-panel--description panel entry-content wc-tab\" role=\"tabpanel\" aria-labelledby=\"tab-title-description\">\n<p>Liofilizowane czerwone porzeczki to prawdziwy wzmacniacz smaku. Wystarczy tylko niewielka ilo\u015b\u0107, poniewa\u017c liofilizowane czerwone porzeczki s\u0105 bardzo skoncentrowane. Mo\u017cesz je wymiesza\u0107 z czymkolwiek \u2013 jogurtem, budyniem lub stworzy\u0107 zaskakuj\u0105co \u015bwie\u017cy akcent w smoothie. Maj\u0105 doskona\u0142\u0105 trwa\u0142o\u015b\u0107 i zawsze warto mie\u0107 je w zapasie. Sk\u0142adniki: 100% Czerwona jagoda<\/p>\n<\/div>","protected":false},"excerpt":{"rendered":"<p>Freeze-dried red currants are a true flavor enhancer. You only need a small amount because the freeze-dried red currants are very concentrated. You can mix them into anything &#8211; yogurt, custard, or create a surprisingly fresh bite in a smoothie. They have excellent shelf life and are always great to keep in stock. Ingredients: 100% [&hellip;]<\/p>","protected":false},"featured_media":2843,"comment_status":"open","ping_status":"closed","template":"","meta":[],"product_brand":[],"product_cat":[95,94],"product_tag":[],"class_list":{"0":"post-2844","1":"product","2":"type-product","3":"status-publish","4":"has-post-thumbnail","6":"product_cat-berries-whole-sale","7":"product_cat-whole-sale","9":"first","10":"instock","11":"shipping-taxable","12":"purchasable","13":"product-type-simple"},"_links":{"self":[{"href":"https:\/\/accido.pl\/pl\/wp-json\/wp\/v2\/product\/2844","targetHints":{"allow":["GET"]}}],"collection":[{"href":"https:\/\/accido.pl\/pl\/wp-json\/wp\/v2\/product"}],"about":[{"href":"https:\/\/accido.pl\/pl\/wp-json\/wp\/v2\/types\/product"}],"replies":[{"embeddable":true,"href":"https:\/\/accido.pl\/pl\/wp-json\/wp\/v2\/comments?post=2844"}],"wp:featuredmedia":[{"embeddable":true,"href":"https:\/\/accido.pl\/pl\/wp-json\/wp\/v2\/media\/2843"}],"wp:attachment":[{"href":"https:\/\/accido.pl\/pl\/wp-json\/wp\/v2\/media?parent=2844"}],"wp:term":[{"taxonomy":"product_brand","embeddable":true,"href":"https:\/\/accido.pl\/pl\/wp-json\/wp\/v2\/product_brand?post=2844"},{"taxonomy":"product_cat","embeddable":true,"href":"https:\/\/accido.pl\/pl\/wp-json\/wp\/v2\/product_cat?post=2844"},{"taxonomy":"product_tag","embeddable":true,"href":"https:\/\/accido.pl\/pl\/wp-json\/wp\/v2\/product_tag?post=2844"}],"curies":[{"name":"wp","href":"https:\/\/api.w.org\/{rel}","templated":true}]}}