{"id":2841,"date":"2025-06-01T18:07:41","date_gmt":"2025-06-01T18:07:41","guid":{"rendered":"https:\/\/accido.pl\/product\/powerful-peach-powder-large-package\/"},"modified":"2025-06-05T09:43:50","modified_gmt":"2025-06-05T09:43:50","slug":"powerful-peach-powder-large-package","status":"publish","type":"product","link":"https:\/\/accido.pl\/pl\/produkt\/powerful-peach-powder-large-package\/","title":{"rendered":"Mocny Proszek Brzoskwiniowy Du\u017ce Opakowanie"},"content":{"rendered":"<div id=\"tab-description\" class=\"woocommerce-Tabs-panel woocommerce-Tabs-panel--description panel entry-content wc-tab\" role=\"tabpanel\" aria-labelledby=\"tab-title-description\">\n<p>Czy jad\u0142e\u015b kiedy\u015b dojrza\u0142\u0105 brzoskwini\u0119, pyszna, prawda? Chocia\u017c czasem robi si\u0119 przy tym ba\u0142agan. Dla tych, kt\u00f3rzy wci\u0105\u017c chc\u0105 poczu\u0107 s\u0142odko-kwa\u015bny smak tego soczystego owocu, bez brudzenia palc\u00f3w, nasz mocny proszek brzoskwiniowy jest rozwi\u0105zaniem.<\/p>\n<p>Z najwi\u0119ksz\u0105 \u0142atwo\u015bci\u0105 i w mgnieniu oka mo\u017cesz teraz przygotowa\u0107 najpyszniejsze koktajle i smoothie. Nasze liofilizowane proszek brzoskwiniowy sk\u0142ada si\u0119 w 100% z czystych owoc\u00f3w, bez konserwant\u00f3w i dodatk\u00f3w, a teraz dost\u0119pny jest r\u00f3wnie\u017c w niedrogim opakowaniu zbiorczym o wadze 1 kilograma i nadaje si\u0119 do r\u00f3\u017cnych zastosowa\u0144.<\/p>\n<p><strong>Sk\u0142adniki: 100% Brzoskwinia<\/strong><\/p>\n<\/div>","protected":false},"excerpt":{"rendered":"<p>Ever eat a ripe peach, delicious right? Sometimes a mess, though. For those who still want to taste the sweet and slightly sour taste of this fleshy peach fruit, without getting sticky fingers, our powerful peach powder is a solution. With the greatest of ease and in the blink of an eye, you can now [&hellip;]<\/p>","protected":false},"featured_media":2840,"comment_status":"open","ping_status":"closed","template":"","meta":[],"product_brand":[],"product_cat":[96,94],"product_tag":[],"class_list":{"0":"post-2841","1":"product","2":"type-product","3":"status-publish","4":"has-post-thumbnail","6":"product_cat-dried-fruit-whole-sale","7":"product_cat-whole-sale","9":"first","10":"instock","11":"shipping-taxable","12":"purchasable","13":"product-type-simple"},"_links":{"self":[{"href":"https:\/\/accido.pl\/pl\/wp-json\/wp\/v2\/product\/2841","targetHints":{"allow":["GET"]}}],"collection":[{"href":"https:\/\/accido.pl\/pl\/wp-json\/wp\/v2\/product"}],"about":[{"href":"https:\/\/accido.pl\/pl\/wp-json\/wp\/v2\/types\/product"}],"replies":[{"embeddable":true,"href":"https:\/\/accido.pl\/pl\/wp-json\/wp\/v2\/comments?post=2841"}],"wp:featuredmedia":[{"embeddable":true,"href":"https:\/\/accido.pl\/pl\/wp-json\/wp\/v2\/media\/2840"}],"wp:attachment":[{"href":"https:\/\/accido.pl\/pl\/wp-json\/wp\/v2\/media?parent=2841"}],"wp:term":[{"taxonomy":"product_brand","embeddable":true,"href":"https:\/\/accido.pl\/pl\/wp-json\/wp\/v2\/product_brand?post=2841"},{"taxonomy":"product_cat","embeddable":true,"href":"https:\/\/accido.pl\/pl\/wp-json\/wp\/v2\/product_cat?post=2841"},{"taxonomy":"product_tag","embeddable":true,"href":"https:\/\/accido.pl\/pl\/wp-json\/wp\/v2\/product_tag?post=2841"}],"curies":[{"name":"wp","href":"https:\/\/api.w.org\/{rel}","templated":true}]}}