{"id":2838,"date":"2025-06-01T18:06:49","date_gmt":"2025-06-01T18:06:49","guid":{"rendered":"https:\/\/accido.pl\/product\/powerful-tomato-powder-large-pack\/"},"modified":"2025-06-01T18:06:49","modified_gmt":"2025-06-01T18:06:49","slug":"powerful-tomato-powder-large-pack","status":"publish","type":"product","link":"https:\/\/accido.pl\/pl\/produkt\/powerful-tomato-powder-large-pack\/","title":{"rendered":"Pot\u0119\u017cny Proszek Pomidorowy Du\u017ce Opakowanie"},"content":{"rendered":"<div aria-labelledby=\"tab-title-description\" class=\"woocommerce-Tabs-panel woocommerce-Tabs-panel--description panel entry-content wc-tab\" id=\"tab-description\" role=\"tabpanel\">\n<p>Pomidory s\u0105 nieodzownym sk\u0142adnikiem w\u0142oskiej kuchni. Nawet nazywaj\u0105 sw\u00f3j pomidor \u201ez\u0142otym jab\u0142kiem\u201d (pomodoro). Je\u015bli wybierzesz nasz\u0105 mocn\u0105 proszkowan\u0105 wersj\u0119 pomidor\u00f3w, od razu otrzymujesz co\u015b dobrego. Nadaje si\u0119 do wielu zastosowa\u0144 i ma d\u0142ugi okres przydatno\u015bci do spo\u017cycia.<\/p>\n<p>Z liofilizowanym, a przez to intensywnym w smaku proszkiem pomidorowym, smak jest maksymalnie wzmocniony. Tego wysoko skoncentrowanego, czerwonego proszku z owoc\u00f3w\/warzyw wystarczy wymiesza\u0107 \u0142y\u017ck\u0119 ze szklank\u0105 wody, aby uzyska\u0107 sok pomidorowy. Ale nasz mocny proszek pomidorowy doskonale nadaje si\u0119 r\u00f3wnie\u017c do przygotowania przecieru pomidorowego i zupy pomidorowej. A co powiesz na pyszny sos do maczania? W po\u0142\u0105czeniu z zio\u0142ami \u015br\u00f3dziemnomorskimi przez jogurt lub \u015bmietank\u0119, mo\u017cesz w mgnieniu oka postawi\u0107 na stole co\u015b smacznego dla swoich go\u015bci.<\/p>\n<p>Zam\u00f3w nasz mocny proszek pomidorowy teraz r\u00f3wnie\u017c w opakowaniu zbiorczym 1 kg i otrzymaj 100% jako\u015b\u0107 prosto z natury! Dzi\u0119ki temu nigdy Ci nie zabraknie.<\/p>\n<p><strong>Sk\u0142adniki: 100% Proszek pomidorowy<\/strong><\/p>\n<\/div>","protected":false},"excerpt":{"rendered":"<p>Tomatoes are an indispensable ingredient in Italian cuisine. They even call their tomato &#8220;apple of gold&#8221; (pomodoro). If you choose our powerful tomato powder, then you are also getting something good right away. Suitable for many applications and a long shelf life. With freeze-dried and therefore powerful tomato powder, the flavor is maximized. Of this [&hellip;]<\/p>","protected":false},"featured_media":2837,"comment_status":"open","ping_status":"closed","template":"","meta":[],"product_brand":[],"product_cat":[97,94],"product_tag":[],"class_list":{"0":"post-2838","1":"product","2":"type-product","3":"status-publish","4":"has-post-thumbnail","6":"product_cat-fruit-mixes-whole-sale","7":"product_cat-whole-sale","9":"first","10":"instock","11":"shipping-taxable","12":"purchasable","13":"product-type-simple"},"_links":{"self":[{"href":"https:\/\/accido.pl\/pl\/wp-json\/wp\/v2\/product\/2838","targetHints":{"allow":["GET"]}}],"collection":[{"href":"https:\/\/accido.pl\/pl\/wp-json\/wp\/v2\/product"}],"about":[{"href":"https:\/\/accido.pl\/pl\/wp-json\/wp\/v2\/types\/product"}],"replies":[{"embeddable":true,"href":"https:\/\/accido.pl\/pl\/wp-json\/wp\/v2\/comments?post=2838"}],"wp:featuredmedia":[{"embeddable":true,"href":"https:\/\/accido.pl\/pl\/wp-json\/wp\/v2\/media\/2837"}],"wp:attachment":[{"href":"https:\/\/accido.pl\/pl\/wp-json\/wp\/v2\/media?parent=2838"}],"wp:term":[{"taxonomy":"product_brand","embeddable":true,"href":"https:\/\/accido.pl\/pl\/wp-json\/wp\/v2\/product_brand?post=2838"},{"taxonomy":"product_cat","embeddable":true,"href":"https:\/\/accido.pl\/pl\/wp-json\/wp\/v2\/product_cat?post=2838"},{"taxonomy":"product_tag","embeddable":true,"href":"https:\/\/accido.pl\/pl\/wp-json\/wp\/v2\/product_tag?post=2838"}],"curies":[{"name":"wp","href":"https:\/\/api.w.org\/{rel}","templated":true}]}}