{"id":2835,"date":"2025-06-01T18:06:25","date_gmt":"2025-06-01T18:06:25","guid":{"rendered":"https:\/\/accido.pl\/product\/freeze-dried-pineapple-large-pack\/"},"modified":"2025-06-01T18:06:25","modified_gmt":"2025-06-01T18:06:25","slug":"freeze-dried-pineapple-large-pack","status":"publish","type":"product","link":"https:\/\/accido.pl\/pl\/produkt\/freeze-dried-pineapple-large-pack\/","title":{"rendered":"Liofilizowany Ananas Du\u017ce Opakowanie"},"content":{"rendered":"<div aria-labelledby=\"tab-title-description\" class=\"woocommerce-Tabs-panel woocommerce-Tabs-panel--description panel entry-content wc-tab\" id=\"tab-description\" role=\"tabpanel\">\n<p>Wkrocz w tropikalne strefy i spr\u00f3buj naszych aromatycznych kawa\u0142k\u00f3w liofilizowanego ananasa!<\/p>\n<p>Zaskocz siebie lub swoje dzieci t\u0105 chrupi\u0105c\u0105 przyjemno\u015bci\u0105, kt\u00f3rej nie tylko smak, ale tak\u017ce sk\u0142adniki od\u017cywcze s\u0105 niemal ca\u0142kowicie zachowane.<\/p>\n<p>Starannie wyselekcjonowane kawa\u0142ki ananasa s\u0105 lekkie i rozp\u0142ywaj\u0105 si\u0119 w ustach. Mo\u017cesz je spo\u017cywa\u0107 o ka\u017cdej porze dnia; na \u015bniadanie, w smoothie, jogurcie, deserze lub jako dodatek oraz podczas przygotowywania posi\u0142ku.<\/p>\n<p>Nasz liofilizowany ananas sk\u0142ada si\u0119 w 100% z czystego owocu najwy\u017cszej jako\u015bci. Dost\u0119pny w ekonomicznym opakowaniu zbiorczym.<\/p>\n<p><strong>Sk\u0142adniki: 100% Ananas<\/strong><\/p>\n<\/div>","protected":false},"excerpt":{"rendered":"<p>Get into tropical spheres and try our flavorful pieces of freeze-dried pineapple! Surprise yourself or your kids with this crunchy sensation, whose not only taste but also nutrients are almost completely preserved. The carefully selected pineapple pieces are lightweight and melt in your mouth. You can consume them at any time of the day; at [&hellip;]<\/p>","protected":false},"featured_media":2834,"comment_status":"open","ping_status":"closed","template":"","meta":[],"product_brand":[],"product_cat":[99,94],"product_tag":[],"class_list":{"0":"post-2835","1":"product","2":"type-product","3":"status-publish","4":"has-post-thumbnail","6":"product_cat-pineapple-whole-sale","7":"product_cat-whole-sale","9":"first","10":"instock","11":"shipping-taxable","12":"purchasable","13":"product-type-simple"},"_links":{"self":[{"href":"https:\/\/accido.pl\/pl\/wp-json\/wp\/v2\/product\/2835","targetHints":{"allow":["GET"]}}],"collection":[{"href":"https:\/\/accido.pl\/pl\/wp-json\/wp\/v2\/product"}],"about":[{"href":"https:\/\/accido.pl\/pl\/wp-json\/wp\/v2\/types\/product"}],"replies":[{"embeddable":true,"href":"https:\/\/accido.pl\/pl\/wp-json\/wp\/v2\/comments?post=2835"}],"wp:featuredmedia":[{"embeddable":true,"href":"https:\/\/accido.pl\/pl\/wp-json\/wp\/v2\/media\/2834"}],"wp:attachment":[{"href":"https:\/\/accido.pl\/pl\/wp-json\/wp\/v2\/media?parent=2835"}],"wp:term":[{"taxonomy":"product_brand","embeddable":true,"href":"https:\/\/accido.pl\/pl\/wp-json\/wp\/v2\/product_brand?post=2835"},{"taxonomy":"product_cat","embeddable":true,"href":"https:\/\/accido.pl\/pl\/wp-json\/wp\/v2\/product_cat?post=2835"},{"taxonomy":"product_tag","embeddable":true,"href":"https:\/\/accido.pl\/pl\/wp-json\/wp\/v2\/product_tag?post=2835"}],"curies":[{"name":"wp","href":"https:\/\/api.w.org\/{rel}","templated":true}]}}