{"id":2832,"date":"2025-06-01T18:05:57","date_gmt":"2025-06-01T18:05:57","guid":{"rendered":"https:\/\/accido.pl\/product\/powerful-banana-powder-large-pack\/"},"modified":"2025-06-01T18:05:57","modified_gmt":"2025-06-01T18:05:57","slug":"powerful-banana-powder-large-pack","status":"publish","type":"product","link":"https:\/\/accido.pl\/pl\/produkt\/powerful-banana-powder-large-pack\/","title":{"rendered":"Pot\u0119\u017cny Proszek Bananowy Du\u017ce Opakowanie"},"content":{"rendered":"<div aria-labelledby=\"tab-title-description\" class=\"woocommerce-Tabs-panel woocommerce-Tabs-panel--description panel entry-content wc-tab\" id=\"tab-description\" role=\"tabpanel\">\n<p>Naturalnie s\u0142odki smak, kt\u00f3ry zawieraj\u0105 banany, jest r\u00f3wnie wyrazisty w naszym liofilizowanym proszku bananowym. Czy wiesz, \u017ce 100 gram\u00f3w tego super skoncentrowanego proszku owocowego odpowiada 800 gramom \u015bwie\u017cych banan\u00f3w?<\/p>\n<p>Du\u017c\u0105 zalet\u0105 jest to, \u017ce nigdy nie musisz mie\u0107 do czynienia z bananami, kt\u00f3re s\u0105 zbyt dojrza\u0142e lub niedojrza\u0142e, wi\u0119c zawsze smakuj\u0105 idealnie i s\u0105 gotowe do u\u017cycia od razu!<\/p>\n<p>Jako zamiennik cukru lub innych s\u0142odzik\u00f3w, ten mocny proszek bananowy \u015bwietnie smakuje w smoothie, koktajlach, twarogu lub jogurcie. R\u00f3wnie\u017c idealny do w\u0142\u0105czenia do przepis\u00f3w na wypieki.<\/p>\n<p>w tej ekonomicznej paczce zbiorczej mo\u017cesz cieszy\u0107 si\u0119 ni\u0105 jeszcze d\u0142u\u017cej.<\/p>\n<p>Sk\u0142adniki: 100% Liofilizowany proszek bananowy<\/p>\n<\/div>","protected":false},"excerpt":{"rendered":"<p>The deliciously sweet taste that bananas naturally contain is just as emphatic in our freeze-dried banana powder. Did you know that for 100 grams of this super-concentrated fruit powder represents 800 grams of fresh banana? A big advantage is that you never have to deal with bananas that are too ripe or unripe, so they [&hellip;]<\/p>","protected":false},"featured_media":2831,"comment_status":"open","ping_status":"closed","template":"","meta":[],"product_brand":[],"product_cat":[99,94],"product_tag":[],"class_list":{"0":"post-2832","1":"product","2":"type-product","3":"status-publish","4":"has-post-thumbnail","6":"product_cat-pineapple-whole-sale","7":"product_cat-whole-sale","9":"first","10":"instock","11":"shipping-taxable","12":"purchasable","13":"product-type-simple"},"_links":{"self":[{"href":"https:\/\/accido.pl\/pl\/wp-json\/wp\/v2\/product\/2832","targetHints":{"allow":["GET"]}}],"collection":[{"href":"https:\/\/accido.pl\/pl\/wp-json\/wp\/v2\/product"}],"about":[{"href":"https:\/\/accido.pl\/pl\/wp-json\/wp\/v2\/types\/product"}],"replies":[{"embeddable":true,"href":"https:\/\/accido.pl\/pl\/wp-json\/wp\/v2\/comments?post=2832"}],"wp:featuredmedia":[{"embeddable":true,"href":"https:\/\/accido.pl\/pl\/wp-json\/wp\/v2\/media\/2831"}],"wp:attachment":[{"href":"https:\/\/accido.pl\/pl\/wp-json\/wp\/v2\/media?parent=2832"}],"wp:term":[{"taxonomy":"product_brand","embeddable":true,"href":"https:\/\/accido.pl\/pl\/wp-json\/wp\/v2\/product_brand?post=2832"},{"taxonomy":"product_cat","embeddable":true,"href":"https:\/\/accido.pl\/pl\/wp-json\/wp\/v2\/product_cat?post=2832"},{"taxonomy":"product_tag","embeddable":true,"href":"https:\/\/accido.pl\/pl\/wp-json\/wp\/v2\/product_tag?post=2832"}],"curies":[{"name":"wp","href":"https:\/\/api.w.org\/{rel}","templated":true}]}}