{"id":2829,"date":"2025-06-01T18:05:31","date_gmt":"2025-06-01T18:05:31","guid":{"rendered":"https:\/\/accido.pl\/product\/powerful-orange-powder-large-package\/"},"modified":"2025-06-01T18:05:31","modified_gmt":"2025-06-01T18:05:31","slug":"powerful-orange-powder-large-package","status":"publish","type":"product","link":"https:\/\/accido.pl\/pl\/produkt\/powerful-orange-powder-large-package\/","title":{"rendered":"Pot\u0119\u017cny Proszek Pomara\u0144czowy Du\u017ce Opakowanie"},"content":{"rendered":"<div aria-labelledby=\"tab-title-description\" class=\"woocommerce-Tabs-panel woocommerce-Tabs-panel--description panel entry-content wc-tab\" id=\"tab-description\" role=\"tabpanel\">\n<p>Pot\u0119\u017cny proszek pomara\u0144czowy to prawdziwe odkrycie dla mi\u0142o\u015bnik\u00f3w cytrus\u00f3w. Ten czysty koncentrat nie zawiera \u017cadnych dodatk\u00f3w, zachowuj\u0105c zar\u00f3wno smak, jak i tekstur\u0119 w maksymalnym stopniu.<\/p>\n<p>Aby cieszy\u0107 si\u0119 pysznym pomara\u0144czowym smakiem, nie musisz ju\u017c polega\u0107 na \u015bwie\u017cych pomara\u0144czach. Mo\u017cesz przygotowa\u0107 wyj\u0105tkowe napoje, koktajle i smoothie, u\u017cywaj\u0105c zaledwie kilku \u0142y\u017ceczek tego smacznego i intensywnego proszku owocowego. Dodaj\u0105c go do wypiek\u00f3w, takich jak babeczki, mo\u017cesz stworzy\u0107 prawdziw\u0105 uczt\u0119 dla podniebienia dzi\u0119ki temu cytrusowemu proszkowi.<\/p>\n<p>Proszek pomara\u0144czowy liofilizowany sk\u0142ada si\u0119 w 100% z pomara\u0144czy. W du\u017cym opakowaniu 1-kilogramowym ten mocny proszek pomara\u0144czowy zachowuje \u015bwie\u017co\u015b\u0107 przez bardzo d\u0142ugi czas, pod warunkiem \u017ce przechowujesz go w ch\u0142odnym, suchym, ciemnym miejscu i szczelnie zamkni\u0119ty.<\/p>\n<p>\u00a0<\/p>\n<p>Sk\u0142adniki: 100% Liofilizowana pomara\u0144cza<\/p>\n<p>\u00a0<\/p>\n<\/div>","protected":false},"excerpt":{"rendered":"<p>Powerful orange powder is a true discovery for the citrus lover. This pure concentrate has no additives whatsoever, preserving both taste and texture to the maximum. For a delicious orange flavor, you no longer depend on fresh oranges, but can make super tasty drinks, shakes and smoothies with just a few teaspoons of this delicious [&hellip;]<\/p>","protected":false},"featured_media":2828,"comment_status":"open","ping_status":"closed","template":"","meta":[],"product_brand":[],"product_cat":[96,94],"product_tag":[],"class_list":{"0":"post-2829","1":"product","2":"type-product","3":"status-publish","4":"has-post-thumbnail","6":"product_cat-dried-fruit-whole-sale","7":"product_cat-whole-sale","9":"first","10":"instock","11":"shipping-taxable","12":"purchasable","13":"product-type-simple"},"_links":{"self":[{"href":"https:\/\/accido.pl\/pl\/wp-json\/wp\/v2\/product\/2829","targetHints":{"allow":["GET"]}}],"collection":[{"href":"https:\/\/accido.pl\/pl\/wp-json\/wp\/v2\/product"}],"about":[{"href":"https:\/\/accido.pl\/pl\/wp-json\/wp\/v2\/types\/product"}],"replies":[{"embeddable":true,"href":"https:\/\/accido.pl\/pl\/wp-json\/wp\/v2\/comments?post=2829"}],"wp:featuredmedia":[{"embeddable":true,"href":"https:\/\/accido.pl\/pl\/wp-json\/wp\/v2\/media\/2828"}],"wp:attachment":[{"href":"https:\/\/accido.pl\/pl\/wp-json\/wp\/v2\/media?parent=2829"}],"wp:term":[{"taxonomy":"product_brand","embeddable":true,"href":"https:\/\/accido.pl\/pl\/wp-json\/wp\/v2\/product_brand?post=2829"},{"taxonomy":"product_cat","embeddable":true,"href":"https:\/\/accido.pl\/pl\/wp-json\/wp\/v2\/product_cat?post=2829"},{"taxonomy":"product_tag","embeddable":true,"href":"https:\/\/accido.pl\/pl\/wp-json\/wp\/v2\/product_tag?post=2829"}],"curies":[{"name":"wp","href":"https:\/\/api.w.org\/{rel}","templated":true}]}}