{"id":2826,"date":"2025-06-01T18:05:08","date_gmt":"2025-06-01T18:05:08","guid":{"rendered":"https:\/\/accido.pl\/product\/powerful-pomegranate-powder-large-pack\/"},"modified":"2025-06-01T18:05:08","modified_gmt":"2025-06-01T18:05:08","slug":"powerful-pomegranate-powder-large-pack","status":"publish","type":"product","link":"https:\/\/accido.pl\/pl\/produkt\/powerful-pomegranate-powder-large-pack\/","title":{"rendered":"Pot\u0119\u017cny Proszek z Granatu Du\u017ce Opakowanie"},"content":{"rendered":"<div aria-labelledby=\"tab-title-description\" class=\"woocommerce-Tabs-panel woocommerce-Tabs-panel--description panel entry-content wc-tab\" id=\"tab-description\" role=\"tabpanel\">\n<p>Ostro\u017cnie wyciskaj\u0105c i usuwaj\u0105c wilgo\u0107 z granatu, sok jest liofilizowany do postaci proszku, tworz\u0105c pot\u0119\u017cny proszek z granatu, kt\u00f3ry oferujemy, a teraz dost\u0119pny jest r\u00f3wnie\u017c w naszej ekonomicznej opakowaniu zbiorczym o wadze 1 kilograma.<\/p>\n<p>Ten r\u00f3\u017cowy proszek owocowy jest super skoncentrowany i nie zawiera \u017cadnych sztucznych dodatk\u00f3w.<\/p>\n<p>Mo\u017cesz poczu\u0107 smak 100% czystych granat\u00f3w w ich pysznie \u015bwie\u017cym aromacie. Kilka \u0142y\u017cek mocnego proszku z granatu w soku owocowym, smoothie czy jogurcie smakuje zaskakuj\u0105co pysznie. Liofilizowany proszek z granatu jest r\u00f3wnie\u017c \u015bwietnym dodatkiem do marynat i sos\u00f3w sa\u0142atkowych. Jako sk\u0142adnik jest prawdziwym skarbem w ka\u017cdej kuchni.<\/p>\n<\/div>","protected":false},"excerpt":{"rendered":"<p>By carefully squeezing and removing moisture pomegranate sits, the juice is freeze-dried into powder, creating the potent pomegranate powder as we offer and now also available in our economical 1-kilogram bulk packaging. This pink fruit powder is super-concentrated without any artificial additives. You can taste the 100% pure pomegranates in the deliciously fresh taste. A [&hellip;]<\/p>","protected":false},"featured_media":2825,"comment_status":"open","ping_status":"closed","template":"","meta":[],"product_brand":[],"product_cat":[96,94],"product_tag":[],"class_list":{"0":"post-2826","1":"product","2":"type-product","3":"status-publish","4":"has-post-thumbnail","6":"product_cat-dried-fruit-whole-sale","7":"product_cat-whole-sale","9":"first","10":"instock","11":"shipping-taxable","12":"purchasable","13":"product-type-simple"},"_links":{"self":[{"href":"https:\/\/accido.pl\/pl\/wp-json\/wp\/v2\/product\/2826","targetHints":{"allow":["GET"]}}],"collection":[{"href":"https:\/\/accido.pl\/pl\/wp-json\/wp\/v2\/product"}],"about":[{"href":"https:\/\/accido.pl\/pl\/wp-json\/wp\/v2\/types\/product"}],"replies":[{"embeddable":true,"href":"https:\/\/accido.pl\/pl\/wp-json\/wp\/v2\/comments?post=2826"}],"wp:featuredmedia":[{"embeddable":true,"href":"https:\/\/accido.pl\/pl\/wp-json\/wp\/v2\/media\/2825"}],"wp:attachment":[{"href":"https:\/\/accido.pl\/pl\/wp-json\/wp\/v2\/media?parent=2826"}],"wp:term":[{"taxonomy":"product_brand","embeddable":true,"href":"https:\/\/accido.pl\/pl\/wp-json\/wp\/v2\/product_brand?post=2826"},{"taxonomy":"product_cat","embeddable":true,"href":"https:\/\/accido.pl\/pl\/wp-json\/wp\/v2\/product_cat?post=2826"},{"taxonomy":"product_tag","embeddable":true,"href":"https:\/\/accido.pl\/pl\/wp-json\/wp\/v2\/product_tag?post=2826"}],"curies":[{"name":"wp","href":"https:\/\/api.w.org\/{rel}","templated":true}]}}