{"id":2823,"date":"2025-06-01T18:04:43","date_gmt":"2025-06-01T18:04:43","guid":{"rendered":"https:\/\/accido.pl\/product\/powerful-beetroot-powder-large-package\/"},"modified":"2025-06-01T18:04:43","modified_gmt":"2025-06-01T18:04:43","slug":"powerful-beetroot-powder-large-package","status":"publish","type":"product","link":"https:\/\/accido.pl\/pl\/produkt\/powerful-beetroot-powder-large-package\/","title":{"rendered":"Pot\u0119\u017cny Proszek z Buraka Du\u017ce Opakowanie"},"content":{"rendered":"<div aria-labelledby=\"tab-title-description\" class=\"woocommerce-Tabs-panel woocommerce-Tabs-panel--description panel entry-content wc-tab\" id=\"tab-description\" role=\"tabpanel\">\n<p>Je\u015bli nie ze wzgl\u0119du na smak naszego mocnego proszku z czerwonego buraka, to intensywny czerwony\/fioletowy kolor jest decyduj\u0105cym czynnikiem przy zakupie tego liofilizowanego proszku warzywnego.<\/p>\n<p>Liofilizowany proszek z buraka jest wysoko skoncentrowany. Ekstrakt w proszku ma bardzo d\u0142ugi okres przydatno\u015bci do spo\u017cycia i jest teraz dost\u0119pny w opakowaniu zbiorczym o wadze jednego kilograma.<\/p>\n<p>Atut dla Twojej kuchni, poniewa\u017c mo\u017cesz wzbogaci\u0107 r\u00f3\u017cnego rodzaju koktajle i sosy jego delikatnym aromatem. Mo\u017ce by\u0107 r\u00f3wnie\u017c u\u017cywany jako naturalny barwnik do takich rzeczy jak makaron czy desery.<\/p>\n<p>Pot\u0119\u017cny proszek z buraka \u0107wik\u0142owego jest wytwarzany z <span>100%<\/span> buraka \u0107wik\u0142owego<\/p>\n<p>Sk\u0142adniki: <span>100%<\/span> Burak czerwony<\/p>\n<\/div>","protected":false},"excerpt":{"rendered":"<p>If not for the taste of our potent red beet powder, it is the intense red\/purple color that is the deciding factor to purchase this freeze-dried vegetable powder. Freeze-dried beet powder is highly concentrated. The powdered extract has a very long shelf life and is now available in a one-kilogram bulk pack. An asset for [&hellip;]<\/p>","protected":false},"featured_media":2822,"comment_status":"open","ping_status":"closed","template":"","meta":[],"product_brand":[],"product_cat":[96,94],"product_tag":[],"class_list":{"0":"post-2823","1":"product","2":"type-product","3":"status-publish","4":"has-post-thumbnail","6":"product_cat-dried-fruit-whole-sale","7":"product_cat-whole-sale","9":"first","10":"instock","11":"shipping-taxable","12":"purchasable","13":"product-type-simple"},"_links":{"self":[{"href":"https:\/\/accido.pl\/pl\/wp-json\/wp\/v2\/product\/2823","targetHints":{"allow":["GET"]}}],"collection":[{"href":"https:\/\/accido.pl\/pl\/wp-json\/wp\/v2\/product"}],"about":[{"href":"https:\/\/accido.pl\/pl\/wp-json\/wp\/v2\/types\/product"}],"replies":[{"embeddable":true,"href":"https:\/\/accido.pl\/pl\/wp-json\/wp\/v2\/comments?post=2823"}],"wp:featuredmedia":[{"embeddable":true,"href":"https:\/\/accido.pl\/pl\/wp-json\/wp\/v2\/media\/2822"}],"wp:attachment":[{"href":"https:\/\/accido.pl\/pl\/wp-json\/wp\/v2\/media?parent=2823"}],"wp:term":[{"taxonomy":"product_brand","embeddable":true,"href":"https:\/\/accido.pl\/pl\/wp-json\/wp\/v2\/product_brand?post=2823"},{"taxonomy":"product_cat","embeddable":true,"href":"https:\/\/accido.pl\/pl\/wp-json\/wp\/v2\/product_cat?post=2823"},{"taxonomy":"product_tag","embeddable":true,"href":"https:\/\/accido.pl\/pl\/wp-json\/wp\/v2\/product_tag?post=2823"}],"curies":[{"name":"wp","href":"https:\/\/api.w.org\/{rel}","templated":true}]}}