{"id":2745,"date":"2025-06-01T15:05:58","date_gmt":"2025-06-01T15:05:58","guid":{"rendered":"https:\/\/accido.pl\/product\/cranberries-with-apple-syrup\/"},"modified":"2025-06-01T15:06:01","modified_gmt":"2025-06-01T15:06:01","slug":"cranberries-with-apple-syrup","status":"publish","type":"product","link":"https:\/\/accido.pl\/pl\/produkt\/cranberries-with-apple-syrup\/","title":{"rendered":"\u017burawiny z syropem jab\u0142kowym"},"content":{"rendered":"<article class=\"product-info text-wrapper pb-4 sm:pb-0 border-b border-primary-darker sm:border-0 open\" data-id=\"i2\" id=\"short-description\">\n<div class=\"container mx-auto flex py-1 my-2 sm:mt-5 sm:mb-3 md:flex-row cursor-pointer sm:cursor-default\">\n<h2 class=\"flex text-2xl title-font font-bold text-left w-full\">Opis<\/p>\n<\/h2>\n<\/div>\n<div class=\"w-full section text-15 font-light\">\n<div class=\"content\">\n<p>Poniewa\u017c te suszone \u017curawiny s\u0105 s\u0142odzone naturalnymi cukrami z soku jab\u0142kowego, zawieraj\u0105 mniej kalorii i w\u0119glowodan\u00f3w. Po wysuszeniu jagody s\u0105 spryskiwane olejem s\u0142onecznikowym.<\/p>\n<p>Te jagody z syropem jab\u0142kowym s\u0105 zdrow\u0105 przek\u0105sk\u0105. Jedz je prosto z r\u0119ki. Albo posyp gar\u015bci\u0105 twar\u00f3g. W ten spos\u00f3b dostarczysz sobie dodatkowych witamin, b\u0142onnika i przeciwutleniaczy. Zawieraj\u0105 te\u017c proantocyjanidyny. Dzi\u0119ki temu \u017curawina mo\u017ce nawet chroni\u0107 przed infekcjami p\u0119cherza!<\/p>\n<\/div>\n<\/div>\n<\/article>\n<article class=\"product-info text-wrapper open pb-4 sm:pb-0 border-b border-primary-darker sm:border-0\" data-id=\"i21\" id=\"product-attributes-21\">\n<div class=\"container mx-auto flex py-1 my-2 sm:mt-5 sm:mb-3 md:flex-row cursor-pointer sm:cursor-default\">\n<h2 class=\"flex text-2xl title-font font-bold text-left w-full\">Warto\u015b\u0107 od\u017cywcza na 100 gram\u00f3w<\/p>\n<\/h2>\n<\/div>\n<div class=\"w-full section text-15 font-light\">\n<div class=\"table-wrapper max-w-prose overflow-x-auto\" id=\"product-attributes-21-data\">\n<table class=\"additional-attributes w-full\">\n<tr class=\"border-b border-gray-300 last:border-b-0\">\n<th class=\"col label w-1\/2 py-2 text-left text-gray-700 font-normal product-attribute-label\" scope=\"row\">Energia (kJ)<\/th>\n<td class=\"col data w-1\/2 py-2 pl-2 text-left text-gray-900 product-attribute-value\" data-th=\"Energie (KJ)\">1180<\/td>\n<\/tr>\n<tr class=\"border-b border-gray-300 last:border-b-0\">\n<th class=\"col label w-1\/2 py-2 text-left text-gray-700 font-normal product-attribute-label\" scope=\"row\">Energia (kalorie)<\/th>\n<td class=\"col data w-1\/2 py-2 pl-2 text-left text-gray-900 product-attribute-value\" data-th=\"Energie (kcal)\">281<\/td>\n<\/tr>\n<tr class=\"border-b border-gray-300 last:border-b-0\">\n<th class=\"col label w-1\/2 py-2 text-left text-gray-700 font-normal product-attribute-label\" scope=\"row\">T\u0142uszcze<\/th>\n<td class=\"col data w-1\/2 py-2 pl-2 text-left text-gray-900 product-attribute-value\" data-th=\"Totaal vet\">1,5 g<\/td>\n<\/tr>\n<tr class=\"border-b border-gray-300 last:border-b-0\">\n<th class=\"col label w-1\/2 py-2 text-left text-gray-700 font-normal product-attribute-label\" scope=\"row\">T\u0142uszcz nasycony<\/th>\n<td class=\"col data w-1\/2 py-2 pl-2 text-left text-gray-900 product-attribute-value\" data-th=\"Verzadigd vet\">0,1 g<\/td>\n<\/tr>\n<tr class=\"border-b border-gray-300 last:border-b-0\">\n<th class=\"col label w-1\/2 py-2 text-left text-gray-700 font-normal product-attribute-label\" scope=\"row\">Jednonienasycone t\u0142uszcze<\/th>\n<td class=\"col data w-1\/2 py-2 pl-2 text-left text-gray-900 product-attribute-value\" data-th=\"Enkelvoudig onverzadigd vet\">0,1 g<\/td>\n<\/tr>\n<tr class=\"border-b border-gray-300 last:border-b-0\">\n<th class=\"col label w-1\/2 py-2 text-left text-gray-700 font-normal product-attribute-label\" scope=\"row\">Wielonienasycony t\u0142uszcz<\/th>\n<td class=\"col data w-1\/2 py-2 pl-2 text-left text-gray-900 product-attribute-value\" data-th=\"Meervoudig onverzadigd vet\">1.1 g<\/td>\n<\/tr>\n<tr class=\"border-b border-gray-300 last:border-b-0\">\n<th class=\"col label w-1\/2 py-2 text-left text-gray-700 font-normal product-attribute-label\" scope=\"row\">W\u0119glowodany<\/th>\n<td class=\"col data w-1\/2 py-2 pl-2 text-left text-gray-900 product-attribute-value\" data-th=\"Koolhydraten\">52,1 g<\/td>\n<\/tr>\n<tr class=\"border-b border-gray-300 last:border-b-0\">\n<th class=\"col label w-1\/2 py-2 text-left text-gray-700 font-normal product-attribute-label\" scope=\"row\">Z cukr\u00f3w<\/th>\n<td class=\"col data w-1\/2 py-2 pl-2 text-left text-gray-900 product-attribute-value\" data-th=\"Waarvan suikers\">50,7 g<\/td>\n<\/tr>\n<tr class=\"border-b border-gray-300 last:border-b-0\">\n<th class=\"col label w-1\/2 py-2 text-left text-gray-700 font-normal product-attribute-label\" scope=\"row\">Bia\u0142ka<\/th>\n<td class=\"col data w-1\/2 py-2 pl-2 text-left text-gray-900 product-attribute-value\" data-th=\"Eiwitten\">3,3 g<\/td>\n<\/tr>\n<tr class=\"border-b border-gray-300 last:border-b-0\">\n<th class=\"col label w-1\/2 py-2 text-left text-gray-700 font-normal product-attribute-label\" scope=\"row\">S\u00f3l<\/th>\n<td class=\"col data w-1\/2 py-2 pl-2 text-left text-gray-900 product-attribute-value\" data-th=\"Zout\">0,051 g<\/td>\n<\/tr>\n<tr class=\"border-b border-gray-300 last:border-b-0\">\n<th class=\"col label w-1\/2 py-2 text-left text-gray-700 font-normal product-attribute-label\" scope=\"row\">W\u0142\u00f3kna<\/th>\n<td class=\"col data w-1\/2 py-2 pl-2 text-left text-gray-900 product-attribute-value\" data-th=\"Vezels\">22,9 g<\/td>\n<\/tr>\n<tr class=\"border-b border-gray-300 last:border-b-0\">\n<th class=\"col label w-1\/2 py-2 text-left text-gray-700 font-normal product-attribute-label\" scope=\"row\">S\u00f3d<\/th>\n<td class=\"col data w-1\/2 py-2 pl-2 text-left text-gray-900 product-attribute-value\" data-th=\"Natrium\">20,4 mg<\/td>\n<\/tr>\n<\/table>\n<\/div>\n<\/div>\n<p><button class=\"show-hide flex justify-left gap-2 text-secondary\"><br \/>\n<span class=\"inline-block font-bold text-[0.875rem]\">Wi\u0119cej<\/span><br \/>\n<span class=\"inline-block font-bold text-[0.875rem] hidden\">Mniej<\/span><\/p>\n<p><\/button><br \/>\n<\/article>\n<article class=\"product-info text-wrapper open pb-4 sm:pb-0 border-b border-primary-darker sm:border-0\" data-id=\"i22\" id=\"product-attributes-22\">\n<div class=\"container mx-auto flex py-1 my-2 sm:mt-5 sm:mb-3 md:flex-row cursor-pointer sm:cursor-default\">\n<h2 class=\"flex text-2xl title-font font-bold text-left w-full\">Alergeny<\/p>\n<\/h2>\n<\/div>\n<div class=\"w-full section text-15 font-light\">\n<div class=\"table-wrapper max-w-prose overflow-x-auto\" id=\"product-attributes-22-data\">\n<table class=\"additional-attributes w-full\">\n<tr class=\"border-b border-gray-300 last:border-b-0\">\n<th class=\"col label w-1\/2 py-2 text-left text-gray-700 font-normal product-attribute-label\" scope=\"row\">Kakao<\/th>\n<td class=\"col data w-1\/2 py-2 pl-2 text-left text-gray-900 product-attribute-value\" data-th=\"Cacao\">Nie<\/td>\n<\/tr>\n<tr class=\"border-b border-gray-300 last:border-b-0\">\n<th class=\"col label w-1\/2 py-2 text-left text-gray-700 font-normal product-attribute-label\" scope=\"row\">Jajka<\/th>\n<td class=\"col data w-1\/2 py-2 pl-2 text-left text-gray-900 product-attribute-value\" data-th=\"Eieren\">Nie<\/td>\n<\/tr>\n<tr class=\"border-b border-gray-300 last:border-b-0\">\n<th class=\"col label w-1\/2 py-2 text-left text-gray-700 font-normal product-attribute-label\" scope=\"row\">Glutaminian (E620 do E625)<\/th>\n<td class=\"col data w-1\/2 py-2 pl-2 text-left text-gray-900 product-attribute-value\" data-th=\"Glutamaat (E620 t\/m E625)\">Nie<\/td>\n<\/tr>\n<tr class=\"border-b border-gray-300 last:border-b-0\">\n<th class=\"col label w-1\/2 py-2 text-left text-gray-700 font-normal product-attribute-label\" scope=\"row\">Ziarna zawieraj\u0105ce gluten<\/th>\n<td class=\"col data w-1\/2 py-2 pl-2 text-left text-gray-900 product-attribute-value\" data-th=\"Glutenbevattende granen\">Tak<\/td>\n<\/tr>\n<tr class=\"border-b border-gray-300 last:border-b-0\">\n<th class=\"col label w-1\/2 py-2 text-left text-gray-700 font-normal product-attribute-label\" scope=\"row\">Mi\u0119so z kurczaka<\/th>\n<td class=\"col data w-1\/2 py-2 pl-2 text-left text-gray-900 product-attribute-value\" data-th=\"Kippenvlees\">Nie<\/td>\n<\/tr>\n<tr class=\"border-b border-gray-300 last:border-b-0\">\n<th class=\"col label w-1\/2 py-2 text-left text-gray-700 font-normal product-attribute-label\" scope=\"row\">Kolendra<\/th>\n<td class=\"col data w-1\/2 py-2 pl-2 text-left text-gray-900 product-attribute-value\" data-th=\"Koriander\">Nie<\/td>\n<\/tr>\n<tr class=\"border-b border-gray-300 last:border-b-0\">\n<th class=\"col label w-1\/2 py-2 text-left text-gray-700 font-normal product-attribute-label\" scope=\"row\">\u0141ubin<\/th>\n<td class=\"col data w-1\/2 py-2 pl-2 text-left text-gray-900 product-attribute-value\" data-th=\"Lupine\">Nie<\/td>\n<\/tr>\n<tr class=\"border-b border-gray-300 last:border-b-0\">\n<th class=\"col label w-1\/2 py-2 text-left text-gray-700 font-normal product-attribute-label\" scope=\"row\">Ale<\/th>\n<td class=\"col data w-1\/2 py-2 pl-2 text-left text-gray-900 product-attribute-value\" data-th=\"Mais\">Nie<\/td>\n<\/tr>\n<tr class=\"border-b border-gray-300 last:border-b-0\">\n<th class=\"col label w-1\/2 py-2 text-left text-gray-700 font-normal product-attribute-label\" scope=\"row\">Mleko<\/th>\n<td class=\"col data w-1\/2 py-2 pl-2 text-left text-gray-900 product-attribute-value\" data-th=\"Melk\">Nie<\/td>\n<\/tr>\n<tr class=\"border-b border-gray-300 last:border-b-0\">\n<th class=\"col label w-1\/2 py-2 text-left text-gray-700 font-normal product-attribute-label\" scope=\"row\">Musztarda<\/th>\n<td class=\"col data w-1\/2 py-2 pl-2 text-left text-gray-900 product-attribute-value\" data-th=\"Mosterd\">Nie<\/td>\n<\/tr>\n<tr class=\"border-b border-gray-300 last:border-b-0\">\n<th class=\"col label w-1\/2 py-2 text-left text-gray-700 font-normal product-attribute-label\" scope=\"row\">Orzechy<\/th>\n<td class=\"col data w-1\/2 py-2 pl-2 text-left text-gray-900 product-attribute-value\" data-th=\"Noten\">Tak<\/td>\n<\/tr>\n<tr class=\"border-b border-gray-300 last:border-b-0\">\n<th class=\"col label w-1\/2 py-2 text-left text-gray-700 font-normal product-attribute-label\" scope=\"row\">Ro\u015bliny str\u0105czkowe<\/th>\n<td class=\"col data w-1\/2 py-2 pl-2 text-left text-gray-900 product-attribute-value\" data-th=\"Peulvruchten\">Nie<\/td>\n<\/tr>\n<tr class=\"border-b border-gray-300 last:border-b-0\">\n<th class=\"col label w-1\/2 py-2 text-left text-gray-700 font-normal product-attribute-label\" scope=\"row\">Orzech ziemny<\/th>\n<td class=\"col data w-1\/2 py-2 pl-2 text-left text-gray-900 product-attribute-value\" data-th=\"Pinda\">Tak<\/td>\n<\/tr>\n<tr class=\"border-b border-gray-300 last:border-b-0\">\n<th class=\"col label w-1\/2 py-2 text-left text-gray-700 font-normal product-attribute-label\" scope=\"row\">\u017byto<\/th>\n<td class=\"col data w-1\/2 py-2 pl-2 text-left text-gray-900 product-attribute-value\" data-th=\"Rogge\">Nie<\/td>\n<\/tr>\n<tr class=\"border-b border-gray-300 last:border-b-0\">\n<th class=\"col label w-1\/2 py-2 text-left text-gray-700 font-normal product-attribute-label\" scope=\"row\">Wo\u0142owina<\/th>\n<td class=\"col data w-1\/2 py-2 pl-2 text-left text-gray-900 product-attribute-value\" data-th=\"Rundvlees\">Nie<\/td>\n<\/tr>\n<tr class=\"border-b border-gray-300 last:border-b-0\">\n<th class=\"col label w-1\/2 py-2 text-left text-gray-700 font-normal product-attribute-label\" scope=\"row\">Skorupiaki<\/th>\n<td class=\"col data w-1\/2 py-2 pl-2 text-left text-gray-900 product-attribute-value\" data-th=\"Schaaldieren\">Nie<\/td>\n<\/tr>\n<tr class=\"border-b border-gray-300 last:border-b-0\">\n<th class=\"col label w-1\/2 py-2 text-left text-gray-700 font-normal product-attribute-label\" scope=\"row\">Seler<\/th>\n<td class=\"col data w-1\/2 py-2 pl-2 text-left text-gray-900 product-attribute-value\" data-th=\"Selderij\">Nie<\/td>\n<\/tr>\n<tr class=\"border-b border-gray-300 last:border-b-0\">\n<th class=\"col label w-1\/2 py-2 text-left text-gray-700 font-normal product-attribute-label\" scope=\"row\">Nasionko sezamu<\/th>\n<td class=\"col data w-1\/2 py-2 pl-2 text-left text-gray-900 product-attribute-value\" data-th=\"Sesamzaad\">Tak<\/td>\n<\/tr>\n<tr class=\"border-b border-gray-300 last:border-b-0\">\n<th class=\"col label w-1\/2 py-2 text-left text-gray-700 font-normal product-attribute-label\" scope=\"row\">Soja<\/th>\n<td class=\"col data w-1\/2 py-2 pl-2 text-left text-gray-900 product-attribute-value\" data-th=\"Soja\">Tak<\/td>\n<\/tr>\n<tr class=\"border-b border-gray-300 last:border-b-0\">\n<th class=\"col label w-1\/2 py-2 text-left text-gray-700 font-normal product-attribute-label\" scope=\"row\">Wieprzowina<\/th>\n<td class=\"col data w-1\/2 py-2 pl-2 text-left text-gray-900 product-attribute-value\" data-th=\"Varkensvlees\">Nie<\/td>\n<\/tr>\n<tr class=\"border-b border-gray-300 last:border-b-0\">\n<th class=\"col label w-1\/2 py-2 text-left text-gray-700 font-normal product-attribute-label\" scope=\"row\">Ryba<\/th>\n<td class=\"col data w-1\/2 py-2 pl-2 text-left text-gray-900 product-attribute-value\" data-th=\"Vis\">Nie<\/td>\n<\/tr>\n<tr class=\"border-b border-gray-300 last:border-b-0\">\n<th class=\"col label w-1\/2 py-2 text-left text-gray-700 font-normal product-attribute-label\" scope=\"row\">Ma\u0142e zwierz\u0119ta<\/th>\n<td class=\"col data w-1\/2 py-2 pl-2 text-left text-gray-900 product-attribute-value\" data-th=\"Weekdieren\">Nie<\/td>\n<\/tr>\n<tr class=\"border-b border-gray-300 last:border-b-0\">\n<th class=\"col label w-1\/2 py-2 text-left text-gray-700 font-normal product-attribute-label\" scope=\"row\">Marchewka<\/th>\n<td class=\"col data w-1\/2 py-2 pl-2 text-left text-gray-900 product-attribute-value\" data-th=\"Wortel\">Nie<\/td>\n<\/tr>\n<tr class=\"border-b border-gray-300 last:border-b-0\">\n<th class=\"col label w-1\/2 py-2 text-left text-gray-700 font-normal product-attribute-label\" scope=\"row\">Dwutlenek siarki i siarczyny<\/th>\n<td class=\"col data w-1\/2 py-2 pl-2 text-left text-gray-900 product-attribute-value\" data-th=\"Zwaveldioxide en sulfieten\">Nie<\/td>\n<\/tr>\n<\/table>\n<\/div>\n<\/div>\n<p><button class=\"show-hide flex justify-left gap-2 text-secondary border-0\"><br \/>\n<span class=\"inline-block font-bold text-[0.875rem]\">Wi\u0119cej<\/span><br \/>\n<span class=\"inline-block font-bold text-[0.875rem] hidden\">Mniej<\/span><\/p>\n<p><\/button><br \/>\n<\/article>\n<article class=\"product-info text-wrapper pb-4 sm:pb-0 border-b border-primary-darker sm:border-0\" data-id=\"i99\" id=\"product-attributes-overig\">\n<div class=\"container mx-auto flex py-1 my-2 sm:mt-5 sm:mb-3 md:flex-row cursor-pointer sm:cursor-default\">\n<h2 class=\"flex text-2xl title-font font-bold text-left w-full\">Inne szczeg\u00f3\u0142y<\/p>\n<\/h2>\n<\/div>\n<div class=\"w-full section text-15 font-light\" style=\"max-height: 142px\">\n<div class=\"table-wrapper max-w-prose overflow-x-auto\" id=\"product-attributes-overig-data\">\n<table class=\"additional-attributes w-full\">\n<tr class=\"border-b border-gray-300 last:border-b-0\">\n<th class=\"col label w-1\/2 py-2 align-top text-left text-gray-700 font-normal product-attribute-label\" scope=\"row\">Organiczny<\/th>\n<td class=\"col data w-1\/2 py-2 pl-2 text-left text-gray-900 product-attribute-value\" data-th=\"Biologisch\">\u017badne pochodzenie biologiczne<\/td>\n<\/tr>\n<tr class=\"border-b border-gray-300 last:border-b-0\">\n<th class=\"col label w-1\/2 py-2 align-top text-left text-gray-700 font-normal product-attribute-label\" scope=\"row\">Kraj pochodzenia<\/th>\n<td class=\"col data w-1\/2 py-2 pl-2 text-left text-gray-900 product-attribute-value\" data-th=\"Land van herkomst\">Stany Zjednoczone<\/td>\n<\/tr>\n<tr class=\"border-b border-gray-300 last:border-b-0\">\n<th class=\"col label w-1\/2 py-2 align-top text-left text-gray-700 font-normal product-attribute-label\" scope=\"row\">Sk\u0142adniki<\/th>\n<td class=\"col data w-1\/2 py-2 pl-2 text-left text-gray-900 product-attribute-value\" data-th=\"Ingredi\u00ebnten\">\n<p>\u017burawina, Skoncentrowany sok jab\u0142kowy modyfikowany, Skoncentrowany sok jab\u0142kowy, Olej s\u0142onecznikowy<\/p>\n<p>Mo\u017ce zawiera\u0107 \u015bladowe ilo\u015bci: Zbo\u017ca zawieraj\u0105ce gluten, orzechy, orzeszki ziemne, nasiona sezamu i soj\u0119.<\/p>\n<\/td>\n<\/tr>\n<\/table>\n<\/div>\n<\/div>\n<p><button class=\"show-hide flex justify-left gap-2 text-secondary\"><br \/>\n<span class=\"inline-block font-bold text-[0.875rem]\">Wi\u0119cej<\/span><br \/>\n<span class=\"inline-block font-bold text-[0.875rem] hidden\">Mniej<\/span><\/p>\n<p><\/button><br \/>\n<\/article>","protected":false},"excerpt":{"rendered":"<p>Opis Poniewa\u017c te suszone \u017curawiny s\u0105 s\u0142odzone naturalnymi cukrami z soku jab\u0142kowego, zawieraj\u0105 mniej kalorii i w\u0119glowodan\u00f3w. Po wysuszeniu jagody s\u0105 spryskiwane olejem s\u0142onecznikowym. Te jagody z syropem jab\u0142kowym s\u0105 zdrow\u0105 przek\u0105sk\u0105. Jedz je prosto z r\u0119ki. Lub posyp gar\u015bci\u0105 twar\u00f3g. W ten spos\u00f3b [\u2026]<\/p>","protected":false},"featured_media":2744,"comment_status":"open","ping_status":"closed","template":"","meta":[],"product_brand":[],"product_cat":[90,57],"product_tag":[],"class_list":{"0":"post-2745","1":"product","2":"type-product","3":"status-publish","4":"has-post-thumbnail","6":"product_cat-cranberries","7":"product_cat-dried-fruit","9":"first","10":"instock","11":"shipping-taxable","12":"purchasable","13":"product-type-variable"},"_links":{"self":[{"href":"https:\/\/accido.pl\/pl\/wp-json\/wp\/v2\/product\/2745","targetHints":{"allow":["GET"]}}],"collection":[{"href":"https:\/\/accido.pl\/pl\/wp-json\/wp\/v2\/product"}],"about":[{"href":"https:\/\/accido.pl\/pl\/wp-json\/wp\/v2\/types\/product"}],"replies":[{"embeddable":true,"href":"https:\/\/accido.pl\/pl\/wp-json\/wp\/v2\/comments?post=2745"}],"wp:featuredmedia":[{"embeddable":true,"href":"https:\/\/accido.pl\/pl\/wp-json\/wp\/v2\/media\/2744"}],"wp:attachment":[{"href":"https:\/\/accido.pl\/pl\/wp-json\/wp\/v2\/media?parent=2745"}],"wp:term":[{"taxonomy":"product_brand","embeddable":true,"href":"https:\/\/accido.pl\/pl\/wp-json\/wp\/v2\/product_brand?post=2745"},{"taxonomy":"product_cat","embeddable":true,"href":"https:\/\/accido.pl\/pl\/wp-json\/wp\/v2\/product_cat?post=2745"},{"taxonomy":"product_tag","embeddable":true,"href":"https:\/\/accido.pl\/pl\/wp-json\/wp\/v2\/product_tag?post=2745"}],"curies":[{"name":"wp","href":"https:\/\/api.w.org\/{rel}","templated":true}]}}