{"id":2727,"date":"2025-06-01T14:53:22","date_gmt":"2025-06-01T14:53:22","guid":{"rendered":"https:\/\/accido.pl\/product\/inca-berries\/"},"modified":"2025-06-04T10:40:48","modified_gmt":"2025-06-04T10:40:48","slug":"inca-berries","status":"publish","type":"product","link":"https:\/\/accido.pl\/pl\/produkt\/inca-berries\/","title":{"rendered":"Jagody Ink\u00f3w"},"content":{"rendered":"<article id=\"short-description\" class=\"product-info text-wrapper pb-4 sm:pb-0 border-b border-primary-darker sm:border-0 open\" data-id=\"i2\">\n<div class=\"container mx-auto flex py-1 my-2 sm:mt-5 sm:mb-3 md:flex-row cursor-pointer sm:cursor-default\">\n<h2 class=\"flex text-2xl title-font font-bold text-left w-full\">Opis<\/h2>\n<\/div>\n<div class=\"w-full section text-15 font-light\">\n<div class=\"content\">\n<p>Te pikle to prawdziwa uczta dla podniebienia, je\u015bli lubisz odrobin\u0119 kwaskowato\u015bci. S\u0142odko-kwa\u015bny smak jest przepyszny z twarogiem, zdrowym koktajlem, sa\u0142atk\u0105 lub w\u0142asnymi wypiekami.<\/p>\n<p>Jagody Inca to prawdziwe superfood. Wzmacniaj\u0105 odporno\u015b\u0107 i maj\u0105 nawet dzia\u0142anie przeciwzapalne. Jest to zas\u0142ug\u0105 du\u017cej ilo\u015bci witamin, b\u0142onnika, fosforu, wapnia i bia\u0142ka. Jagody zawieraj\u0105 r\u00f3wnie\u017c bioflawonoidy, polifenole i karotenoidy.<\/p>\n<\/div>\n<\/div>\n<\/article>\n<article id=\"product-attributes-21\" class=\"product-info text-wrapper open pb-4 sm:pb-0 border-b border-primary-darker sm:border-0\" data-id=\"i21\">\n<div class=\"container mx-auto flex py-1 my-2 sm:mt-5 sm:mb-3 md:flex-row cursor-pointer sm:cursor-default\">\n<h2 class=\"flex text-2xl title-font font-bold text-left w-full\">Warto\u015b\u0107 od\u017cywcza na 100 gram\u00f3w<\/h2>\n<\/div>\n<div class=\"w-full section text-15 font-light\">\n<div id=\"product-attributes-21-data\" class=\"table-wrapper max-w-prose overflow-x-auto\">\n<table class=\"additional-attributes w-full\">\n<tbody>\n<tr class=\"border-b border-gray-300 last:border-b-0\">\n<th class=\"col label w-1\/2 py-2 text-left text-gray-700 font-normal product-attribute-label\" scope=\"row\">Energia (kJ)<\/th>\n<td class=\"col data w-1\/2 py-2 pl-2 text-left text-gray-900 product-attribute-value\" data-th=\"Energie (KJ)\">1426,0<\/td>\n<\/tr>\n<tr class=\"border-b border-gray-300 last:border-b-0\">\n<th class=\"col label w-1\/2 py-2 text-left text-gray-700 font-normal product-attribute-label\" scope=\"row\">Energia (kalorie)<\/th>\n<td class=\"col data w-1\/2 py-2 pl-2 text-left text-gray-900 product-attribute-value\" data-th=\"Energie (kcal)\">338,0<\/td>\n<\/tr>\n<tr class=\"border-b border-gray-300 last:border-b-0\">\n<th class=\"col label w-1\/2 py-2 text-left text-gray-700 font-normal product-attribute-label\" scope=\"row\">T\u0142uszcze<\/th>\n<td class=\"col data w-1\/2 py-2 pl-2 text-left text-gray-900 product-attribute-value\" data-th=\"Totaal vet\">3,7 g<\/td>\n<\/tr>\n<tr class=\"border-b border-gray-300 last:border-b-0\">\n<th class=\"col label w-1\/2 py-2 text-left text-gray-700 font-normal product-attribute-label\" scope=\"row\">Nasycone kwasy t\u0142uszczowe<\/th>\n<td class=\"col data w-1\/2 py-2 pl-2 text-left text-gray-900 product-attribute-value\" data-th=\"Waarvan verzadigde vetzuren\">0,5 g<\/td>\n<\/tr>\n<tr class=\"border-b border-gray-300 last:border-b-0\">\n<th class=\"col label w-1\/2 py-2 text-left text-gray-700 font-normal product-attribute-label\" scope=\"row\">W\u0119glowodany<\/th>\n<td class=\"col data w-1\/2 py-2 pl-2 text-left text-gray-900 product-attribute-value\" data-th=\"Koolhydraten\">58,6 g<\/td>\n<\/tr>\n<tr class=\"border-b border-gray-300 last:border-b-0\">\n<th class=\"col label w-1\/2 py-2 text-left text-gray-700 font-normal product-attribute-label\" scope=\"row\">Z cukr\u00f3w<\/th>\n<td class=\"col data w-1\/2 py-2 pl-2 text-left text-gray-900 product-attribute-value\" data-th=\"Waarvan suikers\">31,4 g<\/td>\n<\/tr>\n<tr class=\"border-b border-gray-300 last:border-b-0\">\n<th class=\"col label w-1\/2 py-2 text-left text-gray-700 font-normal product-attribute-label\" scope=\"row\">Bia\u0142ka<\/th>\n<td class=\"col data w-1\/2 py-2 pl-2 text-left text-gray-900 product-attribute-value\" data-th=\"Eiwitten\">9,9 g<\/td>\n<\/tr>\n<tr class=\"border-b border-gray-300 last:border-b-0\">\n<th class=\"col label w-1\/2 py-2 text-left text-gray-700 font-normal product-attribute-label\" scope=\"row\">S\u00f3l<\/th>\n<td class=\"col data w-1\/2 py-2 pl-2 text-left text-gray-900 product-attribute-value\" data-th=\"Zout\">0,000 g<\/td>\n<\/tr>\n<\/tbody>\n<\/table>\n<\/div>\n<\/div>\n<p><button class=\"show-hide flex justify-left gap-2 text-secondary\"><br \/>\n<span class=\"inline-block font-bold text-[0.875rem]\">Wi\u0119cej<\/span><br \/>\n<span class=\"inline-block font-bold text-[0.875rem] hidden\">Mniej<\/span><\/button><\/p>\n<p>&nbsp;<\/p>\n<\/article>\n<article id=\"product-attributes-22\" class=\"product-info text-wrapper open pb-4 sm:pb-0 border-b border-primary-darker sm:border-0\" data-id=\"i22\">\n<div class=\"container mx-auto flex py-1 my-2 sm:mt-5 sm:mb-3 md:flex-row cursor-pointer sm:cursor-default\">\n<h2 class=\"flex text-2xl title-font font-bold text-left w-full\">Alergeny<\/h2>\n<\/div>\n<div class=\"w-full section text-15 font-light\">\n<div id=\"product-attributes-22-data\" class=\"table-wrapper max-w-prose overflow-x-auto\">\n<table class=\"additional-attributes w-full\">\n<tbody>\n<tr class=\"border-b border-gray-300 last:border-b-0\">\n<th class=\"col label w-1\/2 py-2 text-left text-gray-700 font-normal product-attribute-label\" scope=\"row\">Kakao<\/th>\n<td class=\"col data w-1\/2 py-2 pl-2 text-left text-gray-900 product-attribute-value\" data-th=\"Cacao\">Nie<\/td>\n<\/tr>\n<tr class=\"border-b border-gray-300 last:border-b-0\">\n<th class=\"col label w-1\/2 py-2 text-left text-gray-700 font-normal product-attribute-label\" scope=\"row\">Jajka<\/th>\n<td class=\"col data w-1\/2 py-2 pl-2 text-left text-gray-900 product-attribute-value\" data-th=\"Eieren\">Nie<\/td>\n<\/tr>\n<tr class=\"border-b border-gray-300 last:border-b-0\">\n<th class=\"col label w-1\/2 py-2 text-left text-gray-700 font-normal product-attribute-label\" scope=\"row\">Glutaminian (E620 do E625)<\/th>\n<td class=\"col data w-1\/2 py-2 pl-2 text-left text-gray-900 product-attribute-value\" data-th=\"Glutamaat (E620 t\/m E625)\">Nie<\/td>\n<\/tr>\n<tr class=\"border-b border-gray-300 last:border-b-0\">\n<th class=\"col label w-1\/2 py-2 text-left text-gray-700 font-normal product-attribute-label\" scope=\"row\">Ziarna zawieraj\u0105ce gluten<\/th>\n<td class=\"col data w-1\/2 py-2 pl-2 text-left text-gray-900 product-attribute-value\" data-th=\"Glutenbevattende granen\">Tak<\/td>\n<\/tr>\n<tr class=\"border-b border-gray-300 last:border-b-0\">\n<th class=\"col label w-1\/2 py-2 text-left text-gray-700 font-normal product-attribute-label\" scope=\"row\">Mi\u0119so z kurczaka<\/th>\n<td class=\"col data w-1\/2 py-2 pl-2 text-left text-gray-900 product-attribute-value\" data-th=\"Kippenvlees\">Nie<\/td>\n<\/tr>\n<tr class=\"border-b border-gray-300 last:border-b-0\">\n<th class=\"col label w-1\/2 py-2 text-left text-gray-700 font-normal product-attribute-label\" scope=\"row\">Kolendra<\/th>\n<td class=\"col data w-1\/2 py-2 pl-2 text-left text-gray-900 product-attribute-value\" data-th=\"Koriander\">Nie<\/td>\n<\/tr>\n<tr class=\"border-b border-gray-300 last:border-b-0\">\n<th class=\"col label w-1\/2 py-2 text-left text-gray-700 font-normal product-attribute-label\" scope=\"row\">\u0141ubin<\/th>\n<td class=\"col data w-1\/2 py-2 pl-2 text-left text-gray-900 product-attribute-value\" data-th=\"Lupine\">Nie<\/td>\n<\/tr>\n<tr class=\"border-b border-gray-300 last:border-b-0\">\n<th class=\"col label w-1\/2 py-2 text-left text-gray-700 font-normal product-attribute-label\" scope=\"row\">Ale<\/th>\n<td class=\"col data w-1\/2 py-2 pl-2 text-left text-gray-900 product-attribute-value\" data-th=\"Mais\">Nie<\/td>\n<\/tr>\n<tr class=\"border-b border-gray-300 last:border-b-0\">\n<th class=\"col label w-1\/2 py-2 text-left text-gray-700 font-normal product-attribute-label\" scope=\"row\">Mleko<\/th>\n<td class=\"col data w-1\/2 py-2 pl-2 text-left text-gray-900 product-attribute-value\" data-th=\"Melk\">Nie<\/td>\n<\/tr>\n<tr class=\"border-b border-gray-300 last:border-b-0\">\n<th class=\"col label w-1\/2 py-2 text-left text-gray-700 font-normal product-attribute-label\" scope=\"row\">Musztarda<\/th>\n<td class=\"col data w-1\/2 py-2 pl-2 text-left text-gray-900 product-attribute-value\" data-th=\"Mosterd\">Nie<\/td>\n<\/tr>\n<tr class=\"border-b border-gray-300 last:border-b-0\">\n<th class=\"col label w-1\/2 py-2 text-left text-gray-700 font-normal product-attribute-label\" scope=\"row\">Orzechy<\/th>\n<td class=\"col data w-1\/2 py-2 pl-2 text-left text-gray-900 product-attribute-value\" data-th=\"Noten\">Tak<\/td>\n<\/tr>\n<tr class=\"border-b border-gray-300 last:border-b-0\">\n<th class=\"col label w-1\/2 py-2 text-left text-gray-700 font-normal product-attribute-label\" scope=\"row\">Ro\u015bliny str\u0105czkowe<\/th>\n<td class=\"col data w-1\/2 py-2 pl-2 text-left text-gray-900 product-attribute-value\" data-th=\"Peulvruchten\">Nie<\/td>\n<\/tr>\n<tr class=\"border-b border-gray-300 last:border-b-0\">\n<th class=\"col label w-1\/2 py-2 text-left text-gray-700 font-normal product-attribute-label\" scope=\"row\">Orzech ziemny<\/th>\n<td class=\"col data w-1\/2 py-2 pl-2 text-left text-gray-900 product-attribute-value\" data-th=\"Pinda\">Tak<\/td>\n<\/tr>\n<tr class=\"border-b border-gray-300 last:border-b-0\">\n<th class=\"col label w-1\/2 py-2 text-left text-gray-700 font-normal product-attribute-label\" scope=\"row\">\u017byto<\/th>\n<td class=\"col data w-1\/2 py-2 pl-2 text-left text-gray-900 product-attribute-value\" data-th=\"Rogge\">Nie<\/td>\n<\/tr>\n<tr class=\"border-b border-gray-300 last:border-b-0\">\n<th class=\"col label w-1\/2 py-2 text-left text-gray-700 font-normal product-attribute-label\" scope=\"row\">Wo\u0142owina<\/th>\n<td class=\"col data w-1\/2 py-2 pl-2 text-left text-gray-900 product-attribute-value\" data-th=\"Rundvlees\">Nie<\/td>\n<\/tr>\n<tr class=\"border-b border-gray-300 last:border-b-0\">\n<th class=\"col label w-1\/2 py-2 text-left text-gray-700 font-normal product-attribute-label\" scope=\"row\">Skorupiaki<\/th>\n<td class=\"col data w-1\/2 py-2 pl-2 text-left text-gray-900 product-attribute-value\" data-th=\"Schaaldieren\">Nie<\/td>\n<\/tr>\n<tr class=\"border-b border-gray-300 last:border-b-0\">\n<th class=\"col label w-1\/2 py-2 text-left text-gray-700 font-normal product-attribute-label\" scope=\"row\">Seler<\/th>\n<td class=\"col data w-1\/2 py-2 pl-2 text-left text-gray-900 product-attribute-value\" data-th=\"Selderij\">Nie<\/td>\n<\/tr>\n<tr class=\"border-b border-gray-300 last:border-b-0\">\n<th class=\"col label w-1\/2 py-2 text-left text-gray-700 font-normal product-attribute-label\" scope=\"row\">Nasionko sezamu<\/th>\n<td class=\"col data w-1\/2 py-2 pl-2 text-left text-gray-900 product-attribute-value\" data-th=\"Sesamzaad\">Tak<\/td>\n<\/tr>\n<tr class=\"border-b border-gray-300 last:border-b-0\">\n<th class=\"col label w-1\/2 py-2 text-left text-gray-700 font-normal product-attribute-label\" scope=\"row\">Soja<\/th>\n<td class=\"col data w-1\/2 py-2 pl-2 text-left text-gray-900 product-attribute-value\" data-th=\"Soja\">Tak<\/td>\n<\/tr>\n<tr class=\"border-b border-gray-300 last:border-b-0\">\n<th class=\"col label w-1\/2 py-2 text-left text-gray-700 font-normal product-attribute-label\" scope=\"row\">Wieprzowina<\/th>\n<td class=\"col data w-1\/2 py-2 pl-2 text-left text-gray-900 product-attribute-value\" data-th=\"Varkensvlees\">Nie<\/td>\n<\/tr>\n<tr class=\"border-b border-gray-300 last:border-b-0\">\n<th class=\"col label w-1\/2 py-2 text-left text-gray-700 font-normal product-attribute-label\" scope=\"row\">Ryba<\/th>\n<td class=\"col data w-1\/2 py-2 pl-2 text-left text-gray-900 product-attribute-value\" data-th=\"Vis\">Nie<\/td>\n<\/tr>\n<tr class=\"border-b border-gray-300 last:border-b-0\">\n<th class=\"col label w-1\/2 py-2 text-left text-gray-700 font-normal product-attribute-label\" scope=\"row\">Ma\u0142e zwierz\u0119ta<\/th>\n<td class=\"col data w-1\/2 py-2 pl-2 text-left text-gray-900 product-attribute-value\" data-th=\"Weekdieren\">Nie<\/td>\n<\/tr>\n<tr class=\"border-b border-gray-300 last:border-b-0\">\n<th class=\"col label w-1\/2 py-2 text-left text-gray-700 font-normal product-attribute-label\" scope=\"row\">Marchewka<\/th>\n<td class=\"col data w-1\/2 py-2 pl-2 text-left text-gray-900 product-attribute-value\" data-th=\"Wortel\">Nie<\/td>\n<\/tr>\n<tr class=\"border-b border-gray-300 last:border-b-0\">\n<th class=\"col label w-1\/2 py-2 text-left text-gray-700 font-normal product-attribute-label\" scope=\"row\">Dwutlenek siarki i siarczyny<\/th>\n<td class=\"col data w-1\/2 py-2 pl-2 text-left text-gray-900 product-attribute-value\" data-th=\"Zwaveldioxide en sulfieten\">Nie<\/td>\n<\/tr>\n<\/tbody>\n<\/table>\n<\/div>\n<\/div>\n<p><button class=\"show-hide flex justify-left gap-2 text-secondary border-0\"><br \/>\n<span class=\"inline-block font-bold text-[0.875rem]\">Wi\u0119cej<\/span><br \/>\n<span class=\"inline-block font-bold text-[0.875rem] hidden\">Mniej<\/span><\/button><\/p>\n<p>&nbsp;<\/p>\n<\/article>\n<article id=\"product-attributes-overig\" class=\"product-info text-wrapper pb-4 sm:pb-0 border-b border-primary-darker sm:border-0 open\" data-id=\"i99\">\n<div class=\"container mx-auto flex py-1 my-2 sm:mt-5 sm:mb-3 md:flex-row cursor-pointer sm:cursor-default\">\n<h2 class=\"flex text-2xl title-font font-bold text-left w-full\">Inne szczeg\u00f3\u0142y<\/h2>\n<\/div>\n<div class=\"w-full section text-15 font-light\">\n<div id=\"product-attributes-overig-data\" class=\"table-wrapper max-w-prose overflow-x-auto\">\n<table class=\"additional-attributes w-full\">\n<tbody>\n<tr class=\"border-b border-gray-300 last:border-b-0\">\n<th class=\"col label w-1\/2 py-2 align-top text-left text-gray-700 font-normal product-attribute-label\" scope=\"row\">Organiczny<\/th>\n<td class=\"col data w-1\/2 py-2 pl-2 text-left text-gray-900 product-attribute-value\" data-th=\"Biologisch\">\u017badne pochodzenie biologiczne<\/td>\n<\/tr>\n<tr class=\"border-b border-gray-300 last:border-b-0\">\n<th class=\"col label w-1\/2 py-2 align-top text-left text-gray-700 font-normal product-attribute-label\" scope=\"row\">Kraj pochodzenia<\/th>\n<td class=\"col data w-1\/2 py-2 pl-2 text-left text-gray-900 product-attribute-value\" data-th=\"Land van herkomst\">Kolumbia<\/td>\n<\/tr>\n<tr class=\"border-b border-gray-300 last:border-b-0\">\n<th class=\"col label w-1\/2 py-2 align-top text-left text-gray-700 font-normal product-attribute-label\" scope=\"row\">Sk\u0142adniki<\/th>\n<td class=\"col data w-1\/2 py-2 pl-2 text-left text-gray-900 product-attribute-value\" data-th=\"Ingredi\u00ebnten\">Wi\u015bnia peruwia\u0144ska (jagody Ink\u00f3w)<\/p>\n<p>Mo\u017ce zawiera\u0107 \u015bladowe ilo\u015bci: Zbo\u017ca zawieraj\u0105ce gluten, Orzechy, Orzeszki ziemne, Nasiona sezamu, Soja.<\/td>\n<\/tr>\n<\/tbody>\n<\/table>\n<\/div>\n<\/div>\n<\/article>\n<article id=\"description\" class=\"product-info text-wrapper pb-4 sm:pb-0 border-b border-primary-darker sm:border-0 close\" data-id=\"i5\">\n<div class=\"container mx-auto flex py-1 my-2 sm:mt-5 sm:mb-3 md:flex-row cursor-pointer sm:cursor-default\">\n<h2 class=\"flex text-2xl title-font font-bold text-left w-full\">O tym produkcie<\/h2>\n<\/div>\n<div class=\"w-full section text-15 font-light\">\n<div class=\"content\">\n<h2 class=\"Standard\">Pochodzenie<\/h2>\n<p class=\"Standard\">Czym s\u0105 i sk\u0105d pochodz\u0105? Pochodzenie tej ro\u015bliny z rodziny psiankowatych si\u0119ga tysi\u0119cy lat wstecz, do wysokich And\u00f3w. Inkom nadano wiele nazw na przestrzeni czasu. Nie jest nawet wiadomo, ile ich dok\u0142adnie jest. Wymienienie wszystkich znanych nazw by\u0142oby zbyt obszerne.<\/p>\n<p class=\"Standard\">Jest kilka, kt\u00f3rych nie chcemy przed wami ukrywa\u0107. <i>Physalis peruviana<\/i> znana jest r\u00f3wnie\u017c jako wi\u015bnie ananasowe. Pok pok i obrane pomidory. Peruwia\u0144ska miechunka lub rasbhari. Ka\u017cda nazwa ma swoj\u0105 histori\u0119.<\/p>\n<p class=\"Standard\">Na przyk\u0142ad wiadomo, \u017ce nazwa \"Cape gooseberry\" lub Physalis nie odnosi si\u0119 do po\u0142udniowego kra\u0144ca Afryki Po\u0142udniowej. \"Cape\" to b\u0142\u0119dne t\u0142umaczenie w j\u0119zyku angielskim. Poniewa\u017c kielich Physalis przypomina kaptur mnicha, gdzie\u015b w t\u0142umaczeniu pope\u0142niono b\u0142\u0105d i zosta\u0142o to przekszta\u0142cone w \"Cape\".<\/p>\n<p class=\"Standard\">Zewn\u0119trznie kielich jeszcze niedojrza\u0142ej jagody przypomina powszechnie znan\u0105 i dekoracyjn\u0105, r\u00f3wnie\u017c jadaln\u0105, pomara\u0144czow\u0105 miechunk\u0119 rozd\u0119t\u0105. S\u0105 nawet ze sob\u0105 spokrewnione.<\/p>\n<p class=\"Standard\">Jakie imi\u0119 lub historia kryje si\u0119 za t\u0105 jagod\u0105, prawdopodobnie nigdy nie dowiemy si\u0119 na 100%. To, co wiemy, to \u017ce wzrost i kwitnienie jag\u00f3d miechunki s\u0105 cudownie pi\u0119kne! Na pocz\u0105tku jest to ma\u0142y kwiat, z kt\u00f3rego serca wyrasta ma\u0142a kulka, nast\u0119pnie owini\u0119ta delikatnym kielichem. Uwa\u017camy, \u017ce \u201ecudownie pi\u0119kne\u201d to wci\u0105\u017c niedopowiedzenie. Gdy dojrzej\u0105, opadaj\u0105 z ro\u015bliny oko\u0142o pocz\u0105tku sierpnia. Ale jagody miechunki, podobnie jak pomidory, mog\u0105 z \u0142atwo\u015bci\u0105 dojrzewa\u0107 dalej na p\u00f3\u0142ce. \u015awie\u017ce jagody miechunki s\u0105 do\u015b\u0107 trwa\u0142e. W ch\u0142odnym miejscu nawet do dw\u00f3ch, trzech miesi\u0119cy. W pokoju troch\u0119 kr\u00f3cej. Na przestrzeni wiek\u00f3w jagody miechunki rozprzestrzeni\u0142y si\u0119 szeroko. Od Chin po Peru. Od Afryki po Kanad\u0119.<\/p>\n<p class=\"Standard\">Krzew ten zdobi r\u00f3wnie\u017c wiele ogrod\u00f3w i taras\u00f3w. Nie tylko ze wzgl\u0119du na smaczne, zdrowe owoce, ale tak\u017ce dzi\u0119ki swojemu dekoracyjnemu wygl\u0105dowi.<\/p>\n<h2><strong>Tch\u00f3rzliwe warzywa w twoim wzorcu \u017cywieniowym<\/strong><\/h2>\n<p>Warto\u015b\u0107 od\u017cywcza jag\u00f3d inca jest wi\u0119c niezwykle wysoka! Dla ka\u017cdego, kto lubi zdrowo si\u0119 od\u017cywia\u0107, stanowi\u0105 one cenny dodatek do diety. A dzi\u0119ki przeciwutleniaczom, takim jak polifenole i karotenoidy, ka\u017cdy, kto cierpi na astm\u0119 lub alergi\u0119, mo\u017ce odnie\u015b\u0107 du\u017ce korzy\u015bci z jedzenia jag\u00f3d inca. Te przeciwutleniacze maj\u0105 dzia\u0142anie przeciwzapalne.<\/p>\n<h2><strong>Superfood i sk\u0142adniki od\u017cywcze<\/strong><\/h2>\n<p>Poniewa\u017c agrest zawiera tak wiele sk\u0142adnik\u00f3w od\u017cywczych, jest nawet uwa\u017cany za super\u017cywno\u015b\u0107. Regularne spo\u017cywanie agrestu dostarczy Ci dodatkowych witamin. Jagody s\u0105 bogate w witaminy A, C, B1, B2, B6 i B12. Twoja odporno\u015b\u0107 mo\u017ce si\u0119 poprawi\u0107, a jagody mog\u0105 r\u00f3wnie\u017c mie\u0107 dzia\u0142anie przeciwzapalne na Tw\u00f3j organizm. Ponadto, b\u0142onnik przyczynia si\u0119 do dobrego trawienia, a bia\u0142ka s\u0105 bardzo korzystne dla wegetarian i sportowc\u00f3w. Bia\u0142ka daj\u0105 uczucie syto\u015bci i s\u0105 wa\u017cne dla utrzymania tkanki mi\u0119\u015bniowej.<\/p>\n<p class=\"Standard\">Je\u015bli chodzi o to, dobre w\u0142a\u015bciwo\u015bci bak\u0142a\u017can\u00f3w s\u0105 szeroko zachwalane. S\u0105 zdrowe. Maj\u0105 nawet dzia\u0142anie lecznicze. Dzia\u0142aj\u0105 przeciwzapalnie i pomagaj\u0105 poprawi\u0107 odporno\u015b\u0107 dzi\u0119ki obfito\u015bci witamin. Dodajmy do tego: b\u0142onnik, bia\u0142ko i wiele minera\u0142\u00f3w, a bak\u0142a\u017can staje si\u0119 super\u017cywno\u015bci\u0105. Przypisywanie bak\u0142a\u017canowi wielu dobrych w\u0142a\u015bciwo\u015bci jest uzasadnione. Spo\u017cywanie du\u017cych ilo\u015bci, co z pewno\u015bci\u0105 dotyczy jego skoncentrowanej formy, aby zachowa\u0107 jak najlepsze zdrowie, nie jest uzasadnione. Bak\u0142a\u017can jest i pozostaje cz\u0142onkiem rodziny psiankowatych, dlatego pozostaje pokarmem, kt\u00f3ry nale\u017cy spo\u017cywa\u0107 w odpowiednich proporcjach. Nawet je\u015bli jest super\u017cywno\u015bci\u0105!<\/p>\n<p class=\"Standard\">Kapusty s\u0105 wype\u0142nione lub zawieraj\u0105 bioflawonoidy, polifenole i karotenoidy, oraz kilka innych trudniejszych s\u0142\u00f3w, kt\u00f3re, ka\u017cde z osobna lub razem, s\u0105 substancjami promuj\u0105cymi zdrowie. Substancjom tym przypisuje si\u0119 korzy\u015bci dla os\u00f3b zmagaj\u0105cych si\u0119 z astm\u0105 i innymi alergiami. Czy jednak tak jest? To pozostaje pytaniem.<\/p>\n<p class=\"Standard\">Niewiele wiadomo na temat alergii na incabes.<\/p>\n<h2><strong>S\u0142odko-kwa\u015bny smak<\/strong><\/h2>\n<p>Je\u015bli lubisz odrobin\u0119 kwaskowato\u015bci, to incabessen s\u0105 prawdziw\u0105 uczt\u0105 dla podniebienia. Smakuj\u0105 s\u0142odko-kwa\u015bno, z przewag\u0105 kwa\u015bno\u015bci. Oczywi\u015bcie mo\u017cesz u\u017cy\u0107 ich jako dodatku do twarogu, koktajlu czy sa\u0142atki. Ale mo\u017cesz te\u017c je\u015b\u0107 je prosto z r\u0119ki jako przek\u0105sk\u0119. Je\u015bli nie lubisz ich w czystej postaci, mo\u017cesz te\u017c doda\u0107 je do swoich wypiek\u00f3w. Incabessen \u015bwietnie smakuj\u0105 w domowych ciasteczkach, czekoladkach i ciastach. A dzi\u0119ki wysokiej zawarto\u015bci pektyny mo\u017cesz \u0142atwo zamieni\u0107 incabessen w pyszn\u0105 konfitur\u0119. Pektyna jest niezb\u0119dna do robienia d\u017cemu!<\/p>\n<h2><strong>Zmienia\u0107<\/strong><\/h2>\n<p class=\"Standard\">\u015awie\u017ca porzeczka to mile widziany go\u015b\u0107 na ciastach i deserach. Kszta\u0142t i niemal przezroczysty kieliszek z pi\u0119knie zabarwion\u0105 jagod\u0105 w \u015brodku doskonale nadaj\u0105 si\u0119 do dekoracji wszelkiego rodzaju s\u0142odko\u015bci. Przekrojona na p\u00f3\u0142 porzeczka tworzy \u0142adny obrazek dzi\u0119ki licznym drobnym pestkom. W sa\u0142atce owocowej jagody mog\u0105 w pe\u0142ni zab\u0142ysn\u0105\u0107. Doznania smakowe s\u0142odko-kwa\u015bnej porzeczki s\u0105 wyj\u0105tkowe.<\/p>\n<p class=\"Standard\">W wysuszonej formie incabes mo\u017cna przechowywa\u0107 przez d\u0142ugi czas. S\u0105 \u0142atwo spo\u017cywane jako zdrowa przek\u0105ska. Incabes doskonale komponuj\u0105 si\u0119 z r\u00f3\u017cnego rodzaju suszonymi owocami i orzechami, a w tej kombinacji s\u0105 zaskakuj\u0105cym wzmacniaczem smaku w i na ciastkach oraz cie\u015bcie chlebowym.<\/p>\n<p class=\"Standard\">Czy kiedykolwiek upiek\u0142e\u015b w\u0142asny chleb z nasz\u0105 superfood mix, super power mix lub bogato wype\u0142nion\u0105 paleo mix, kt\u00f3ra zawiera incabessen? Nie? W takim razie naprawd\u0119 warto spr\u00f3bowa\u0107. Odrobina mas\u0142a na \u015bwie\u017cej kromce i anio\u0142 zata\u0144czy na twoim j\u0119zyku! Mo\u017cna powiedzie\u0107, \u017ce kromka tego chleba smakuje jak ciastko.<\/p>\n<p class=\"Standard\">Nie masz ochoty na pieczenie? W takim razie mieszanki s\u0105 idealne do po\u0142\u0105czenia z jogurtem lub twarogiem, a nawet do dodania do miski pysznej owsianki.<\/p>\n<p class=\"Standard\">Kapusty s\u0105 r\u00f3wnie\u017c u\u017cywane do przygotowania pysznych d\u017cem\u00f3w, naprawd\u0119 warto spr\u00f3bowa\u0107.<\/p>\n<h2><strong>Asortyment<\/strong><\/h2>\n<p class=\"Standard\">Nasze suszone czyste kapusty s\u0105 najwy\u017cszej jako\u015bci i dost\u0119pne od 250 gram\u00f3w.<\/p>\n<p class=\"Standard\">W naszym specjalnie skomponowanym micie superfoods r\u00f3wnie\u017c znajdziesz \u017curawin\u0119. Ten mix nie zawiera orzech\u00f3w i sk\u0142ada si\u0119 z \u017curawiny, jag\u00f3d goji, morwy oraz pestek s\u0142onecznika. To bardzo smaczna, zr\u00f3wnowa\u017cona i superzdrowa mieszanka. Polecamy ju\u017c od 250 gram\u00f3w!<\/p>\n<p class=\"Standard\">Z drugiej strony, mieszanka super mocy jest wzbogacona o surowe br\u0105zowe migda\u0142y i orzechy nerkowca. Ta mieszanka jest r\u00f3wnie\u017c dost\u0119pna od 250 gram\u00f3w. To uwielbiana mieszanka, kt\u00f3ra podobnie jak mieszanka superfoods, \u015bwietnie si\u0119 komponuje.<\/p>\n<p class=\"Standard\">A potem jest nie do pogardzenia mieszanka paleo. Mieszanka, kt\u00f3ra ma jeszcze wi\u0119ksz\u0105 warto\u015b\u0107 dodan\u0105 opr\u00f3cz ju\u017c wymienionych owoc\u00f3w, orzech\u00f3w i nasion, w postaci p\u0142atk\u00f3w kokosowych, rodzynek, pestek dyni i orzech\u00f3w w\u0142oskich.<\/p>\n<p class=\"Standard\">Pysznie bogata i niezwykle popularna mieszanka, kt\u00f3ra po spr\u00f3bowaniu zach\u0119ca do cz\u0119stszego zamawiania. T\u0119 mieszank\u0119 mo\u017cna r\u00f3wnie\u017c zam\u00f3wi\u0107 od 250 gram\u00f3w, ale szczerze m\u00f3wi\u0105c, ludzie cz\u0119sto zamawiaj\u0105 znacznie wi\u0119cej ni\u017c 250 gram\u00f3w.<\/p>\n<p class=\"Standard\">W naszej ofercie produkt\u00f3w pakowanych znajdziesz r\u00f3wnie\u017c, od marki Your Organic Nature, 250-gramow\u0105 paczk\u0119 suszonego organicznego selera korzeniowego z holenderskiej ziemi.<\/p>\n<\/div>\n<\/div>\n<p><button class=\"show-hide flex justify-left gap-2 text-secondary\"><br \/>\n<span class=\"inline-block font-bold text-[0.875rem]\">Wi\u0119cej<\/span><br \/>\n<span class=\"inline-block font-bold text-[0.875rem] hidden\">Mniej<\/span><\/button><\/p>\n<p>&nbsp;<\/p>\n<\/article>","protected":false},"excerpt":{"rendered":"<p>Opis Te pikle to prawdziwa uczta dla podniebienia, je\u015bli lubisz odrobin\u0119 kwaskowato\u015bci. S\u0142odko-kwa\u015bny smak jest pyszny z twarogiem, zdrowym koktajlem, sa\u0142atk\u0105 lub w\u0142asnymi wypiekami. Jagody Inca to prawdziwe superfood. Wzmacniaj\u0105 odporno\u015b\u0107 i maj\u0105 nawet dzia\u0142anie przeciwzapalne. Zawdzi\u0119czaj\u0105 to du\u017cej ilo\u015bci witamin, [\u2026]<\/p>","protected":false},"featured_media":2726,"comment_status":"open","ping_status":"closed","template":"","meta":[],"product_brand":[],"product_cat":[81,57],"product_tag":[],"class_list":{"0":"post-2727","1":"product","2":"type-product","3":"status-publish","4":"has-post-thumbnail","6":"product_cat-berries","7":"product_cat-dried-fruit","9":"first","10":"instock","11":"shipping-taxable","12":"purchasable","13":"product-type-variable"},"_links":{"self":[{"href":"https:\/\/accido.pl\/pl\/wp-json\/wp\/v2\/product\/2727","targetHints":{"allow":["GET"]}}],"collection":[{"href":"https:\/\/accido.pl\/pl\/wp-json\/wp\/v2\/product"}],"about":[{"href":"https:\/\/accido.pl\/pl\/wp-json\/wp\/v2\/types\/product"}],"replies":[{"embeddable":true,"href":"https:\/\/accido.pl\/pl\/wp-json\/wp\/v2\/comments?post=2727"}],"wp:featuredmedia":[{"embeddable":true,"href":"https:\/\/accido.pl\/pl\/wp-json\/wp\/v2\/media\/2726"}],"wp:attachment":[{"href":"https:\/\/accido.pl\/pl\/wp-json\/wp\/v2\/media?parent=2727"}],"wp:term":[{"taxonomy":"product_brand","embeddable":true,"href":"https:\/\/accido.pl\/pl\/wp-json\/wp\/v2\/product_brand?post=2727"},{"taxonomy":"product_cat","embeddable":true,"href":"https:\/\/accido.pl\/pl\/wp-json\/wp\/v2\/product_cat?post=2727"},{"taxonomy":"product_tag","embeddable":true,"href":"https:\/\/accido.pl\/pl\/wp-json\/wp\/v2\/product_tag?post=2727"}],"curies":[{"name":"wp","href":"https:\/\/api.w.org\/{rel}","templated":true}]}}