{"id":2660,"date":"2025-06-01T14:04:18","date_gmt":"2025-06-01T14:04:18","guid":{"rendered":"https:\/\/accido.pl\/product\/forest-fruit-mix\/"},"modified":"2025-06-01T14:04:21","modified_gmt":"2025-06-01T14:04:21","slug":"forest-fruit-mix","status":"publish","type":"product","link":"https:\/\/accido.pl\/pl\/produkt\/forest-fruit-mix\/","title":{"rendered":"Mieszanka owoc\u00f3w le\u015bnych"},"content":{"rendered":"<article class=\"product-info text-wrapper pb-4 sm:pb-0 border-b border-primary-darker sm:border-0 open\" data-id=\"i2\" id=\"short-description\">\n<div class=\"container mx-auto flex py-1 my-2 sm:mt-5 sm:mb-3 md:flex-row cursor-pointer sm:cursor-default\">\n<h2 class=\"flex text-2xl title-font font-bold text-left w-full\">Opis<\/p>\n<\/h2>\n<\/div>\n<div class=\"w-full section text-15 font-light\">\n<div class=\"content\">\n<p>W tej mieszance le\u015bnych owoc\u00f3w znajdziesz jagody, \u017curawin\u0119, wi\u015bnie, mango i truskawki. Wymieszaj kawa\u0142ki z orzechami lub dodaj je do swojego jogurtu czy twarogu. Oczywi\u015bcie s\u0105 te\u017c pyszne jako samodzielna przek\u0105ska!<\/p>\n<p>W Nutamo uwielbiamy suszone owoce!<\/p>\n<\/div>\n<\/div>\n<\/article>\n<article class=\"product-info text-wrapper open pb-4 sm:pb-0 border-b border-primary-darker sm:border-0\" data-id=\"i21\" id=\"product-attributes-21\">\n<div class=\"container mx-auto flex py-1 my-2 sm:mt-5 sm:mb-3 md:flex-row cursor-pointer sm:cursor-default\">\n<h2 class=\"flex text-2xl title-font font-bold text-left w-full\">Warto\u015b\u0107 od\u017cywcza na 100 gram\u00f3w<\/p>\n<\/h2>\n<\/div>\n<div class=\"w-full section text-15 font-light\">\n<div class=\"table-wrapper max-w-prose overflow-x-auto\" id=\"product-attributes-21-data\">\n<table class=\"additional-attributes w-full\">\n<tr class=\"border-b border-gray-300 last:border-b-0\">\n<th class=\"col label w-1\/2 py-2 text-left text-gray-700 font-normal product-attribute-label\" scope=\"row\">Energia (kJ)<\/th>\n<td class=\"col data w-1\/2 py-2 pl-2 text-left text-gray-900 product-attribute-value\" data-th=\"Energie (KJ)\">1433<\/td>\n<\/tr>\n<tr class=\"border-b border-gray-300 last:border-b-0\">\n<th class=\"col label w-1\/2 py-2 text-left text-gray-700 font-normal product-attribute-label\" scope=\"row\">Energia (kalorie)<\/th>\n<td class=\"col data w-1\/2 py-2 pl-2 text-left text-gray-900 product-attribute-value\" data-th=\"Energie (kcal)\">338<\/td>\n<\/tr>\n<tr class=\"border-b border-gray-300 last:border-b-0\">\n<th class=\"col label w-1\/2 py-2 text-left text-gray-700 font-normal product-attribute-label\" scope=\"row\">T\u0142uszcze<\/th>\n<td class=\"col data w-1\/2 py-2 pl-2 text-left text-gray-900 product-attribute-value\" data-th=\"Totaal vet\">0,7 g<\/td>\n<\/tr>\n<tr class=\"border-b border-gray-300 last:border-b-0\">\n<th class=\"col label w-1\/2 py-2 text-left text-gray-700 font-normal product-attribute-label\" scope=\"row\">Nasycone kwasy t\u0142uszczowe<\/th>\n<td class=\"col data w-1\/2 py-2 pl-2 text-left text-gray-900 product-attribute-value\" data-th=\"Waarvan verzadigde vetzuren\">0,1 g<\/td>\n<\/tr>\n<tr class=\"border-b border-gray-300 last:border-b-0\">\n<th class=\"col label w-1\/2 py-2 text-left text-gray-700 font-normal product-attribute-label\" scope=\"row\">W\u0119glowodany<\/th>\n<td class=\"col data w-1\/2 py-2 pl-2 text-left text-gray-900 product-attribute-value\" data-th=\"Koolhydraten\">77,2 g (nie wymaga t\u0142umaczenia, to jednostka wagi\/miary)<\/td>\n<\/tr>\n<tr class=\"border-b border-gray-300 last:border-b-0\">\n<th class=\"col label w-1\/2 py-2 text-left text-gray-700 font-normal product-attribute-label\" scope=\"row\">Z cukr\u00f3w<\/th>\n<td class=\"col data w-1\/2 py-2 pl-2 text-left text-gray-900 product-attribute-value\" data-th=\"Waarvan suikers\">76 gram\u00f3w<\/td>\n<\/tr>\n<tr class=\"border-b border-gray-300 last:border-b-0\">\n<th class=\"col label w-1\/2 py-2 text-left text-gray-700 font-normal product-attribute-label\" scope=\"row\">Bia\u0142ka<\/th>\n<td class=\"col data w-1\/2 py-2 pl-2 text-left text-gray-900 product-attribute-value\" data-th=\"Eiwitten\">1,9 g<\/td>\n<\/tr>\n<tr class=\"border-b border-gray-300 last:border-b-0\">\n<th class=\"col label w-1\/2 py-2 text-left text-gray-700 font-normal product-attribute-label\" scope=\"row\">S\u00f3l<\/th>\n<td class=\"col data w-1\/2 py-2 pl-2 text-left text-gray-900 product-attribute-value\" data-th=\"Zout\">0,017 g<\/td>\n<\/tr>\n<\/table>\n<\/div>\n<\/div>\n<p><button class=\"show-hide flex justify-left gap-2 text-secondary\"><br \/>\n<span class=\"inline-block font-bold text-[0.875rem]\">Wi\u0119cej<\/span><br \/>\n<span class=\"inline-block font-bold text-[0.875rem] hidden\">Mniej<\/span><\/p>\n<p><\/button><br \/>\n<\/article>\n<article class=\"product-info text-wrapper open pb-4 sm:pb-0 border-b border-primary-darker sm:border-0\" data-id=\"i22\" id=\"product-attributes-22\">\n<div class=\"container mx-auto flex py-1 my-2 sm:mt-5 sm:mb-3 md:flex-row cursor-pointer sm:cursor-default\">\n<h2 class=\"flex text-2xl title-font font-bold text-left w-full\">Alergeny<\/p>\n<\/h2>\n<\/div>\n<div class=\"w-full section text-15 font-light\">\n<div class=\"table-wrapper max-w-prose overflow-x-auto\" id=\"product-attributes-22-data\">\n<table class=\"additional-attributes w-full\">\n<tr class=\"border-b border-gray-300 last:border-b-0\">\n<th class=\"col label w-1\/2 py-2 text-left text-gray-700 font-normal product-attribute-label\" scope=\"row\">Kakao<\/th>\n<td class=\"col data w-1\/2 py-2 pl-2 text-left text-gray-900 product-attribute-value\" data-th=\"Cacao\">Nie<\/td>\n<\/tr>\n<tr class=\"border-b border-gray-300 last:border-b-0\">\n<th class=\"col label w-1\/2 py-2 text-left text-gray-700 font-normal product-attribute-label\" scope=\"row\">Jajka<\/th>\n<td class=\"col data w-1\/2 py-2 pl-2 text-left text-gray-900 product-attribute-value\" data-th=\"Eieren\">Nie<\/td>\n<\/tr>\n<tr class=\"border-b border-gray-300 last:border-b-0\">\n<th class=\"col label w-1\/2 py-2 text-left text-gray-700 font-normal product-attribute-label\" scope=\"row\">Glutaminian (E620 do E625)<\/th>\n<td class=\"col data w-1\/2 py-2 pl-2 text-left text-gray-900 product-attribute-value\" data-th=\"Glutamaat (E620 t\/m E625)\">Nie<\/td>\n<\/tr>\n<tr class=\"border-b border-gray-300 last:border-b-0\">\n<th class=\"col label w-1\/2 py-2 text-left text-gray-700 font-normal product-attribute-label\" scope=\"row\">Ziarna zawieraj\u0105ce gluten<\/th>\n<td class=\"col data w-1\/2 py-2 pl-2 text-left text-gray-900 product-attribute-value\" data-th=\"Glutenbevattende granen\">Tak<\/td>\n<\/tr>\n<tr class=\"border-b border-gray-300 last:border-b-0\">\n<th class=\"col label w-1\/2 py-2 text-left text-gray-700 font-normal product-attribute-label\" scope=\"row\">Mi\u0119so z kurczaka<\/th>\n<td class=\"col data w-1\/2 py-2 pl-2 text-left text-gray-900 product-attribute-value\" data-th=\"Kippenvlees\">Nie<\/td>\n<\/tr>\n<tr class=\"border-b border-gray-300 last:border-b-0\">\n<th class=\"col label w-1\/2 py-2 text-left text-gray-700 font-normal product-attribute-label\" scope=\"row\">Kolendra<\/th>\n<td class=\"col data w-1\/2 py-2 pl-2 text-left text-gray-900 product-attribute-value\" data-th=\"Koriander\">Nie<\/td>\n<\/tr>\n<tr class=\"border-b border-gray-300 last:border-b-0\">\n<th class=\"col label w-1\/2 py-2 text-left text-gray-700 font-normal product-attribute-label\" scope=\"row\">\u0141ubin<\/th>\n<td class=\"col data w-1\/2 py-2 pl-2 text-left text-gray-900 product-attribute-value\" data-th=\"Lupine\">Nie<\/td>\n<\/tr>\n<tr class=\"border-b border-gray-300 last:border-b-0\">\n<th class=\"col label w-1\/2 py-2 text-left text-gray-700 font-normal product-attribute-label\" scope=\"row\">Ale<\/th>\n<td class=\"col data w-1\/2 py-2 pl-2 text-left text-gray-900 product-attribute-value\" data-th=\"Mais\">Nie<\/td>\n<\/tr>\n<tr class=\"border-b border-gray-300 last:border-b-0\">\n<th class=\"col label w-1\/2 py-2 text-left text-gray-700 font-normal product-attribute-label\" scope=\"row\">Mleko<\/th>\n<td class=\"col data w-1\/2 py-2 pl-2 text-left text-gray-900 product-attribute-value\" data-th=\"Melk\">Nie<\/td>\n<\/tr>\n<tr class=\"border-b border-gray-300 last:border-b-0\">\n<th class=\"col label w-1\/2 py-2 text-left text-gray-700 font-normal product-attribute-label\" scope=\"row\">Musztarda<\/th>\n<td class=\"col data w-1\/2 py-2 pl-2 text-left text-gray-900 product-attribute-value\" data-th=\"Mosterd\">Nie<\/td>\n<\/tr>\n<tr class=\"border-b border-gray-300 last:border-b-0\">\n<th class=\"col label w-1\/2 py-2 text-left text-gray-700 font-normal product-attribute-label\" scope=\"row\">Orzechy<\/th>\n<td class=\"col data w-1\/2 py-2 pl-2 text-left text-gray-900 product-attribute-value\" data-th=\"Noten\">Tak<\/td>\n<\/tr>\n<tr class=\"border-b border-gray-300 last:border-b-0\">\n<th class=\"col label w-1\/2 py-2 text-left text-gray-700 font-normal product-attribute-label\" scope=\"row\">Ro\u015bliny str\u0105czkowe<\/th>\n<td class=\"col data w-1\/2 py-2 pl-2 text-left text-gray-900 product-attribute-value\" data-th=\"Peulvruchten\">Nie<\/td>\n<\/tr>\n<tr class=\"border-b border-gray-300 last:border-b-0\">\n<th class=\"col label w-1\/2 py-2 text-left text-gray-700 font-normal product-attribute-label\" scope=\"row\">Orzech ziemny<\/th>\n<td class=\"col data w-1\/2 py-2 pl-2 text-left text-gray-900 product-attribute-value\" data-th=\"Pinda\">Tak<\/td>\n<\/tr>\n<tr class=\"border-b border-gray-300 last:border-b-0\">\n<th class=\"col label w-1\/2 py-2 text-left text-gray-700 font-normal product-attribute-label\" scope=\"row\">\u017byto<\/th>\n<td class=\"col data w-1\/2 py-2 pl-2 text-left text-gray-900 product-attribute-value\" data-th=\"Rogge\">Nie<\/td>\n<\/tr>\n<tr class=\"border-b border-gray-300 last:border-b-0\">\n<th class=\"col label w-1\/2 py-2 text-left text-gray-700 font-normal product-attribute-label\" scope=\"row\">Wo\u0142owina<\/th>\n<td class=\"col data w-1\/2 py-2 pl-2 text-left text-gray-900 product-attribute-value\" data-th=\"Rundvlees\">Nie<\/td>\n<\/tr>\n<tr class=\"border-b border-gray-300 last:border-b-0\">\n<th class=\"col label w-1\/2 py-2 text-left text-gray-700 font-normal product-attribute-label\" scope=\"row\">Skorupiaki<\/th>\n<td class=\"col data w-1\/2 py-2 pl-2 text-left text-gray-900 product-attribute-value\" data-th=\"Schaaldieren\">Nie<\/td>\n<\/tr>\n<tr class=\"border-b border-gray-300 last:border-b-0\">\n<th class=\"col label w-1\/2 py-2 text-left text-gray-700 font-normal product-attribute-label\" scope=\"row\">Seler<\/th>\n<td class=\"col data w-1\/2 py-2 pl-2 text-left text-gray-900 product-attribute-value\" data-th=\"Selderij\">Nie<\/td>\n<\/tr>\n<tr class=\"border-b border-gray-300 last:border-b-0\">\n<th class=\"col label w-1\/2 py-2 text-left text-gray-700 font-normal product-attribute-label\" scope=\"row\">Nasionko sezamu<\/th>\n<td class=\"col data w-1\/2 py-2 pl-2 text-left text-gray-900 product-attribute-value\" data-th=\"Sesamzaad\">Tak<\/td>\n<\/tr>\n<tr class=\"border-b border-gray-300 last:border-b-0\">\n<th class=\"col label w-1\/2 py-2 text-left text-gray-700 font-normal product-attribute-label\" scope=\"row\">Soja<\/th>\n<td class=\"col data w-1\/2 py-2 pl-2 text-left text-gray-900 product-attribute-value\" data-th=\"Soja\">Tak<\/td>\n<\/tr>\n<tr class=\"border-b border-gray-300 last:border-b-0\">\n<th class=\"col label w-1\/2 py-2 text-left text-gray-700 font-normal product-attribute-label\" scope=\"row\">Wieprzowina<\/th>\n<td class=\"col data w-1\/2 py-2 pl-2 text-left text-gray-900 product-attribute-value\" data-th=\"Varkensvlees\">Nie<\/td>\n<\/tr>\n<tr class=\"border-b border-gray-300 last:border-b-0\">\n<th class=\"col label w-1\/2 py-2 text-left text-gray-700 font-normal product-attribute-label\" scope=\"row\">Ryba<\/th>\n<td class=\"col data w-1\/2 py-2 pl-2 text-left text-gray-900 product-attribute-value\" data-th=\"Vis\">Nie<\/td>\n<\/tr>\n<tr class=\"border-b border-gray-300 last:border-b-0\">\n<th class=\"col label w-1\/2 py-2 text-left text-gray-700 font-normal product-attribute-label\" scope=\"row\">Ma\u0142e zwierz\u0119ta<\/th>\n<td class=\"col data w-1\/2 py-2 pl-2 text-left text-gray-900 product-attribute-value\" data-th=\"Weekdieren\">Nie<\/td>\n<\/tr>\n<tr class=\"border-b border-gray-300 last:border-b-0\">\n<th class=\"col label w-1\/2 py-2 text-left text-gray-700 font-normal product-attribute-label\" scope=\"row\">Marchewka<\/th>\n<td class=\"col data w-1\/2 py-2 pl-2 text-left text-gray-900 product-attribute-value\" data-th=\"Wortel\">Nie<\/td>\n<\/tr>\n<tr class=\"border-b border-gray-300 last:border-b-0\">\n<th class=\"col label w-1\/2 py-2 text-left text-gray-700 font-normal product-attribute-label\" scope=\"row\">Dwutlenek siarki i siarczyny<\/th>\n<td class=\"col data w-1\/2 py-2 pl-2 text-left text-gray-900 product-attribute-value\" data-th=\"Zwaveldioxide en sulfieten\">Tak<\/td>\n<\/tr>\n<\/table>\n<\/div>\n<\/div>\n<p><button class=\"show-hide flex justify-left gap-2 text-secondary border-0\"><br \/>\n<span class=\"inline-block font-bold text-[0.875rem]\">Wi\u0119cej<\/span><br \/>\n<span class=\"inline-block font-bold text-[0.875rem] hidden\">Mniej<\/span><\/p>\n<p><\/button><br \/>\n<\/article>\n<article class=\"product-info text-wrapper pb-4 sm:pb-0 border-b border-primary-darker sm:border-0\" data-id=\"i99\" id=\"product-attributes-overig\">\n<div class=\"container mx-auto flex py-1 my-2 sm:mt-5 sm:mb-3 md:flex-row cursor-pointer sm:cursor-default\">\n<h2 class=\"flex text-2xl title-font font-bold text-left w-full\">Inne szczeg\u00f3\u0142y<\/p>\n<\/h2>\n<\/div>\n<div class=\"w-full section text-15 font-light\" style=\"max-height: 142px\">\n<div class=\"table-wrapper max-w-prose overflow-x-auto\" id=\"product-attributes-overig-data\">\n<table class=\"additional-attributes w-full\">\n<tr class=\"border-b border-gray-300 last:border-b-0\">\n<th class=\"col label w-1\/2 py-2 align-top text-left text-gray-700 font-normal product-attribute-label\" scope=\"row\">Organiczny<\/th>\n<td class=\"col data w-1\/2 py-2 pl-2 text-left text-gray-900 product-attribute-value\" data-th=\"Biologisch\">\u017badne pochodzenie biologiczne<\/td>\n<\/tr>\n<tr class=\"border-b border-gray-300 last:border-b-0\">\n<th class=\"col label w-1\/2 py-2 align-top text-left text-gray-700 font-normal product-attribute-label\" scope=\"row\">Kraj pochodzenia<\/th>\n<td class=\"col data w-1\/2 py-2 pl-2 text-left text-gray-900 product-attribute-value\" data-th=\"Land van herkomst\">Holandia<\/td>\n<\/tr>\n<tr class=\"border-b border-gray-300 last:border-b-0\">\n<th class=\"col label w-1\/2 py-2 align-top text-left text-gray-700 font-normal product-attribute-label\" scope=\"row\">Sk\u0142adniki<\/th>\n<td class=\"col data w-1\/2 py-2 pl-2 text-left text-gray-900 product-attribute-value\" data-th=\"Ingredi\u00ebnten\">\n<p>Cukier, Wi\u015bnie, Truskawki, \u017burawina, Mango, Bor\u00f3wka, Olej s\u0142onecznikowy, Kwas spo\u017cywczy (E330), Aromat naturalny, Barwnik (E160a), Aromat, Barwnik (E129) (Mo\u017ce negatywnie wp\u0142ywa\u0107 na aktywno\u015b\u0107 i uwag\u0119 dzieci), \u015arodek konserwuj\u0105cy (E223) (SIARCZYNY)<\/p>\n<p>Mo\u017ce zawiera\u0107 \u015bladowe ilo\u015bci: Zbo\u017ca zawieraj\u0105ce gluten, orzechy, orzeszki ziemne, nasiona sezamu i soj\u0119.<\/p>\n<\/td>\n<\/tr>\n<\/table>\n<\/div>\n<\/div>\n<p><button class=\"show-hide flex justify-left gap-2 text-secondary\"><br \/>\n<span class=\"inline-block font-bold text-[0.875rem]\">Wi\u0119cej<\/span><br \/>\n<span class=\"inline-block font-bold text-[0.875rem] hidden\">Mniej<\/span><\/p>\n<p><\/button><br \/>\n<\/article>","protected":false},"excerpt":{"rendered":"<p>Description Blueberries, cranberries, cherries, mango, and strawberries are in this forest fruit mix. Mix the pieces with some nuts or add them to your yogurt or curd cheese. And of course, they&#8217;re also! delicious as a snack. At Nutamo, we love dried fruit! Nutritional value per 100 grams Energy (kJ) 1433 Energy (calories) 338 Fats [&hellip;]<\/p>","protected":false},"featured_media":2659,"comment_status":"open","ping_status":"closed","template":"","meta":[],"product_brand":[],"product_cat":[81,57],"product_tag":[],"class_list":{"0":"post-2660","1":"product","2":"type-product","3":"status-publish","4":"has-post-thumbnail","6":"product_cat-berries","7":"product_cat-dried-fruit","9":"first","10":"instock","11":"shipping-taxable","12":"purchasable","13":"product-type-variable"},"_links":{"self":[{"href":"https:\/\/accido.pl\/pl\/wp-json\/wp\/v2\/product\/2660","targetHints":{"allow":["GET"]}}],"collection":[{"href":"https:\/\/accido.pl\/pl\/wp-json\/wp\/v2\/product"}],"about":[{"href":"https:\/\/accido.pl\/pl\/wp-json\/wp\/v2\/types\/product"}],"replies":[{"embeddable":true,"href":"https:\/\/accido.pl\/pl\/wp-json\/wp\/v2\/comments?post=2660"}],"wp:featuredmedia":[{"embeddable":true,"href":"https:\/\/accido.pl\/pl\/wp-json\/wp\/v2\/media\/2659"}],"wp:attachment":[{"href":"https:\/\/accido.pl\/pl\/wp-json\/wp\/v2\/media?parent=2660"}],"wp:term":[{"taxonomy":"product_brand","embeddable":true,"href":"https:\/\/accido.pl\/pl\/wp-json\/wp\/v2\/product_brand?post=2660"},{"taxonomy":"product_cat","embeddable":true,"href":"https:\/\/accido.pl\/pl\/wp-json\/wp\/v2\/product_cat?post=2660"},{"taxonomy":"product_tag","embeddable":true,"href":"https:\/\/accido.pl\/pl\/wp-json\/wp\/v2\/product_tag?post=2660"}],"curies":[{"name":"wp","href":"https:\/\/api.w.org\/{rel}","templated":true}]}}