{"id":2625,"date":"2025-06-01T13:41:21","date_gmt":"2025-06-01T13:41:21","guid":{"rendered":"https:\/\/accido.pl\/product\/elderberries\/"},"modified":"2025-06-01T13:41:23","modified_gmt":"2025-06-01T13:41:23","slug":"elderberries","status":"publish","type":"product","link":"https:\/\/accido.pl\/pl\/produkt\/elderberries\/","title":{"rendered":"Czarny bez"},"content":{"rendered":"<article class=\"product-info text-wrapper pb-4 sm:pb-0 border-b border-primary-darker sm:border-0 open\" data-id=\"i2\" id=\"short-description\">\n<div class=\"container mx-auto flex py-1 my-2 sm:mt-5 sm:mb-3 md:flex-row cursor-pointer sm:cursor-default\">\n<h2 class=\"flex text-2xl title-font font-bold text-left w-full\">Opis<\/p>\n<\/h2>\n<\/div>\n<div class=\"w-full section text-15 font-light\">\n<div class=\"content\">\n<p>Te jagody to prawdziwa super\u017cywno\u015b\u0107. S\u0105 bogate w \u017celazo, wap\u0144, przeciwutleniacze, b\u0142onnik oraz witaminy C i K.<\/p>\n<p>Czarny bez wygl\u0105da troch\u0119 dziwnie, ale smakuje owocowo i s\u0142odko jak mi\u00f3d. Sk\u00f3rka nadaje im chrupko\u015b\u0107, a w \u015brodku s\u0105 przepysznie mi\u0119kkie. Jedz je jako przek\u0105sk\u0119 lub dodaj do twarogu czy zdrowego smoothie.<\/p>\n<p><span style=\"color: #ff0000\"><strong><u>Jagody morwy s\u0105 produktem naturalnym i mog\u0105 zawiera\u0107 \u015blady zanieczyszcze\u0144 (ga\u0142\u0105zki, \u0142ody\u017cki, glin\u0119 lub kamyki).<\/u><\/strong><\/span><\/p>\n<\/div>\n<\/div>\n<\/article>\n<article class=\"product-info text-wrapper open pb-4 sm:pb-0 border-b border-primary-darker sm:border-0\" data-id=\"i21\" id=\"product-attributes-21\">\n<div class=\"container mx-auto flex py-1 my-2 sm:mt-5 sm:mb-3 md:flex-row cursor-pointer sm:cursor-default\">\n<h2 class=\"flex text-2xl title-font font-bold text-left w-full\">Warto\u015b\u0107 od\u017cywcza na 100 gram\u00f3w<\/p>\n<\/h2>\n<\/div>\n<div class=\"w-full section text-15 font-light\">\n<div class=\"table-wrapper max-w-prose overflow-x-auto\" id=\"product-attributes-21-data\">\n<table class=\"additional-attributes w-full\">\n<tr class=\"border-b border-gray-300 last:border-b-0\">\n<th class=\"col label w-1\/2 py-2 text-left text-gray-700 font-normal product-attribute-label\" scope=\"row\">Energia (kJ)<\/th>\n<td class=\"col data w-1\/2 py-2 pl-2 text-left text-gray-900 product-attribute-value\" data-th=\"Energie (KJ)\">1260<\/td>\n<\/tr>\n<tr class=\"border-b border-gray-300 last:border-b-0\">\n<th class=\"col label w-1\/2 py-2 text-left text-gray-700 font-normal product-attribute-label\" scope=\"row\">Energia (kalorie)<\/th>\n<td class=\"col data w-1\/2 py-2 pl-2 text-left text-gray-900 product-attribute-value\" data-th=\"Energie (kcal)\">298<\/td>\n<\/tr>\n<tr class=\"border-b border-gray-300 last:border-b-0\">\n<th class=\"col label w-1\/2 py-2 text-left text-gray-700 font-normal product-attribute-label\" scope=\"row\">T\u0142uszcze<\/th>\n<td class=\"col data w-1\/2 py-2 pl-2 text-left text-gray-900 product-attribute-value\" data-th=\"Totaal vet\">2,4 gramy<\/td>\n<\/tr>\n<tr class=\"border-b border-gray-300 last:border-b-0\">\n<th class=\"col label w-1\/2 py-2 text-left text-gray-700 font-normal product-attribute-label\" scope=\"row\">Nasycone kwasy t\u0142uszczowe<\/th>\n<td class=\"col data w-1\/2 py-2 pl-2 text-left text-gray-900 product-attribute-value\" data-th=\"Waarvan verzadigde vetzuren\">0,2 g<\/td>\n<\/tr>\n<tr class=\"border-b border-gray-300 last:border-b-0\">\n<th class=\"col label w-1\/2 py-2 text-left text-gray-700 font-normal product-attribute-label\" scope=\"row\">W\u0119glowodany<\/th>\n<td class=\"col data w-1\/2 py-2 pl-2 text-left text-gray-900 product-attribute-value\" data-th=\"Koolhydraten\">55,3 g<\/td>\n<\/tr>\n<tr class=\"border-b border-gray-300 last:border-b-0\">\n<th class=\"col label w-1\/2 py-2 text-left text-gray-700 font-normal product-attribute-label\" scope=\"row\">Z cukr\u00f3w<\/th>\n<td class=\"col data w-1\/2 py-2 pl-2 text-left text-gray-900 product-attribute-value\" data-th=\"Waarvan suikers\">49,2 g<\/td>\n<\/tr>\n<tr class=\"border-b border-gray-300 last:border-b-0\">\n<th class=\"col label w-1\/2 py-2 text-left text-gray-700 font-normal product-attribute-label\" scope=\"row\">Bia\u0142ka<\/th>\n<td class=\"col data w-1\/2 py-2 pl-2 text-left text-gray-900 product-attribute-value\" data-th=\"Eiwitten\">8,8 g<\/td>\n<\/tr>\n<tr class=\"border-b border-gray-300 last:border-b-0\">\n<th class=\"col label w-1\/2 py-2 text-left text-gray-700 font-normal product-attribute-label\" scope=\"row\">S\u00f3l<\/th>\n<td class=\"col data w-1\/2 py-2 pl-2 text-left text-gray-900 product-attribute-value\" data-th=\"Zout\">0,025 g<\/td>\n<\/tr>\n<\/table>\n<\/div>\n<\/div>\n<p><button class=\"show-hide flex justify-left gap-2 text-secondary\"><br \/>\n<span class=\"inline-block font-bold text-[0.875rem]\">Wi\u0119cej<\/span><br \/>\n<span class=\"inline-block font-bold text-[0.875rem] hidden\">Mniej<\/span><\/p>\n<p><\/button><br \/>\n<\/article>\n<article class=\"product-info text-wrapper open pb-4 sm:pb-0 border-b border-primary-darker sm:border-0\" data-id=\"i22\" id=\"product-attributes-22\">\n<div class=\"container mx-auto flex py-1 my-2 sm:mt-5 sm:mb-3 md:flex-row cursor-pointer sm:cursor-default\">\n<h2 class=\"flex text-2xl title-font font-bold text-left w-full\">Alergeny<\/p>\n<\/h2>\n<\/div>\n<div class=\"w-full section text-15 font-light\">\n<div class=\"table-wrapper max-w-prose overflow-x-auto\" id=\"product-attributes-22-data\">\n<table class=\"additional-attributes w-full\">\n<tr class=\"border-b border-gray-300 last:border-b-0\">\n<th class=\"col label w-1\/2 py-2 text-left text-gray-700 font-normal product-attribute-label\" scope=\"row\">Kakao<\/th>\n<td class=\"col data w-1\/2 py-2 pl-2 text-left text-gray-900 product-attribute-value\" data-th=\"Cacao\">Nie<\/td>\n<\/tr>\n<tr class=\"border-b border-gray-300 last:border-b-0\">\n<th class=\"col label w-1\/2 py-2 text-left text-gray-700 font-normal product-attribute-label\" scope=\"row\">Jajka<\/th>\n<td class=\"col data w-1\/2 py-2 pl-2 text-left text-gray-900 product-attribute-value\" data-th=\"Eieren\">Nie<\/td>\n<\/tr>\n<tr class=\"border-b border-gray-300 last:border-b-0\">\n<th class=\"col label w-1\/2 py-2 text-left text-gray-700 font-normal product-attribute-label\" scope=\"row\">Glutaminian (E620 do E625)<\/th>\n<td class=\"col data w-1\/2 py-2 pl-2 text-left text-gray-900 product-attribute-value\" data-th=\"Glutamaat (E620 t\/m E625)\">Nie<\/td>\n<\/tr>\n<tr class=\"border-b border-gray-300 last:border-b-0\">\n<th class=\"col label w-1\/2 py-2 text-left text-gray-700 font-normal product-attribute-label\" scope=\"row\">Ziarna zawieraj\u0105ce gluten<\/th>\n<td class=\"col data w-1\/2 py-2 pl-2 text-left text-gray-900 product-attribute-value\" data-th=\"Glutenbevattende granen\">Tak<\/td>\n<\/tr>\n<tr class=\"border-b border-gray-300 last:border-b-0\">\n<th class=\"col label w-1\/2 py-2 text-left text-gray-700 font-normal product-attribute-label\" scope=\"row\">Mi\u0119so z kurczaka<\/th>\n<td class=\"col data w-1\/2 py-2 pl-2 text-left text-gray-900 product-attribute-value\" data-th=\"Kippenvlees\">Nie<\/td>\n<\/tr>\n<tr class=\"border-b border-gray-300 last:border-b-0\">\n<th class=\"col label w-1\/2 py-2 text-left text-gray-700 font-normal product-attribute-label\" scope=\"row\">Kolendra<\/th>\n<td class=\"col data w-1\/2 py-2 pl-2 text-left text-gray-900 product-attribute-value\" data-th=\"Koriander\">Nie<\/td>\n<\/tr>\n<tr class=\"border-b border-gray-300 last:border-b-0\">\n<th class=\"col label w-1\/2 py-2 text-left text-gray-700 font-normal product-attribute-label\" scope=\"row\">\u0141ubin<\/th>\n<td class=\"col data w-1\/2 py-2 pl-2 text-left text-gray-900 product-attribute-value\" data-th=\"Lupine\">Nie<\/td>\n<\/tr>\n<tr class=\"border-b border-gray-300 last:border-b-0\">\n<th class=\"col label w-1\/2 py-2 text-left text-gray-700 font-normal product-attribute-label\" scope=\"row\">Ale<\/th>\n<td class=\"col data w-1\/2 py-2 pl-2 text-left text-gray-900 product-attribute-value\" data-th=\"Mais\">Nie<\/td>\n<\/tr>\n<tr class=\"border-b border-gray-300 last:border-b-0\">\n<th class=\"col label w-1\/2 py-2 text-left text-gray-700 font-normal product-attribute-label\" scope=\"row\">Mleko<\/th>\n<td class=\"col data w-1\/2 py-2 pl-2 text-left text-gray-900 product-attribute-value\" data-th=\"Melk\">Nie<\/td>\n<\/tr>\n<tr class=\"border-b border-gray-300 last:border-b-0\">\n<th class=\"col label w-1\/2 py-2 text-left text-gray-700 font-normal product-attribute-label\" scope=\"row\">Musztarda<\/th>\n<td class=\"col data w-1\/2 py-2 pl-2 text-left text-gray-900 product-attribute-value\" data-th=\"Mosterd\">Nie<\/td>\n<\/tr>\n<tr class=\"border-b border-gray-300 last:border-b-0\">\n<th class=\"col label w-1\/2 py-2 text-left text-gray-700 font-normal product-attribute-label\" scope=\"row\">Orzechy<\/th>\n<td class=\"col data w-1\/2 py-2 pl-2 text-left text-gray-900 product-attribute-value\" data-th=\"Noten\">Tak<\/td>\n<\/tr>\n<tr class=\"border-b border-gray-300 last:border-b-0\">\n<th class=\"col label w-1\/2 py-2 text-left text-gray-700 font-normal product-attribute-label\" scope=\"row\">Ro\u015bliny str\u0105czkowe<\/th>\n<td class=\"col data w-1\/2 py-2 pl-2 text-left text-gray-900 product-attribute-value\" data-th=\"Peulvruchten\">Nie<\/td>\n<\/tr>\n<tr class=\"border-b border-gray-300 last:border-b-0\">\n<th class=\"col label w-1\/2 py-2 text-left text-gray-700 font-normal product-attribute-label\" scope=\"row\">Orzech ziemny<\/th>\n<td class=\"col data w-1\/2 py-2 pl-2 text-left text-gray-900 product-attribute-value\" data-th=\"Pinda\">Tak<\/td>\n<\/tr>\n<tr class=\"border-b border-gray-300 last:border-b-0\">\n<th class=\"col label w-1\/2 py-2 text-left text-gray-700 font-normal product-attribute-label\" scope=\"row\">\u017byto<\/th>\n<td class=\"col data w-1\/2 py-2 pl-2 text-left text-gray-900 product-attribute-value\" data-th=\"Rogge\">Nie<\/td>\n<\/tr>\n<tr class=\"border-b border-gray-300 last:border-b-0\">\n<th class=\"col label w-1\/2 py-2 text-left text-gray-700 font-normal product-attribute-label\" scope=\"row\">Wo\u0142owina<\/th>\n<td class=\"col data w-1\/2 py-2 pl-2 text-left text-gray-900 product-attribute-value\" data-th=\"Rundvlees\">Nie<\/td>\n<\/tr>\n<tr class=\"border-b border-gray-300 last:border-b-0\">\n<th class=\"col label w-1\/2 py-2 text-left text-gray-700 font-normal product-attribute-label\" scope=\"row\">Skorupiaki<\/th>\n<td class=\"col data w-1\/2 py-2 pl-2 text-left text-gray-900 product-attribute-value\" data-th=\"Schaaldieren\">Nie<\/td>\n<\/tr>\n<tr class=\"border-b border-gray-300 last:border-b-0\">\n<th class=\"col label w-1\/2 py-2 text-left text-gray-700 font-normal product-attribute-label\" scope=\"row\">Seler<\/th>\n<td class=\"col data w-1\/2 py-2 pl-2 text-left text-gray-900 product-attribute-value\" data-th=\"Selderij\">Nie<\/td>\n<\/tr>\n<tr class=\"border-b border-gray-300 last:border-b-0\">\n<th class=\"col label w-1\/2 py-2 text-left text-gray-700 font-normal product-attribute-label\" scope=\"row\">Nasionko sezamu<\/th>\n<td class=\"col data w-1\/2 py-2 pl-2 text-left text-gray-900 product-attribute-value\" data-th=\"Sesamzaad\">Tak<\/td>\n<\/tr>\n<tr class=\"border-b border-gray-300 last:border-b-0\">\n<th class=\"col label w-1\/2 py-2 text-left text-gray-700 font-normal product-attribute-label\" scope=\"row\">Soja<\/th>\n<td class=\"col data w-1\/2 py-2 pl-2 text-left text-gray-900 product-attribute-value\" data-th=\"Soja\">Tak<\/td>\n<\/tr>\n<tr class=\"border-b border-gray-300 last:border-b-0\">\n<th class=\"col label w-1\/2 py-2 text-left text-gray-700 font-normal product-attribute-label\" scope=\"row\">Wieprzowina<\/th>\n<td class=\"col data w-1\/2 py-2 pl-2 text-left text-gray-900 product-attribute-value\" data-th=\"Varkensvlees\">Nie<\/td>\n<\/tr>\n<tr class=\"border-b border-gray-300 last:border-b-0\">\n<th class=\"col label w-1\/2 py-2 text-left text-gray-700 font-normal product-attribute-label\" scope=\"row\">Ryba<\/th>\n<td class=\"col data w-1\/2 py-2 pl-2 text-left text-gray-900 product-attribute-value\" data-th=\"Vis\">Nie<\/td>\n<\/tr>\n<tr class=\"border-b border-gray-300 last:border-b-0\">\n<th class=\"col label w-1\/2 py-2 text-left text-gray-700 font-normal product-attribute-label\" scope=\"row\">Ma\u0142e zwierz\u0119ta<\/th>\n<td class=\"col data w-1\/2 py-2 pl-2 text-left text-gray-900 product-attribute-value\" data-th=\"Weekdieren\">Nie<\/td>\n<\/tr>\n<tr class=\"border-b border-gray-300 last:border-b-0\">\n<th class=\"col label w-1\/2 py-2 text-left text-gray-700 font-normal product-attribute-label\" scope=\"row\">Marchewka<\/th>\n<td class=\"col data w-1\/2 py-2 pl-2 text-left text-gray-900 product-attribute-value\" data-th=\"Wortel\">Nie<\/td>\n<\/tr>\n<tr class=\"border-b border-gray-300 last:border-b-0\">\n<th class=\"col label w-1\/2 py-2 text-left text-gray-700 font-normal product-attribute-label\" scope=\"row\">Dwutlenek siarki i siarczyny<\/th>\n<td class=\"col data w-1\/2 py-2 pl-2 text-left text-gray-900 product-attribute-value\" data-th=\"Zwaveldioxide en sulfieten\">Nie<\/td>\n<\/tr>\n<\/table>\n<\/div>\n<\/div>\n<p><button class=\"show-hide flex justify-left gap-2 text-secondary border-0\"><br \/>\n<span class=\"inline-block font-bold text-[0.875rem]\">Wi\u0119cej<\/span><br \/>\n<span class=\"inline-block font-bold text-[0.875rem] hidden\">Mniej<\/span><\/p>\n<p><\/button><br \/>\n<\/article>\n<article class=\"product-info text-wrapper pb-4 sm:pb-0 border-b border-primary-darker sm:border-0 open\" data-id=\"i99\" id=\"product-attributes-overig\">\n<div class=\"container mx-auto flex py-1 my-2 sm:mt-5 sm:mb-3 md:flex-row cursor-pointer sm:cursor-default\">\n<h2 class=\"flex text-2xl title-font font-bold text-left w-full\">Inne szczeg\u00f3\u0142y<\/p>\n<\/h2>\n<\/div>\n<div class=\"w-full section text-15 font-light\">\n<div class=\"table-wrapper max-w-prose overflow-x-auto\" id=\"product-attributes-overig-data\">\n<table class=\"additional-attributes w-full\">\n<tr class=\"border-b border-gray-300 last:border-b-0\">\n<th class=\"col label w-1\/2 py-2 align-top text-left text-gray-700 font-normal product-attribute-label\" scope=\"row\">Kraj pochodzenia<\/th>\n<td class=\"col data w-1\/2 py-2 pl-2 text-left text-gray-900 product-attribute-value\" data-th=\"Land van herkomst\">Turcja<\/td>\n<\/tr>\n<tr class=\"border-b border-gray-300 last:border-b-0\">\n<th class=\"col label w-1\/2 py-2 align-top text-left text-gray-700 font-normal product-attribute-label\" scope=\"row\">Sk\u0142adniki<\/th>\n<td class=\"col data w-1\/2 py-2 pl-2 text-left text-gray-900 product-attribute-value\" data-th=\"Ingredi\u00ebnten\">\n<p><span style=\"font-size: 10px;line-height: 10px\">Czarny bez<\/span><\/p>\n<p><span style=\"font-size: 10px;line-height: 10px\">Mo\u017ce zawiera\u0107 \u015bladowe ilo\u015bci: Zbo\u017ca zawieraj\u0105ce gluten, Orzechy, Orzeszki ziemne, Nasiona sezamu, Soja.<\/span><\/p>\n<p><span style=\"font-size: 10px;line-height: 10px\"><em><strong><u>Jagody morwy s\u0105 produktem naturalnym i mog\u0105 zawiera\u0107 \u015blady zanieczyszcze\u0144 (ga\u0142\u0105zki, \u0142ody\u017cki, glin\u0119 lub kamyki).<\/u><\/strong><\/em><\/span><\/p>\n<\/td>\n<\/tr>\n<\/table>\n<\/div>\n<\/div>\n<\/article>\n<article class=\"product-info text-wrapper pb-4 sm:pb-0 border-b border-primary-darker sm:border-0 close\" data-id=\"i5\" id=\"description\">\n<div class=\"container mx-auto flex py-1 my-2 sm:mt-5 sm:mb-3 md:flex-row cursor-pointer sm:cursor-default\">\n<h2 class=\"flex text-2xl title-font font-bold text-left w-full\">O tym produkcie<\/p>\n<\/h2>\n<\/div>\n<div class=\"w-full section text-15 font-light\">\n<div class=\"content\">\n<h2 class=\"Textbody\">Czarny bez<\/h2>\n<p class=\"Textbody\">Te jagody pochodz\u0105 z morwy. Z rodziny Moraceae. Na d\u0142ugo przed naszym kalendarzem, drzewo to by\u0142o ju\u017c cz\u0119\u015bci\u0105 \u0142a\u0144cucha pokarmowego ludzi w Chinach. Drzewo ro\u015bnie g\u0142\u00f3wnie w regionach subtropikalnych, takich jak te wyst\u0119puj\u0105ce w Azji, Afryce i Ameryce Po\u0142udniowej. Jagody s\u0105 \u015bwie\u017ce, ale maj\u0105 kr\u00f3tki okres przydatno\u015bci do spo\u017cycia. Dlatego suszy si\u0119 je na s\u0142o\u0144cu. Dzi\u0119ki temu d\u0142u\u017cej zachowuj\u0105 \u015bwie\u017co\u015b\u0107.<\/p>\n<p class=\"Textbody\">Morwa jest znana jako drzewo jedwabnika. Li\u015bcie tego drzewa s\u0105 po\u017cywieniem jedwabnika. Bez tych li\u015bci nie ma jedwabnika. Owoce s\u0105 naszym po\u017cywieniem. Chocia\u017c \u015bwie\u017ce owoce s\u0105 ma\u0142o znane w Holandii, suszone owoce s\u0105 dobrze znane. Istnieje ponad 100 gatunk\u00f3w morwy. Najbardziej znane s\u0105 bia\u0142e, czerwone i czarne. Je\u015bli chodzi o s\u0142odycz, nieznacznie si\u0119 od siebie r\u00f3\u017cni\u0105, ale wszystkie s\u0105 pyszne. Podczas gdy czerwone i czarne s\u0105 \u201es\u0142odkie jak mi\u00f3d\u201d, bia\u0142a jest nieco mniej s\u0142odka!<\/p>\n<p class=\"Textbody\">Kiedy\u015b, nawet dawno temu, morwy i jedwabniki by\u0142y przemycane z Chin i rozprzestrzeniane przez zdobywc\u00f3w na du\u017ce cz\u0119\u015bci \u015bwiata. Morwa jest ro\u015blin\u0105 nasienn\u0105 i nadaje si\u0119 do pozyskiwania nowych nasadze\u0144. Drzewa morwowe to pi\u0119kne drzewa ozdobne, kt\u00f3re ze wzgl\u0119du na sw\u00f3j system korzeniowy nie rosn\u0105 prosto, lecz maj\u0105 tendencj\u0119 do krzywego wzrostu, a nawet mog\u0105 rosn\u0105\u0107 p\u00f3\u0142le\u017c\u0105ce. W Holandii r\u00f3wnie\u017c wyst\u0119puj\u0105 drzewa morwowe, kt\u00f3re zdobi\u0105 ogrody i parki. Chocia\u017c nie s\u0105 to specyficzne chi\u0144skie gatunki, r\u00f3wnie\u017c owocuj\u0105. W Holandii nie mo\u017cna wykorzysta\u0107 tego drzewa jako pokarmu dla jedwabnik\u00f3w. Jest to niemo\u017cliwe ze wzgl\u0119d\u00f3w klimatycznych. Zbyt zimno!<\/p>\n<p class=\"Textbody\">Drzewo mo\u017cna zbiera\u0107 kilka razy w roku. Bia\u0142e owoce zwykle pochodz\u0105 z m\u0142odych drzew, a czerwone i czarne ze starszych. Morwy lub moerbeibessen przypominaj\u0105 d\u0142ugie, w\u0105skie je\u017cyny. M\u00f3wi si\u0119, \u017ce z\u0142odzieja owoc\u00f3w mo\u017cna rozpozna\u0107 po ich d\u0142oniach! Kolor, kt\u00f3ry jagody uwalniaj\u0105 podczas zrywania, jest tak intensywny, \u017ce d\u0142onie d\u0142ugo wracaj\u0105 do swojego normalnego koloru. W m\u0105drych, \u015bwi\u0119tych ksi\u0119gach morwa jest wspominana jako pi\u0119kne, owocuj\u0105ce drzewo, kt\u00f3re zaspokaja potrzeby g\u0142odnych \u017co\u0142\u0105dk\u00f3w!<\/p>\n<h2 class=\"Textbody\">Sk\u0142adniki od\u017cywcze<\/h2>\n<p class=\"Textbody\">Gdyby nie to, \u017ce w medycynie chi\u0144skiej morw\u0119 od korony po korzenie przetwarzano na lekarstwa, gdzie ka\u017cda cz\u0119\u015b\u0107 mia\u0142a swoj\u0105 okre\u015blon\u0105 moc lecznicz\u0105, dzi\u015b jej owoc r\u00f3wnie\u017c zosta\u0142 wyniesiony do rangi super\u017cywno\u015bci! Wysoki poziom smaku sprawia, \u017ce owoc ten doskonale nadaje si\u0119 do \u0142\u0105czenia z innymi owocami o nieprzyjemnym smaku. Zw\u0142aszcza w naturalnym uzdrawianiu jest to przyjemny dodatkowy atut.<\/p>\n<p class=\"Textbody\">Nic dziwnego, \u017ce morwie przypisuje si\u0119 termin super\u017cywno\u015b\u0107, gdy we\u017amie si\u0119 pod uwag\u0119, co ten ma\u0142y owoc ma do zaoferowania. Ca\u0142y zakres dobrych i zdrowych makro- oraz mikroelement\u00f3w mo\u017cna znale\u017a\u0107 w tym niewielkim owocu. Wymie\u0144my je! Witaminy i minera\u0142y, bia\u0142ka, t\u0142uszcze oraz w\u0119glowodany (oczywi\u015bcie te dobre). Wszystkie niezb\u0119dne w\u0142a\u015bciwo\u015bci dla zdrowego cia\u0142a!<\/p>\n<p class=\"Textbody\">Je\u015bli zjesz je jako przek\u0105sk\u0119, szybko poczujesz si\u0119 syty i zdrowy dzi\u0119ki obecnym bia\u0142kom i b\u0142onnikowi, w efekcie rzadziej si\u0119gniesz po co\u015b niezdrowego. Je\u015bli masz zaparcia, regularnie przyjmuj gar\u015b\u0107 owoc\u00f3w morwy, a na b\u00f3l gard\u0142a i afty, czyli bolesne ma\u0142e owrzodzenia w jamie ustnej, mocny napar z morwy stanowi przyjemn\u0105 p\u0142ukank\u0119, kt\u00f3r\u0105 mo\u017cna r\u00f3wnie\u017c po\u0142kn\u0105\u0107.<\/p>\n<p class=\"Textbody\">Czarny bez jest idealny do przygotowania zdrowych batonik\u00f3w! Na \u015bniadanie, przek\u0105sk\u0119, zastrzyk energii lub kiedy tylko masz ochot\u0119. To dlatego, \u017ce s\u0105 lekko \u017cuj\u0105ce i maj\u0105 przyjemny smak. Zdrowe batoniki s\u0105 \u0142atwe do zrobienia. Wymieszaj r\u00f3\u017cne nasiona i pokrojone suszone owoce bez dodatku cukru, a je\u015bli chcesz, dodaj troch\u0119 drobno posiekanych orzech\u00f3w oraz olej kokosowy, aby uzyska\u0107 g\u0142adk\u0105 mas\u0119. Prze\u0142\u00f3\u017c mas\u0119 do p\u0142askiego naczynia wy\u0142o\u017conego papierem do pieczenia i sch\u0142od\u017a w lod\u00f3wce przez oko\u0142o godzin\u0119. Potem pozostaje tylko podzieli\u0107! To od ciebie zale\u017cy, jak du\u017ce powinny by\u0107 batoniki! Smacznego!<\/p>\n<p class=\"Textbody\">Nie masz ochoty kupowa\u0107 wszystkich sk\u0142adnik\u00f3w do tych zdrowych batonik\u00f3w? Wybierz nasze zbilansowane mieszanki, w kt\u00f3rych morwa stanowi bogat\u0105 cz\u0119\u015b\u0107.<\/p>\n<p class=\"Textbody\">O alergiach lub nietolerancji tych jag\u00f3d wiadomo niewiele lub nic. M\u00f3wi si\u0119 nawet, \u017ce spo\u017cywanie du\u017cych ilo\u015bci tych pere\u0142ek nie mo\u017ce zaszkodzi\u0107. Jednak nale\u017cy zachowa\u0107 ostro\u017cno\u015b\u0107: osobom, kt\u00f3re chc\u0105 schudn\u0105\u0107, zaleca si\u0119 zmniejszenie du\u017cych ilo\u015bci o po\u0142ow\u0119 lub ograniczenie ich do zaledwie kilku \u0142y\u017cek!<\/p>\n<p class=\"Textbody\">W kontek\u015bcie, gdzie wspomina si\u0119 o produktach bezglutenowych i bezlaktozowych, jagoda morwy jest wolna jak ptak w powietrzu! \u017badnej niewygodnej \"wolno\u015bci\" nie mo\u017cna przypisa\u0107 jagodzie morwy.<\/p>\n<p class=\"Textbody\">Czy umie\u015bci\u0142by\u015b owoce morwy na czterech filarach i nazwa\u0142 je, a nast\u0119pnie mamy trzy zdrowe, zdrowe i zdrowe! Czwarty filar to tylko filar, ale mo\u017ce ukrywa\u0107 w swojej strukturze odrobin\u0119 w\u0105tpliwo\u015bci. Oczywi\u015bcie i naturalnie, zaleca si\u0119, aby ci, kt\u00f3rzy maj\u0105 w\u0105tpliwo\u015bci, skonsultowali si\u0119 z ekspertem przed spo\u017cyciem.<\/p>\n<h2 class=\"Textbody\"><i>Zmienia\u0107<\/i><\/h2>\n<p class=\"Textbody\">Chocia\u017c morwy mog\u0105 nie wygl\u0105da\u0107 na najbardziej atrakcyjne owoce, z pewno\u015bci\u0105 s\u0105 dekoracyjne. Nie wygl\u0105daj\u0105 nie na miejscu jako bogaty dodatek na (miodowym) cie\u015bcie z kleksem bitej \u015bmietany. W sa\u0142atce s\u0105 uderzaj\u0105cymi \"ma\u0142ymi buraczkami\" i z pewno\u015bci\u0105 wyr\u00f3\u017cniaj\u0105 si\u0119 na bia\u0142ym, kremowym tle dzi\u0119ki jogurtowi. Jagoda jest niezast\u0105piona w ciasteczkach i d\u017cemach.<\/p>\n<p class=\"Textbody\">W procesie suszenia smak morwy staje si\u0119 jeszcze s\u0142odszy, miodowy. A sk\u00f3rka staje si\u0119 chrupi\u0105ca dzi\u0119ki suszeniu. Mimo to morwy maj\u0105 r\u00f3wnie\u017c mi\u0119kkie wn\u0119trze. W \u015brodku s\u0105 tak samo mi\u0119kkie jak figi i rodzynki.<\/p>\n<p class=\"Textbody\">Oczywi\u015bcie, te wyj\u0105tkowo smaczne przek\u0105ski powstaj\u0105 poprzez mieszanie z innymi suszonymi owocami i orzechami. Morwa jest niezast\u0105pionym produktem w naszych mieszankach w\u0142a\u015bnie z tego powodu. Znajdziesz je w naszej r\u0119cznie zbilansowanej mieszance paleo, mieszance super mocy oraz mieszance super \u017cywno\u015bci. Ta ostatnia nie zawiera orzech\u00f3w i sk\u0142ada si\u0119 wy\u0142\u0105cznie z suszonych owoc\u00f3w z nasionami.<\/p>\n<p class=\"Textbody\">Aby nie by\u0142o nieporozumie\u0144, gar\u015b\u0107 morwy to zdrowa przek\u0105ska na przyj\u0119ciu, a je\u015bli wolisz s\u0142odk\u0105 wersj\u0119 zamiast wytrawnej podczas drink\u00f3w, wyb\u00f3r morwy to doskona\u0142a przek\u0105ska.<\/p>\n<h2 class=\"Textbody\">Asortyment<\/h2>\n<p class=\"Textbody\">Nasze bia\u0142e lu\u017ane owoce morwy pochodz\u0105 z Turcji i s\u0105 dost\u0119pne od 250 gram\u00f3w.<\/p>\n<p class=\"Textbody\">Je\u017cyny s\u0105 wst\u0119pnie zapakowane z marki Your Organic Nature, 250 gram\u00f3w.<\/p>\n<p class=\"Textbody\">Pyszne mieszanki paleo, superfood i super mocy s\u0105 r\u00f3wnie\u017c dost\u0119pne od 250 gram\u00f3w. Jemy je codziennie! Jeste\u015bmy prawie pewni! Spr\u00f3buj ich! Znajdziesz je r\u00f3wnie pyszne, jak my!<\/p>\n<\/div>\n<\/div>\n<p><button class=\"show-hide flex justify-left gap-2 text-secondary\"><br \/>\n<span class=\"inline-block font-bold text-[0.875rem]\">Wi\u0119cej<\/span><br \/>\n<span class=\"inline-block font-bold text-[0.875rem] hidden\">Mniej<\/span><\/p>\n<p><\/button><br \/>\n<\/article>","protected":false},"excerpt":{"rendered":"<p>Description These blueberries are a real superfood. They are rich in iron, calcium, antioxidants, fiber, and vitamins C and K. Elderberries look a bit strange, but taste fruity and honey-like sweet. The skin gives them a crunchy bite and inside they&#8217;re deliciously soft. Eat them as a snack or add them to quark or a [&hellip;]<\/p>","protected":false},"featured_media":2624,"comment_status":"open","ping_status":"closed","template":"","meta":[],"product_brand":[],"product_cat":[81,57],"product_tag":[],"class_list":{"0":"post-2625","1":"product","2":"type-product","3":"status-publish","4":"has-post-thumbnail","6":"product_cat-berries","7":"product_cat-dried-fruit","9":"first","10":"instock","11":"shipping-taxable","12":"purchasable","13":"product-type-variable"},"_links":{"self":[{"href":"https:\/\/accido.pl\/pl\/wp-json\/wp\/v2\/product\/2625","targetHints":{"allow":["GET"]}}],"collection":[{"href":"https:\/\/accido.pl\/pl\/wp-json\/wp\/v2\/product"}],"about":[{"href":"https:\/\/accido.pl\/pl\/wp-json\/wp\/v2\/types\/product"}],"replies":[{"embeddable":true,"href":"https:\/\/accido.pl\/pl\/wp-json\/wp\/v2\/comments?post=2625"}],"wp:featuredmedia":[{"embeddable":true,"href":"https:\/\/accido.pl\/pl\/wp-json\/wp\/v2\/media\/2624"}],"wp:attachment":[{"href":"https:\/\/accido.pl\/pl\/wp-json\/wp\/v2\/media?parent=2625"}],"wp:term":[{"taxonomy":"product_brand","embeddable":true,"href":"https:\/\/accido.pl\/pl\/wp-json\/wp\/v2\/product_brand?post=2625"},{"taxonomy":"product_cat","embeddable":true,"href":"https:\/\/accido.pl\/pl\/wp-json\/wp\/v2\/product_cat?post=2625"},{"taxonomy":"product_tag","embeddable":true,"href":"https:\/\/accido.pl\/pl\/wp-json\/wp\/v2\/product_tag?post=2625"}],"curies":[{"name":"wp","href":"https:\/\/api.w.org\/{rel}","templated":true}]}}