{"id":2599,"date":"2025-06-01T13:22:07","date_gmt":"2025-06-01T13:22:07","guid":{"rendered":"https:\/\/accido.pl\/product\/figs\/"},"modified":"2025-06-01T13:22:10","modified_gmt":"2025-06-01T13:22:10","slug":"figs","status":"publish","type":"product","link":"https:\/\/accido.pl\/pl\/produkt\/figs\/","title":{"rendered":"Figi"},"content":{"rendered":"<article class=\"product-info text-wrapper pb-4 sm:pb-0 border-b border-primary-darker sm:border-0 close\" data-id=\"i2\" id=\"short-description\">\n<div class=\"container mx-auto flex py-1 my-2 sm:mt-5 sm:mb-3 md:flex-row cursor-pointer sm:cursor-default\">\n<h2 class=\"flex text-2xl title-font font-bold text-left w-full\">Opis<\/p>\n<\/h2>\n<\/div>\n<div class=\"w-full section text-15 font-light\">\n<div class=\"content\">\n<p>Te suszone figi s\u0105 niesamowicie pyszne! Maj\u0105 s\u0142odki smak i chrupi\u0105c\u0105 konsystencj\u0119 dzi\u0119ki nasionom w owocu. \u015awietne jako przek\u0105ska lub na desce ser\u00f3w. Mo\u017cesz te\u017c doda\u0107 je do jogurtu lub sa\u0142atki!<\/p>\n<p>\u00a0<\/p>\n<p>A figi s\u0105 nie tylko pyszne \u2013 s\u0105 r\u00f3wnie\u017c niezwykle zdrowe. Zawieraj\u0105 wa\u017cne witaminy i minera\u0142y! Figi wspomagaj\u0105 prawid\u0142owe ruchy jelit, stabilny poziom cukru we krwi, mocne ko\u015bci i \u0142agodz\u0105 b\u00f3l gard\u0142a.<\/p>\n<p>\u00a0<\/p>\n<p><em>Sezon na figi dobieg\u0142 ko\u0144ca. Nasze figi s\u0105 nadal dost\u0119pne, jednak maj\u0105 inn\u0105 jako\u015b\u0107 ni\u017c ta, do kt\u00f3rej jeste\u015bcie przyzwyczajeni.<\/em><\/p>\n<p><em>Nutamo oferuje figi najwy\u017cszej jako\u015bci (nowe zbiory) dost\u0119pne od wrze\u015bnia\/pa\u017adziernika. Aby zapewni\u0107 jak najlepsz\u0105 aktualn\u0105 jako\u015b\u0107 fig, Nutamo przetwarza swoje figi m\u0105k\u0105 ry\u017cow\u0105, aby maksymalnie wyd\u0142u\u017cy\u0107 ich okres przydatno\u015bci do spo\u017cycia.<\/em><\/p>\n<\/div>\n<\/div>\n<p><button class=\"show-hide flex justify-left gap-2 text-secondary\"><br \/>\n<span class=\"inline-block font-bold text-[0.875rem]\">Wi\u0119cej<\/span><br \/>\n<span class=\"inline-block font-bold text-[0.875rem] hidden\">Mniej<\/span><\/p>\n<p><\/button><br \/>\n<\/article>\n<article class=\"product-info text-wrapper open pb-4 sm:pb-0 border-b border-primary-darker sm:border-0\" data-id=\"i21\" id=\"product-attributes-21\">\n<div class=\"container mx-auto flex py-1 my-2 sm:mt-5 sm:mb-3 md:flex-row cursor-pointer sm:cursor-default\">\n<h2 class=\"flex text-2xl title-font font-bold text-left w-full\">Warto\u015b\u0107 od\u017cywcza na 100 gram\u00f3w<\/p>\n<\/h2>\n<\/div>\n<div class=\"w-full section text-15 font-light\">\n<div class=\"table-wrapper max-w-prose overflow-x-auto\" id=\"product-attributes-21-data\">\n<table class=\"additional-attributes w-full\">\n<tr class=\"border-b border-gray-300 last:border-b-0\">\n<th class=\"col label w-1\/2 py-2 text-left text-gray-700 font-normal product-attribute-label\" scope=\"row\">Energia (kJ)<\/th>\n<td class=\"col data w-1\/2 py-2 pl-2 text-left text-gray-900 product-attribute-value\" data-th=\"Energie (KJ)\">1088<\/td>\n<\/tr>\n<tr class=\"border-b border-gray-300 last:border-b-0\">\n<th class=\"col label w-1\/2 py-2 text-left text-gray-700 font-normal product-attribute-label\" scope=\"row\">Energia (kalorie)<\/th>\n<td class=\"col data w-1\/2 py-2 pl-2 text-left text-gray-900 product-attribute-value\" data-th=\"Energie (kcal)\">257<\/td>\n<\/tr>\n<tr class=\"border-b border-gray-300 last:border-b-0\">\n<th class=\"col label w-1\/2 py-2 text-left text-gray-700 font-normal product-attribute-label\" scope=\"row\">T\u0142uszcze<\/th>\n<td class=\"col data w-1\/2 py-2 pl-2 text-left text-gray-900 product-attribute-value\" data-th=\"Totaal vet\">0,9 g<\/td>\n<\/tr>\n<tr class=\"border-b border-gray-300 last:border-b-0\">\n<th class=\"col label w-1\/2 py-2 text-left text-gray-700 font-normal product-attribute-label\" scope=\"row\">T\u0142uszcz nasycony<\/th>\n<td class=\"col data w-1\/2 py-2 pl-2 text-left text-gray-900 product-attribute-value\" data-th=\"Verzadigd vet\">0,1 g<\/td>\n<\/tr>\n<tr class=\"border-b border-gray-300 last:border-b-0\">\n<th class=\"col label w-1\/2 py-2 text-left text-gray-700 font-normal product-attribute-label\" scope=\"row\">Jednonienasycone t\u0142uszcze<\/th>\n<td class=\"col data w-1\/2 py-2 pl-2 text-left text-gray-900 product-attribute-value\" data-th=\"Enkelvoudig onverzadigd vet\">0,2 g<\/td>\n<\/tr>\n<tr class=\"border-b border-gray-300 last:border-b-0\">\n<th class=\"col label w-1\/2 py-2 text-left text-gray-700 font-normal product-attribute-label\" scope=\"row\">Wielonienasycony t\u0142uszcz<\/th>\n<td class=\"col data w-1\/2 py-2 pl-2 text-left text-gray-900 product-attribute-value\" data-th=\"Meervoudig onverzadigd vet\">0,3 g<\/td>\n<\/tr>\n<tr class=\"border-b border-gray-300 last:border-b-0\">\n<th class=\"col label w-1\/2 py-2 text-left text-gray-700 font-normal product-attribute-label\" scope=\"row\">Nasycone kwasy t\u0142uszczowe<\/th>\n<td class=\"col data w-1\/2 py-2 pl-2 text-left text-gray-900 product-attribute-value\" data-th=\"Waarvan verzadigde vetzuren\">0,1 g<\/td>\n<\/tr>\n<tr class=\"border-b border-gray-300 last:border-b-0\">\n<th class=\"col label w-1\/2 py-2 text-left text-gray-700 font-normal product-attribute-label\" scope=\"row\">W\u0119glowodany<\/th>\n<td class=\"col data w-1\/2 py-2 pl-2 text-left text-gray-900 product-attribute-value\" data-th=\"Koolhydraten\">54,1 g<\/td>\n<\/tr>\n<tr class=\"border-b border-gray-300 last:border-b-0\">\n<th class=\"col label w-1\/2 py-2 text-left text-gray-700 font-normal product-attribute-label\" scope=\"row\">Z cukr\u00f3w<\/th>\n<td class=\"col data w-1\/2 py-2 pl-2 text-left text-gray-900 product-attribute-value\" data-th=\"Waarvan suikers\">47,9 g<\/td>\n<\/tr>\n<tr class=\"border-b border-gray-300 last:border-b-0\">\n<th class=\"col label w-1\/2 py-2 text-left text-gray-700 font-normal product-attribute-label\" scope=\"row\">Bia\u0142ka<\/th>\n<td class=\"col data w-1\/2 py-2 pl-2 text-left text-gray-900 product-attribute-value\" data-th=\"Eiwitten\">3,3 g<\/td>\n<\/tr>\n<tr class=\"border-b border-gray-300 last:border-b-0\">\n<th class=\"col label w-1\/2 py-2 text-left text-gray-700 font-normal product-attribute-label\" scope=\"row\">S\u00f3l<\/th>\n<td class=\"col data w-1\/2 py-2 pl-2 text-left text-gray-900 product-attribute-value\" data-th=\"Zout\">0,025 g<\/td>\n<\/tr>\n<tr class=\"border-b border-gray-300 last:border-b-0\">\n<th class=\"col label w-1\/2 py-2 text-left text-gray-700 font-normal product-attribute-label\" scope=\"row\">W\u0142\u00f3kna<\/th>\n<td class=\"col data w-1\/2 py-2 pl-2 text-left text-gray-900 product-attribute-value\" data-th=\"Vezels\">9,8 g<\/td>\n<\/tr>\n<\/table>\n<\/div>\n<\/div>\n<p><button class=\"show-hide flex justify-left gap-2 text-secondary\"><br \/>\n<span class=\"inline-block font-bold text-[0.875rem]\">Wi\u0119cej<\/span><br \/>\n<span class=\"inline-block font-bold text-[0.875rem] hidden\">Mniej<\/span><\/p>\n<p><\/button><br \/>\n<\/article>\n<article class=\"product-info text-wrapper open pb-4 sm:pb-0 border-b border-primary-darker sm:border-0\" data-id=\"i22\" id=\"product-attributes-22\">\n<div class=\"container mx-auto flex py-1 my-2 sm:mt-5 sm:mb-3 md:flex-row cursor-pointer sm:cursor-default\">\n<h2 class=\"flex text-2xl title-font font-bold text-left w-full\">Alergeny<\/p>\n<\/h2>\n<\/div>\n<div class=\"w-full section text-15 font-light\">\n<div class=\"table-wrapper max-w-prose overflow-x-auto\" id=\"product-attributes-22-data\">\n<table class=\"additional-attributes w-full\">\n<tr class=\"border-b border-gray-300 last:border-b-0\">\n<th class=\"col label w-1\/2 py-2 text-left text-gray-700 font-normal product-attribute-label\" scope=\"row\">Kakao<\/th>\n<td class=\"col data w-1\/2 py-2 pl-2 text-left text-gray-900 product-attribute-value\" data-th=\"Cacao\">Nie<\/td>\n<\/tr>\n<tr class=\"border-b border-gray-300 last:border-b-0\">\n<th class=\"col label w-1\/2 py-2 text-left text-gray-700 font-normal product-attribute-label\" scope=\"row\">Jajka<\/th>\n<td class=\"col data w-1\/2 py-2 pl-2 text-left text-gray-900 product-attribute-value\" data-th=\"Eieren\">Nie<\/td>\n<\/tr>\n<tr class=\"border-b border-gray-300 last:border-b-0\">\n<th class=\"col label w-1\/2 py-2 text-left text-gray-700 font-normal product-attribute-label\" scope=\"row\">Glutaminian (E620 do E625)<\/th>\n<td class=\"col data w-1\/2 py-2 pl-2 text-left text-gray-900 product-attribute-value\" data-th=\"Glutamaat (E620 t\/m E625)\">Nie<\/td>\n<\/tr>\n<tr class=\"border-b border-gray-300 last:border-b-0\">\n<th class=\"col label w-1\/2 py-2 text-left text-gray-700 font-normal product-attribute-label\" scope=\"row\">Ziarna zawieraj\u0105ce gluten<\/th>\n<td class=\"col data w-1\/2 py-2 pl-2 text-left text-gray-900 product-attribute-value\" data-th=\"Glutenbevattende granen\">Tak<\/td>\n<\/tr>\n<tr class=\"border-b border-gray-300 last:border-b-0\">\n<th class=\"col label w-1\/2 py-2 text-left text-gray-700 font-normal product-attribute-label\" scope=\"row\">Mi\u0119so z kurczaka<\/th>\n<td class=\"col data w-1\/2 py-2 pl-2 text-left text-gray-900 product-attribute-value\" data-th=\"Kippenvlees\">Nie<\/td>\n<\/tr>\n<tr class=\"border-b border-gray-300 last:border-b-0\">\n<th class=\"col label w-1\/2 py-2 text-left text-gray-700 font-normal product-attribute-label\" scope=\"row\">Kolendra<\/th>\n<td class=\"col data w-1\/2 py-2 pl-2 text-left text-gray-900 product-attribute-value\" data-th=\"Koriander\">Nie<\/td>\n<\/tr>\n<tr class=\"border-b border-gray-300 last:border-b-0\">\n<th class=\"col label w-1\/2 py-2 text-left text-gray-700 font-normal product-attribute-label\" scope=\"row\">\u0141ubin<\/th>\n<td class=\"col data w-1\/2 py-2 pl-2 text-left text-gray-900 product-attribute-value\" data-th=\"Lupine\">Nie<\/td>\n<\/tr>\n<tr class=\"border-b border-gray-300 last:border-b-0\">\n<th class=\"col label w-1\/2 py-2 text-left text-gray-700 font-normal product-attribute-label\" scope=\"row\">Ale<\/th>\n<td class=\"col data w-1\/2 py-2 pl-2 text-left text-gray-900 product-attribute-value\" data-th=\"Mais\">Nie<\/td>\n<\/tr>\n<tr class=\"border-b border-gray-300 last:border-b-0\">\n<th class=\"col label w-1\/2 py-2 text-left text-gray-700 font-normal product-attribute-label\" scope=\"row\">Mleko<\/th>\n<td class=\"col data w-1\/2 py-2 pl-2 text-left text-gray-900 product-attribute-value\" data-th=\"Melk\">Nie<\/td>\n<\/tr>\n<tr class=\"border-b border-gray-300 last:border-b-0\">\n<th class=\"col label w-1\/2 py-2 text-left text-gray-700 font-normal product-attribute-label\" scope=\"row\">Musztarda<\/th>\n<td class=\"col data w-1\/2 py-2 pl-2 text-left text-gray-900 product-attribute-value\" data-th=\"Mosterd\">Nie<\/td>\n<\/tr>\n<tr class=\"border-b border-gray-300 last:border-b-0\">\n<th class=\"col label w-1\/2 py-2 text-left text-gray-700 font-normal product-attribute-label\" scope=\"row\">Orzechy<\/th>\n<td class=\"col data w-1\/2 py-2 pl-2 text-left text-gray-900 product-attribute-value\" data-th=\"Noten\">Tak<\/td>\n<\/tr>\n<tr class=\"border-b border-gray-300 last:border-b-0\">\n<th class=\"col label w-1\/2 py-2 text-left text-gray-700 font-normal product-attribute-label\" scope=\"row\">Ro\u015bliny str\u0105czkowe<\/th>\n<td class=\"col data w-1\/2 py-2 pl-2 text-left text-gray-900 product-attribute-value\" data-th=\"Peulvruchten\">Nie<\/td>\n<\/tr>\n<tr class=\"border-b border-gray-300 last:border-b-0\">\n<th class=\"col label w-1\/2 py-2 text-left text-gray-700 font-normal product-attribute-label\" scope=\"row\">Orzech ziemny<\/th>\n<td class=\"col data w-1\/2 py-2 pl-2 text-left text-gray-900 product-attribute-value\" data-th=\"Pinda\">Tak<\/td>\n<\/tr>\n<tr class=\"border-b border-gray-300 last:border-b-0\">\n<th class=\"col label w-1\/2 py-2 text-left text-gray-700 font-normal product-attribute-label\" scope=\"row\">\u017byto<\/th>\n<td class=\"col data w-1\/2 py-2 pl-2 text-left text-gray-900 product-attribute-value\" data-th=\"Rogge\">Nie<\/td>\n<\/tr>\n<tr class=\"border-b border-gray-300 last:border-b-0\">\n<th class=\"col label w-1\/2 py-2 text-left text-gray-700 font-normal product-attribute-label\" scope=\"row\">Wo\u0142owina<\/th>\n<td class=\"col data w-1\/2 py-2 pl-2 text-left text-gray-900 product-attribute-value\" data-th=\"Rundvlees\">Nie<\/td>\n<\/tr>\n<tr class=\"border-b border-gray-300 last:border-b-0\">\n<th class=\"col label w-1\/2 py-2 text-left text-gray-700 font-normal product-attribute-label\" scope=\"row\">Skorupiaki<\/th>\n<td class=\"col data w-1\/2 py-2 pl-2 text-left text-gray-900 product-attribute-value\" data-th=\"Schaaldieren\">Nie<\/td>\n<\/tr>\n<tr class=\"border-b border-gray-300 last:border-b-0\">\n<th class=\"col label w-1\/2 py-2 text-left text-gray-700 font-normal product-attribute-label\" scope=\"row\">Seler<\/th>\n<td class=\"col data w-1\/2 py-2 pl-2 text-left text-gray-900 product-attribute-value\" data-th=\"Selderij\">Nie<\/td>\n<\/tr>\n<tr class=\"border-b border-gray-300 last:border-b-0\">\n<th class=\"col label w-1\/2 py-2 text-left text-gray-700 font-normal product-attribute-label\" scope=\"row\">Nasionko sezamu<\/th>\n<td class=\"col data w-1\/2 py-2 pl-2 text-left text-gray-900 product-attribute-value\" data-th=\"Sesamzaad\">Tak<\/td>\n<\/tr>\n<tr class=\"border-b border-gray-300 last:border-b-0\">\n<th class=\"col label w-1\/2 py-2 text-left text-gray-700 font-normal product-attribute-label\" scope=\"row\">Soja<\/th>\n<td class=\"col data w-1\/2 py-2 pl-2 text-left text-gray-900 product-attribute-value\" data-th=\"Soja\">Tak<\/td>\n<\/tr>\n<tr class=\"border-b border-gray-300 last:border-b-0\">\n<th class=\"col label w-1\/2 py-2 text-left text-gray-700 font-normal product-attribute-label\" scope=\"row\">Wieprzowina<\/th>\n<td class=\"col data w-1\/2 py-2 pl-2 text-left text-gray-900 product-attribute-value\" data-th=\"Varkensvlees\">Nie<\/td>\n<\/tr>\n<tr class=\"border-b border-gray-300 last:border-b-0\">\n<th class=\"col label w-1\/2 py-2 text-left text-gray-700 font-normal product-attribute-label\" scope=\"row\">Ryba<\/th>\n<td class=\"col data w-1\/2 py-2 pl-2 text-left text-gray-900 product-attribute-value\" data-th=\"Vis\">Nie<\/td>\n<\/tr>\n<tr class=\"border-b border-gray-300 last:border-b-0\">\n<th class=\"col label w-1\/2 py-2 text-left text-gray-700 font-normal product-attribute-label\" scope=\"row\">Ma\u0142e zwierz\u0119ta<\/th>\n<td class=\"col data w-1\/2 py-2 pl-2 text-left text-gray-900 product-attribute-value\" data-th=\"Weekdieren\">Nie<\/td>\n<\/tr>\n<tr class=\"border-b border-gray-300 last:border-b-0\">\n<th class=\"col label w-1\/2 py-2 text-left text-gray-700 font-normal product-attribute-label\" scope=\"row\">Marchewka<\/th>\n<td class=\"col data w-1\/2 py-2 pl-2 text-left text-gray-900 product-attribute-value\" data-th=\"Wortel\">Nie<\/td>\n<\/tr>\n<tr class=\"border-b border-gray-300 last:border-b-0\">\n<th class=\"col label w-1\/2 py-2 text-left text-gray-700 font-normal product-attribute-label\" scope=\"row\">Dwutlenek siarki i siarczyny<\/th>\n<td class=\"col data w-1\/2 py-2 pl-2 text-left text-gray-900 product-attribute-value\" data-th=\"Zwaveldioxide en sulfieten\">Nie<\/td>\n<\/tr>\n<\/table>\n<\/div>\n<\/div>\n<p><button class=\"show-hide flex justify-left gap-2 text-secondary border-0\"><br \/>\n<span class=\"inline-block font-bold text-[0.875rem]\">Wi\u0119cej<\/span><br \/>\n<span class=\"inline-block font-bold text-[0.875rem] hidden\">Mniej<\/span><\/p>\n<p><\/button><br \/>\n<\/article>\n<article class=\"product-info text-wrapper pb-4 sm:pb-0 border-b border-primary-darker sm:border-0 open\" data-id=\"i99\" id=\"product-attributes-overig\">\n<div class=\"container mx-auto flex py-1 my-2 sm:mt-5 sm:mb-3 md:flex-row cursor-pointer sm:cursor-default\">\n<h2 class=\"flex text-2xl title-font font-bold text-left w-full\">Inne szczeg\u00f3\u0142y<\/p>\n<\/h2>\n<\/div>\n<div class=\"w-full section text-15 font-light\">\n<div class=\"table-wrapper max-w-prose overflow-x-auto\" id=\"product-attributes-overig-data\">\n<table class=\"additional-attributes w-full\">\n<tr class=\"border-b border-gray-300 last:border-b-0\">\n<th class=\"col label w-1\/2 py-2 align-top text-left text-gray-700 font-normal product-attribute-label\" scope=\"row\">Organiczny<\/th>\n<td class=\"col data w-1\/2 py-2 pl-2 text-left text-gray-900 product-attribute-value\" data-th=\"Biologisch\">\u017badne pochodzenie biologiczne<\/td>\n<\/tr>\n<tr class=\"border-b border-gray-300 last:border-b-0\">\n<th class=\"col label w-1\/2 py-2 align-top text-left text-gray-700 font-normal product-attribute-label\" scope=\"row\">Kraj pochodzenia<\/th>\n<td class=\"col data w-1\/2 py-2 pl-2 text-left text-gray-900 product-attribute-value\" data-th=\"Land van herkomst\">Turcja<\/td>\n<\/tr>\n<tr class=\"border-b border-gray-300 last:border-b-0\">\n<th class=\"col label w-1\/2 py-2 align-top text-left text-gray-700 font-normal product-attribute-label\" scope=\"row\">Sk\u0142adniki<\/th>\n<td class=\"col data w-1\/2 py-2 pl-2 text-left text-gray-900 product-attribute-value\" data-th=\"Ingredi\u00ebnten\">\n<p>Figi, m\u0105ka ry\u017cowa<\/p>\n<p>Mo\u017ce zawiera\u0107 \u015bladowe ilo\u015bci: Zbo\u017ca zawieraj\u0105ce gluten, orzechy, orzeszki ziemne, nasiona sezamu i soj\u0119.<\/p>\n<\/td>\n<\/tr>\n<\/table>\n<\/div>\n<\/div>\n<\/article>\n<article class=\"product-info text-wrapper pb-4 sm:pb-0 border-b border-primary-darker sm:border-0 close\" data-id=\"i5\" id=\"description\">\n<div class=\"container mx-auto flex py-1 my-2 sm:mt-5 sm:mb-3 md:flex-row cursor-pointer sm:cursor-default\">\n<h2 class=\"flex text-2xl title-font font-bold text-left w-full\">O tym produkcie<\/p>\n<\/h2>\n<\/div>\n<div class=\"w-full section text-15 font-light\">\n<div class=\"content\">\n<p><strong>Jadalne nasiona<\/strong><br \/>Figi to owoce drzewa figowego. W rzeczywisto\u015bci s\u0105 to szczeg\u00f3lnego rodzaju owoce. Poniewa\u017c na zewn\u0105trz maj\u0105 kolor zielonkawo-\u017c\u00f3\u0142ty lub niebieskawy, a mi\u0105\u017csz owocu jest bia\u0142y i r\u00f3\u017cowy. W \u015brodku znajduje si\u0119 wiele ma\u0142ych, jadalnych nasion! Nadaj\u0105 one figom chrupko\u015b\u0107. Ponadto, te suszone figi s\u0105 s\u0142odkie w smaku i przepi\u0119knie mi\u0119kkie.<\/p>\n<p><strong>Ogromna ilo\u015b\u0107 w\u0142\u00f3kien<\/strong><br \/>Te suszone figi stanowi\u0105 po\u017cywn\u0105 przek\u0105sk\u0119. Zawieraj\u0105 ogromn\u0105 ilo\u015b\u0107 b\u0142onnika. Na sto gram\u00f3w przypada a\u017c 10 gram\u00f3w b\u0142onnika! Te w\u0142\u00f3kna pokarmowe s\u0105 bardzo dobre dla trawienia i funkcjonowania jelit. Przeciwdzia\u0142aj\u0105 zaparciom. Ponadto b\u0142onnik sprawia, \u017ce czujesz si\u0119 syty. Po zjedzeniu fig masz mniejsz\u0105 ochot\u0119 na niezdrowe przek\u0105ski. Opr\u00f3cz du\u017cej ilo\u015bci b\u0142onnika, figi s\u0105 bogate w witaminy i minera\u0142y, takie jak witamina B6, C, B11 oraz potas.<\/p>\n<p><strong>Naturalny zamiennik s\u0142odzika<\/strong><br \/>Figi s\u0105 idealne do podjadania. Ale s\u0105 r\u00f3wnie\u017c pyszne jako dodatek do sa\u0142atki lub mieszanki orzech\u00f3w. A je\u015bli masz pod r\u0119k\u0105 inne suszone owoce, takie jak morele i \u015bliwki? Wtedy mo\u017cesz \u0142atwo przygotowa\u0107 w\u0142asn\u0105 mieszank\u0119 tutti frutti. Innym sposobem na jedzenie fig jest u\u017cycie ich jako zamiennika cukru. W ko\u0144cu suszone owoce s\u0105 bardzo s\u0142odkie. W tym celu pokr\u00f3j je na kawa\u0142ki lub namocz w wodzie i zmiksuj figi na g\u0142adk\u0105 mas\u0119.<\/p>\n<\/div>\n<\/div>\n<p><button class=\"show-hide flex justify-left gap-2 text-secondary\"><br \/>\n<span class=\"inline-block font-bold text-[0.875rem]\">Wi\u0119cej<\/span><br \/>\n<span class=\"inline-block font-bold text-[0.875rem] hidden\">Mniej<\/span><\/p>\n<p><\/button><br \/>\n<\/article>","protected":false},"excerpt":{"rendered":"<p>Description These dried figs are incredibly delicious! They taste sweet and have a crispy bite thanks to the seeds in the fruit. Great as a snack or on a cheese platter. Or add them to your yogurt or salad! \u00a0 And figs are not only delicious &#8211; they are also extremely healthy. They contain important [&hellip;]<\/p>","protected":false},"featured_media":2598,"comment_status":"open","ping_status":"closed","template":"","meta":[],"product_brand":[],"product_cat":[77,57],"product_tag":[],"class_list":{"0":"post-2599","1":"product","2":"type-product","3":"status-publish","4":"has-post-thumbnail","6":"product_cat-figs","7":"product_cat-dried-fruit","9":"first","10":"instock","11":"shipping-taxable","12":"purchasable","13":"product-type-variable"},"_links":{"self":[{"href":"https:\/\/accido.pl\/pl\/wp-json\/wp\/v2\/product\/2599","targetHints":{"allow":["GET"]}}],"collection":[{"href":"https:\/\/accido.pl\/pl\/wp-json\/wp\/v2\/product"}],"about":[{"href":"https:\/\/accido.pl\/pl\/wp-json\/wp\/v2\/types\/product"}],"replies":[{"embeddable":true,"href":"https:\/\/accido.pl\/pl\/wp-json\/wp\/v2\/comments?post=2599"}],"wp:featuredmedia":[{"embeddable":true,"href":"https:\/\/accido.pl\/pl\/wp-json\/wp\/v2\/media\/2598"}],"wp:attachment":[{"href":"https:\/\/accido.pl\/pl\/wp-json\/wp\/v2\/media?parent=2599"}],"wp:term":[{"taxonomy":"product_brand","embeddable":true,"href":"https:\/\/accido.pl\/pl\/wp-json\/wp\/v2\/product_brand?post=2599"},{"taxonomy":"product_cat","embeddable":true,"href":"https:\/\/accido.pl\/pl\/wp-json\/wp\/v2\/product_cat?post=2599"},{"taxonomy":"product_tag","embeddable":true,"href":"https:\/\/accido.pl\/pl\/wp-json\/wp\/v2\/product_tag?post=2599"}],"curies":[{"name":"wp","href":"https:\/\/api.w.org\/{rel}","templated":true}]}}