{"id":2568,"date":"2025-06-01T12:52:01","date_gmt":"2025-06-01T12:52:01","guid":{"rendered":"https:\/\/accido.pl\/product\/raisin-candy-boxes-sundrop\/"},"modified":"2025-06-01T12:52:01","modified_gmt":"2025-06-01T12:52:01","slug":"raisin-candy-boxes-sundrop","status":"publish","type":"product","link":"https:\/\/accido.pl\/pl\/produkt\/raisin-candy-boxes-sundrop\/","title":{"rendered":"Pude\u0142ka z cukierkami rodzynkowymi Sundrop"},"content":{"rendered":"<article class=\"product-info text-wrapper pb-4 sm:pb-0 border-b border-primary-darker sm:border-0 open\" data-id=\"i2\" id=\"short-description\">\n<div class=\"container mx-auto flex py-1 my-2 sm:mt-5 sm:mb-3 md:flex-row cursor-pointer sm:cursor-default\">\n<h2 class=\"flex text-2xl title-font font-bold text-left w-full\">Opis<\/p>\n<\/h2>\n<\/div>\n<div class=\"w-full section text-15 font-light\">\n<div class=\"content\">\n<p>Rodzynki s\u0105 przepysznie s\u0142odkie i po\u017cywne. Odpowiednia przek\u0105ska dla Twoich (ma\u0142ych) dzieci! Ta torba zawiera dziewi\u0119\u0107 pude\u0142ek s\u0142odkich rodzynek.<\/p>\n<p>Rodzynki to w\u0142a\u015bciwie suszone bia\u0142e winogrona. W procesie suszenia winogrona staj\u0105 si\u0119 ma\u0142e i ciemne. Rodzynki zawieraj\u0105 du\u017co cukr\u00f3w, ale tak\u017ce zdrowe b\u0142onnik i witaminy. <\/p>\n<\/div>\n<\/div>\n<\/article>\n<article class=\"product-info text-wrapper open pb-4 sm:pb-0 border-b border-primary-darker sm:border-0\" data-id=\"i21\" id=\"product-attributes-21\">\n<div class=\"container mx-auto flex py-1 my-2 sm:mt-5 sm:mb-3 md:flex-row cursor-pointer sm:cursor-default\">\n<h2 class=\"flex text-2xl title-font font-bold text-left w-full\">Warto\u015b\u0107 od\u017cywcza na 100 gram\u00f3w<\/p>\n<\/h2>\n<\/div>\n<div class=\"w-full section text-15 font-light\">\n<div class=\"table-wrapper max-w-prose overflow-x-auto\" id=\"product-attributes-21-data\">\n<table class=\"additional-attributes w-full\">\n<tr class=\"border-b border-gray-300 last:border-b-0\">\n<th class=\"col label w-1\/2 py-2 text-left text-gray-700 font-normal product-attribute-label\" scope=\"row\">Energia (kJ)<\/th>\n<td class=\"col data w-1\/2 py-2 pl-2 text-left text-gray-900 product-attribute-value\" data-th=\"Energie (KJ)\">1396<\/td>\n<\/tr>\n<tr class=\"border-b border-gray-300 last:border-b-0\">\n<th class=\"col label w-1\/2 py-2 text-left text-gray-700 font-normal product-attribute-label\" scope=\"row\">Energia (kalorie)<\/th>\n<td class=\"col data w-1\/2 py-2 pl-2 text-left text-gray-900 product-attribute-value\" data-th=\"Energie (kcal)\">329<\/td>\n<\/tr>\n<tr class=\"border-b border-gray-300 last:border-b-0\">\n<th class=\"col label w-1\/2 py-2 text-left text-gray-700 font-normal product-attribute-label\" scope=\"row\">T\u0142uszcze<\/th>\n<td class=\"col data w-1\/2 py-2 pl-2 text-left text-gray-900 product-attribute-value\" data-th=\"Totaal vet\">1,0 g<\/td>\n<\/tr>\n<tr class=\"border-b border-gray-300 last:border-b-0\">\n<th class=\"col label w-1\/2 py-2 text-left text-gray-700 font-normal product-attribute-label\" scope=\"row\">Nasycone kwasy t\u0142uszczowe<\/th>\n<td class=\"col data w-1\/2 py-2 pl-2 text-left text-gray-900 product-attribute-value\" data-th=\"Waarvan verzadigde vetzuren\">0,3 g<\/td>\n<\/tr>\n<tr class=\"border-b border-gray-300 last:border-b-0\">\n<th class=\"col label w-1\/2 py-2 text-left text-gray-700 font-normal product-attribute-label\" scope=\"row\">W\u0119glowodany<\/th>\n<td class=\"col data w-1\/2 py-2 pl-2 text-left text-gray-900 product-attribute-value\" data-th=\"Koolhydraten\">75,1 g<\/td>\n<\/tr>\n<tr class=\"border-b border-gray-300 last:border-b-0\">\n<th class=\"col label w-1\/2 py-2 text-left text-gray-700 font-normal product-attribute-label\" scope=\"row\">Z cukr\u00f3w<\/th>\n<td class=\"col data w-1\/2 py-2 pl-2 text-left text-gray-900 product-attribute-value\" data-th=\"Waarvan suikers\">72,4 g<\/td>\n<\/tr>\n<tr class=\"border-b border-gray-300 last:border-b-0\">\n<th class=\"col label w-1\/2 py-2 text-left text-gray-700 font-normal product-attribute-label\" scope=\"row\">Bia\u0142ka<\/th>\n<td class=\"col data w-1\/2 py-2 pl-2 text-left text-gray-900 product-attribute-value\" data-th=\"Eiwitten\">3,1 g<\/td>\n<\/tr>\n<tr class=\"border-b border-gray-300 last:border-b-0\">\n<th class=\"col label w-1\/2 py-2 text-left text-gray-700 font-normal product-attribute-label\" scope=\"row\">S\u00f3l<\/th>\n<td class=\"col data w-1\/2 py-2 pl-2 text-left text-gray-900 product-attribute-value\" data-th=\"Zout\">0,062 g<\/td>\n<\/tr>\n<tr class=\"border-b border-gray-300 last:border-b-0\">\n<th class=\"col label w-1\/2 py-2 text-left text-gray-700 font-normal product-attribute-label\" scope=\"row\">Wap\u0144<\/th>\n<td class=\"col data w-1\/2 py-2 pl-2 text-left text-gray-900 product-attribute-value\" data-th=\"Calcium\">53 mg<\/td>\n<\/tr>\n<tr class=\"border-b border-gray-300 last:border-b-0\">\n<th class=\"col label w-1\/2 py-2 text-left text-gray-700 font-normal product-attribute-label\" scope=\"row\">W\u0142\u00f3kna<\/th>\n<td class=\"col data w-1\/2 py-2 pl-2 text-left text-gray-900 product-attribute-value\" data-th=\"Vezels\">4 gramy<\/td>\n<\/tr>\n<tr class=\"border-b border-gray-300 last:border-b-0\">\n<th class=\"col label w-1\/2 py-2 text-left text-gray-700 font-normal product-attribute-label\" scope=\"row\">\u017belazo<\/th>\n<td class=\"col data w-1\/2 py-2 pl-2 text-left text-gray-900 product-attribute-value\" data-th=\"IJzer\">1,79 mg<\/td>\n<\/tr>\n<tr class=\"border-b border-gray-300 last:border-b-0\">\n<th class=\"col label w-1\/2 py-2 text-left text-gray-700 font-normal product-attribute-label\" scope=\"row\">Fosfor<\/th>\n<td class=\"col data w-1\/2 py-2 pl-2 text-left text-gray-900 product-attribute-value\" data-th=\"Fosfor\">0,115 g<\/td>\n<\/tr>\n<tr class=\"border-b border-gray-300 last:border-b-0\">\n<th class=\"col label w-1\/2 py-2 text-left text-gray-700 font-normal product-attribute-label\" scope=\"row\">Potas<\/th>\n<td class=\"col data w-1\/2 py-2 pl-2 text-left text-gray-900 product-attribute-value\" data-th=\"Kalium\">0,746 g<\/td>\n<\/tr>\n<tr class=\"border-b border-gray-300 last:border-b-0\">\n<th class=\"col label w-1\/2 py-2 text-left text-gray-700 font-normal product-attribute-label\" scope=\"row\">Witamina A<\/th>\n<td class=\"col data w-1\/2 py-2 pl-2 text-left text-gray-900 product-attribute-value\" data-th=\"Vitamine A\">Zero IE<\/td>\n<\/tr>\n<tr class=\"border-b border-gray-300 last:border-b-0\">\n<th class=\"col label w-1\/2 py-2 text-left text-gray-700 font-normal product-attribute-label\" scope=\"row\">Witamina B6<\/th>\n<td class=\"col data w-1\/2 py-2 pl-2 text-left text-gray-900 product-attribute-value\" data-th=\"Vitamine B6\">0,323 mg<\/td>\n<\/tr>\n<tr class=\"border-b border-gray-300 last:border-b-0\">\n<th class=\"col label w-1\/2 py-2 text-left text-gray-700 font-normal product-attribute-label\" scope=\"row\">Witamina C<\/th>\n<td class=\"col data w-1\/2 py-2 pl-2 text-left text-gray-900 product-attribute-value\" data-th=\"Vitamine C\">3,2 mg<\/td>\n<\/tr>\n<tr class=\"border-b border-gray-300 last:border-b-0\">\n<th class=\"col label w-1\/2 py-2 text-left text-gray-700 font-normal product-attribute-label\" scope=\"row\">Witamina E<\/th>\n<td class=\"col data w-1\/2 py-2 pl-2 text-left text-gray-900 product-attribute-value\" data-th=\"Vitamine E\">0,12 mg<\/td>\n<\/tr>\n<tr class=\"border-b border-gray-300 last:border-b-0\">\n<th class=\"col label w-1\/2 py-2 text-left text-gray-700 font-normal product-attribute-label\" scope=\"row\">Witamina K<\/th>\n<td class=\"col data w-1\/2 py-2 pl-2 text-left text-gray-900 product-attribute-value\" data-th=\"Vitamine K\">3,5 mcg<\/td>\n<\/tr>\n<\/table>\n<\/div>\n<\/div>\n<p><button class=\"show-hide flex justify-left gap-2 text-secondary\"><br \/>\n<span class=\"inline-block font-bold text-[0.875rem]\">Wi\u0119cej<\/span><br \/>\n<span class=\"inline-block font-bold text-[0.875rem] hidden\">Mniej<\/span><\/p>\n<p><\/button><br \/>\n<\/article>\n<article class=\"product-info text-wrapper open pb-4 sm:pb-0 border-b border-primary-darker sm:border-0\" data-id=\"i22\" id=\"product-attributes-22\">\n<div class=\"container mx-auto flex py-1 my-2 sm:mt-5 sm:mb-3 md:flex-row cursor-pointer sm:cursor-default\">\n<h2 class=\"flex text-2xl title-font font-bold text-left w-full\">Alergeny<\/p>\n<\/h2>\n<\/div>\n<div class=\"w-full section text-15 font-light\">\n<div class=\"table-wrapper max-w-prose overflow-x-auto\" id=\"product-attributes-22-data\">\n<table class=\"additional-attributes w-full\">\n<tr class=\"border-b border-gray-300 last:border-b-0\">\n<th class=\"col label w-1\/2 py-2 text-left text-gray-700 font-normal product-attribute-label\" scope=\"row\">Kakao<\/th>\n<td class=\"col data w-1\/2 py-2 pl-2 text-left text-gray-900 product-attribute-value\" data-th=\"Cacao\">Nie<\/td>\n<\/tr>\n<tr class=\"border-b border-gray-300 last:border-b-0\">\n<th class=\"col label w-1\/2 py-2 text-left text-gray-700 font-normal product-attribute-label\" scope=\"row\">Jajka<\/th>\n<td class=\"col data w-1\/2 py-2 pl-2 text-left text-gray-900 product-attribute-value\" data-th=\"Eieren\">Nie<\/td>\n<\/tr>\n<tr class=\"border-b border-gray-300 last:border-b-0\">\n<th class=\"col label w-1\/2 py-2 text-left text-gray-700 font-normal product-attribute-label\" scope=\"row\">Glutaminian (E620 do E625)<\/th>\n<td class=\"col data w-1\/2 py-2 pl-2 text-left text-gray-900 product-attribute-value\" data-th=\"Glutamaat (E620 t\/m E625)\">Nie<\/td>\n<\/tr>\n<tr class=\"border-b border-gray-300 last:border-b-0\">\n<th class=\"col label w-1\/2 py-2 text-left text-gray-700 font-normal product-attribute-label\" scope=\"row\">Ziarna zawieraj\u0105ce gluten<\/th>\n<td class=\"col data w-1\/2 py-2 pl-2 text-left text-gray-900 product-attribute-value\" data-th=\"Glutenbevattende granen\">Nie<\/td>\n<\/tr>\n<tr class=\"border-b border-gray-300 last:border-b-0\">\n<th class=\"col label w-1\/2 py-2 text-left text-gray-700 font-normal product-attribute-label\" scope=\"row\">Mi\u0119so z kurczaka<\/th>\n<td class=\"col data w-1\/2 py-2 pl-2 text-left text-gray-900 product-attribute-value\" data-th=\"Kippenvlees\">Nie<\/td>\n<\/tr>\n<tr class=\"border-b border-gray-300 last:border-b-0\">\n<th class=\"col label w-1\/2 py-2 text-left text-gray-700 font-normal product-attribute-label\" scope=\"row\">Kolendra<\/th>\n<td class=\"col data w-1\/2 py-2 pl-2 text-left text-gray-900 product-attribute-value\" data-th=\"Koriander\">Nie<\/td>\n<\/tr>\n<tr class=\"border-b border-gray-300 last:border-b-0\">\n<th class=\"col label w-1\/2 py-2 text-left text-gray-700 font-normal product-attribute-label\" scope=\"row\">\u0141ubin<\/th>\n<td class=\"col data w-1\/2 py-2 pl-2 text-left text-gray-900 product-attribute-value\" data-th=\"Lupine\">Nie<\/td>\n<\/tr>\n<tr class=\"border-b border-gray-300 last:border-b-0\">\n<th class=\"col label w-1\/2 py-2 text-left text-gray-700 font-normal product-attribute-label\" scope=\"row\">Ale<\/th>\n<td class=\"col data w-1\/2 py-2 pl-2 text-left text-gray-900 product-attribute-value\" data-th=\"Mais\">Nie<\/td>\n<\/tr>\n<tr class=\"border-b border-gray-300 last:border-b-0\">\n<th class=\"col label w-1\/2 py-2 text-left text-gray-700 font-normal product-attribute-label\" scope=\"row\">Mleko<\/th>\n<td class=\"col data w-1\/2 py-2 pl-2 text-left text-gray-900 product-attribute-value\" data-th=\"Melk\">Nie<\/td>\n<\/tr>\n<tr class=\"border-b border-gray-300 last:border-b-0\">\n<th class=\"col label w-1\/2 py-2 text-left text-gray-700 font-normal product-attribute-label\" scope=\"row\">Musztarda<\/th>\n<td class=\"col data w-1\/2 py-2 pl-2 text-left text-gray-900 product-attribute-value\" data-th=\"Mosterd\">Nie<\/td>\n<\/tr>\n<tr class=\"border-b border-gray-300 last:border-b-0\">\n<th class=\"col label w-1\/2 py-2 text-left text-gray-700 font-normal product-attribute-label\" scope=\"row\">Orzechy<\/th>\n<td class=\"col data w-1\/2 py-2 pl-2 text-left text-gray-900 product-attribute-value\" data-th=\"Noten\">Tak<\/td>\n<\/tr>\n<tr class=\"border-b border-gray-300 last:border-b-0\">\n<th class=\"col label w-1\/2 py-2 text-left text-gray-700 font-normal product-attribute-label\" scope=\"row\">Ro\u015bliny str\u0105czkowe<\/th>\n<td class=\"col data w-1\/2 py-2 pl-2 text-left text-gray-900 product-attribute-value\" data-th=\"Peulvruchten\">Nie<\/td>\n<\/tr>\n<tr class=\"border-b border-gray-300 last:border-b-0\">\n<th class=\"col label w-1\/2 py-2 text-left text-gray-700 font-normal product-attribute-label\" scope=\"row\">Orzech ziemny<\/th>\n<td class=\"col data w-1\/2 py-2 pl-2 text-left text-gray-900 product-attribute-value\" data-th=\"Pinda\">Tak<\/td>\n<\/tr>\n<tr class=\"border-b border-gray-300 last:border-b-0\">\n<th class=\"col label w-1\/2 py-2 text-left text-gray-700 font-normal product-attribute-label\" scope=\"row\">\u017byto<\/th>\n<td class=\"col data w-1\/2 py-2 pl-2 text-left text-gray-900 product-attribute-value\" data-th=\"Rogge\">Nie<\/td>\n<\/tr>\n<tr class=\"border-b border-gray-300 last:border-b-0\">\n<th class=\"col label w-1\/2 py-2 text-left text-gray-700 font-normal product-attribute-label\" scope=\"row\">Wo\u0142owina<\/th>\n<td class=\"col data w-1\/2 py-2 pl-2 text-left text-gray-900 product-attribute-value\" data-th=\"Rundvlees\">Nie<\/td>\n<\/tr>\n<tr class=\"border-b border-gray-300 last:border-b-0\">\n<th class=\"col label w-1\/2 py-2 text-left text-gray-700 font-normal product-attribute-label\" scope=\"row\">Skorupiaki<\/th>\n<td class=\"col data w-1\/2 py-2 pl-2 text-left text-gray-900 product-attribute-value\" data-th=\"Schaaldieren\">Nie<\/td>\n<\/tr>\n<tr class=\"border-b border-gray-300 last:border-b-0\">\n<th class=\"col label w-1\/2 py-2 text-left text-gray-700 font-normal product-attribute-label\" scope=\"row\">Seler<\/th>\n<td class=\"col data w-1\/2 py-2 pl-2 text-left text-gray-900 product-attribute-value\" data-th=\"Selderij\">Nie<\/td>\n<\/tr>\n<tr class=\"border-b border-gray-300 last:border-b-0\">\n<th class=\"col label w-1\/2 py-2 text-left text-gray-700 font-normal product-attribute-label\" scope=\"row\">Nasionko sezamu<\/th>\n<td class=\"col data w-1\/2 py-2 pl-2 text-left text-gray-900 product-attribute-value\" data-th=\"Sesamzaad\">Nie<\/td>\n<\/tr>\n<tr class=\"border-b border-gray-300 last:border-b-0\">\n<th class=\"col label w-1\/2 py-2 text-left text-gray-700 font-normal product-attribute-label\" scope=\"row\">Soja<\/th>\n<td class=\"col data w-1\/2 py-2 pl-2 text-left text-gray-900 product-attribute-value\" data-th=\"Soja\">Nie<\/td>\n<\/tr>\n<tr class=\"border-b border-gray-300 last:border-b-0\">\n<th class=\"col label w-1\/2 py-2 text-left text-gray-700 font-normal product-attribute-label\" scope=\"row\">Wieprzowina<\/th>\n<td class=\"col data w-1\/2 py-2 pl-2 text-left text-gray-900 product-attribute-value\" data-th=\"Varkensvlees\">Nie<\/td>\n<\/tr>\n<tr class=\"border-b border-gray-300 last:border-b-0\">\n<th class=\"col label w-1\/2 py-2 text-left text-gray-700 font-normal product-attribute-label\" scope=\"row\">Ryba<\/th>\n<td class=\"col data w-1\/2 py-2 pl-2 text-left text-gray-900 product-attribute-value\" data-th=\"Vis\">Nie<\/td>\n<\/tr>\n<tr class=\"border-b border-gray-300 last:border-b-0\">\n<th class=\"col label w-1\/2 py-2 text-left text-gray-700 font-normal product-attribute-label\" scope=\"row\">Ma\u0142e zwierz\u0119ta<\/th>\n<td class=\"col data w-1\/2 py-2 pl-2 text-left text-gray-900 product-attribute-value\" data-th=\"Weekdieren\">Nie<\/td>\n<\/tr>\n<tr class=\"border-b border-gray-300 last:border-b-0\">\n<th class=\"col label w-1\/2 py-2 text-left text-gray-700 font-normal product-attribute-label\" scope=\"row\">Marchewka<\/th>\n<td class=\"col data w-1\/2 py-2 pl-2 text-left text-gray-900 product-attribute-value\" data-th=\"Wortel\">Nie<\/td>\n<\/tr>\n<tr class=\"border-b border-gray-300 last:border-b-0\">\n<th class=\"col label w-1\/2 py-2 text-left text-gray-700 font-normal product-attribute-label\" scope=\"row\">Dwutlenek siarki i siarczyny<\/th>\n<td class=\"col data w-1\/2 py-2 pl-2 text-left text-gray-900 product-attribute-value\" data-th=\"Zwaveldioxide en sulfieten\">Nie<\/td>\n<\/tr>\n<\/table>\n<\/div>\n<\/div>\n<p><button class=\"show-hide flex justify-left gap-2 text-secondary border-0\"><br \/>\n<span class=\"inline-block font-bold text-[0.875rem]\">Wi\u0119cej<\/span><br \/>\n<span class=\"inline-block font-bold text-[0.875rem] hidden\">Mniej<\/span><\/p>\n<p><\/button><br \/>\n<\/article>\n<article class=\"product-info text-wrapper pb-4 sm:pb-0 border-b border-primary-darker sm:border-0 open\" data-id=\"i99\" id=\"product-attributes-overig\">\n<div class=\"container mx-auto flex py-1 my-2 sm:mt-5 sm:mb-3 md:flex-row cursor-pointer sm:cursor-default\">\n<h2 class=\"flex text-2xl title-font font-bold text-left w-full\">Inne szczeg\u00f3\u0142y<\/p>\n<\/h2>\n<\/div>\n<div class=\"w-full section text-15 font-light\">\n<div class=\"table-wrapper max-w-prose overflow-x-auto\" id=\"product-attributes-overig-data\">\n<table class=\"additional-attributes w-full\">\n<tr class=\"border-b border-gray-300 last:border-b-0\">\n<th class=\"col label w-1\/2 py-2 align-top text-left text-gray-700 font-normal product-attribute-label\" scope=\"row\">Organiczny<\/th>\n<td class=\"col data w-1\/2 py-2 pl-2 text-left text-gray-900 product-attribute-value\" data-th=\"Biologisch\">\u017badne pochodzenie biologiczne<\/td>\n<\/tr>\n<tr class=\"border-b border-gray-300 last:border-b-0\">\n<th class=\"col label w-1\/2 py-2 align-top text-left text-gray-700 font-normal product-attribute-label\" scope=\"row\">Kraj pochodzenia<\/th>\n<td class=\"col data w-1\/2 py-2 pl-2 text-left text-gray-900 product-attribute-value\" data-th=\"Land van herkomst\">Stany Zjednoczone<\/td>\n<\/tr>\n<tr class=\"border-b border-gray-300 last:border-b-0\">\n<th class=\"col label w-1\/2 py-2 align-top text-left text-gray-700 font-normal product-attribute-label\" scope=\"row\">Sk\u0142adniki<\/th>\n<td class=\"col data w-1\/2 py-2 pl-2 text-left text-gray-900 product-attribute-value\" data-th=\"Ingredi\u00ebnten\">\n<p>Porzeczki, olej<\/p>\n<\/td>\n<\/tr>\n<\/table>\n<\/div>\n<\/div>\n<\/article>","protected":false},"excerpt":{"rendered":"<p>Description Raisins are deliciously sweet and nutritious. A responsible snack for your (little) kids! This bag contains nine boxes of sweet raisins. Raisins are actually dried white grapes. Through drying, the grapes become small and dark in color. The raisins contain a lot of sugars, but also healthy fibers and vitamins. Nutritional value per 100 [&hellip;]<\/p>","protected":false},"featured_media":2567,"comment_status":"open","ping_status":"closed","template":"","meta":[],"product_brand":[],"product_cat":[75,57],"product_tag":[],"class_list":{"0":"post-2568","1":"product","2":"type-product","3":"status-publish","4":"has-post-thumbnail","6":"product_cat-raisins","7":"product_cat-dried-fruit","9":"first","10":"instock","11":"shipping-taxable","12":"purchasable","13":"product-type-simple"},"_links":{"self":[{"href":"https:\/\/accido.pl\/pl\/wp-json\/wp\/v2\/product\/2568","targetHints":{"allow":["GET"]}}],"collection":[{"href":"https:\/\/accido.pl\/pl\/wp-json\/wp\/v2\/product"}],"about":[{"href":"https:\/\/accido.pl\/pl\/wp-json\/wp\/v2\/types\/product"}],"replies":[{"embeddable":true,"href":"https:\/\/accido.pl\/pl\/wp-json\/wp\/v2\/comments?post=2568"}],"wp:featuredmedia":[{"embeddable":true,"href":"https:\/\/accido.pl\/pl\/wp-json\/wp\/v2\/media\/2567"}],"wp:attachment":[{"href":"https:\/\/accido.pl\/pl\/wp-json\/wp\/v2\/media?parent=2568"}],"wp:term":[{"taxonomy":"product_brand","embeddable":true,"href":"https:\/\/accido.pl\/pl\/wp-json\/wp\/v2\/product_brand?post=2568"},{"taxonomy":"product_cat","embeddable":true,"href":"https:\/\/accido.pl\/pl\/wp-json\/wp\/v2\/product_cat?post=2568"},{"taxonomy":"product_tag","embeddable":true,"href":"https:\/\/accido.pl\/pl\/wp-json\/wp\/v2\/product_tag?post=2568"}],"curies":[{"name":"wp","href":"https:\/\/api.w.org\/{rel}","templated":true}]}}