{"id":938,"date":"2025-05-31T04:26:40","date_gmt":"2025-05-31T04:26:40","guid":{"rendered":"https:\/\/accido.pl\/?page_id=938"},"modified":"2025-06-04T10:43:58","modified_gmt":"2025-06-04T10:43:58","slug":"about-us","status":"publish","type":"page","link":"https:\/\/accido.pl\/pl\/about-us\/","title":{"rendered":"O nas"},"content":{"rendered":"<div data-elementor-type=\"wp-page\" data-elementor-id=\"938\" class=\"elementor elementor-938\" data-elementor-post-type=\"page\">\n\t\t\t\t<div class=\"elementor-element elementor-element-8c2ec08 e-con-full e-flex e-con e-parent\" data-id=\"8c2ec08\" data-element_type=\"container\">\n\t\t<div class=\"elementor-element elementor-element-073b427 e-con-full e-flex e-con e-child\" data-id=\"073b427\" data-element_type=\"container\" data-settings=\"{&quot;background_background&quot;:&quot;classic&quot;}\">\n\t\t<div class=\"elementor-element elementor-element-10a6860 e-flex e-con-boxed e-con e-child\" data-id=\"10a6860\" data-element_type=\"container\" data-settings=\"{&quot;background_background&quot;:&quot;classic&quot;}\">\n\t\t\t\t\t<div class=\"e-con-inner\">\n\t\t\t\t<div class=\"elementor-element elementor-element-1d04c56 elementor-widget elementor-widget-hfe-breadcrumbs-widget\" data-id=\"1d04c56\" data-element_type=\"widget\" data-widget_type=\"hfe-breadcrumbs-widget.default\">\n\t\t\t\t<div class=\"elementor-widget-container\">\n\t\t\t\t\t<nav aria-label=\"Okruszki\"><ul class=\"hfe-breadcrumbs hfe-breadcrumbs-show-home\"><li class=\"hfe-breadcrumbs-item hfe-breadcrumbs-first\"><span class=\"hfe-breadcrumbs-home-icon\"><\/span><a href=\"https:\/\/accido.pl\/pl\"><span class=\"hfe-breadcrumbs-text\">Dom<\/span><\/a><\/li><\/ul><\/nav>\t\t\t\t<\/div>\n\t\t\t\t<\/div>\n\t\t\t\t\t<\/div>\n\t\t\t\t<\/div>\n\t\t\t\t<\/div>\n\t\t<div class=\"elementor-element elementor-element-1ece54c e-con-full e-flex e-con e-child\" data-id=\"1ece54c\" data-element_type=\"container\">\n\t\t<div class=\"elementor-element elementor-element-8e5e25b e-con-full e-flex e-con e-child\" data-id=\"8e5e25b\" data-element_type=\"container\">\n\t\t<div class=\"elementor-element elementor-element-e3cbf59 e-con-full e-flex e-con e-child\" data-id=\"e3cbf59\" data-element_type=\"container\">\n\t\t\t\t<div class=\"elementor-element elementor-element-4525425 elementor-widget elementor-widget-heading\" data-id=\"4525425\" data-element_type=\"widget\" data-widget_type=\"heading.default\">\n\t\t\t\t<div class=\"elementor-widget-container\">\n\t\t\t\t\t<h1 class=\"elementor-heading-title elementor-size-default\">O nas<\/h1>\t\t\t\t<\/div>\n\t\t\t\t<\/div>\n\t\t\t\t<\/div>\n\t\t<div class=\"elementor-element elementor-element-523bbbe e-con-full e-flex e-con e-child\" data-id=\"523bbbe\" data-element_type=\"container\">\n\t\t\t\t<div class=\"elementor-element elementor-element-3e2c765 elementor-widget elementor-widget-text-editor\" data-id=\"3e2c765\" data-element_type=\"widget\" data-widget_type=\"text-editor.default\">\n\t\t\t\t<div class=\"elementor-widget-container\">\n\t\t\t\t\t\t\t\t\t<p>Od lat jeste\u015bmy aktywni w sprzeda\u017cy orzech\u00f3w i suszonych owoc\u00f3w. Posiadamy r\u00f3wnie\u017c dwa samochody sprzeda\u017cowe na r\u00f3\u017cnych targowiskach.<\/p><p>W 2014 roku za\u0142o\u017cyli\u015bmy Accido, firm\u0119 s\u0105siedzk\u0105 zajmuj\u0105c\u0105 si\u0119 dostawami dla rynku detalicznego, kin i firm zwi\u0105zanych z (\u015bwi\u0105tecznymi) prezentami. Dostarczamy do wszystkich<span data-teams=\"true\">\u00a0hurtownicy w Europie<\/span>.<\/p><p>Z Accido niedawno podj\u0119li\u015bmy nowe wyzwanie z tym sklepem internetowym i nie bez sukcesu. Cieszymy si\u0119, \u017ce wielu z Was ma do nas zaufanie i cieszy si\u0119 naszymi orzechami. Poniewa\u017c nasze motto brzmi: \u201eSMAKUJ, DO\u015aWIADCZAJ I CIESZ SI\u0118!\u201d<\/p><p>Oczywi\u015bcie mo\u017cesz zam\u00f3wi\u0107 \u015bwie\u017ce orzechy online w Accido.<\/p>\t\t\t\t\t\t\t\t<\/div>\n\t\t\t\t<\/div>\n\t\t<div class=\"elementor-element elementor-element-b8e301a e-con-full e-flex e-con e-child\" data-id=\"b8e301a\" data-element_type=\"container\">\n\t\t\t\t<div class=\"elementor-element elementor-element-b30ec66 elementor-widget elementor-widget-heading\" data-id=\"b30ec66\" data-element_type=\"widget\" data-widget_type=\"heading.default\">\n\t\t\t\t<div class=\"elementor-widget-container\">\n\t\t\t\t\t<h2 class=\"elementor-heading-title elementor-size-default\">Kontynuowa\u0107 zakupy?<\/h2>\t\t\t\t<\/div>\n\t\t\t\t<\/div>\n\t\t\t\t<div class=\"elementor-element elementor-element-0f9a940 elementor-button-info elementor-widget elementor-widget-button\" data-id=\"0f9a940\" data-element_type=\"widget\" data-widget_type=\"button.default\">\n\t\t\t\t<div class=\"elementor-widget-container\">\n\t\t\t\t\t\t\t\t\t<div class=\"elementor-button-wrapper\">\n\t\t\t\t\t<a class=\"elementor-button elementor-button-link elementor-size-sm\" href=\"https:\/\/accido.pl\/pl\/shop\/\">\n\t\t\t\t\t\t<span class=\"elementor-button-content-wrapper\">\n\t\t\t\t\t\t\t\t\t<span class=\"elementor-button-text\">Wszystkie produkty<\/span>\n\t\t\t\t\t<\/span>\n\t\t\t\t\t<\/a>\n\t\t\t\t<\/div>\n\t\t\t\t\t\t\t\t<\/div>\n\t\t\t\t<\/div>\n\t\t\t\t<\/div>\n\t\t\t\t<\/div>\n\t\t\t\t<\/div>\n\t\t\t\t<\/div>\n\t\t\t\t<\/div>\n\t\t\t\t<\/div>","protected":false},"excerpt":{"rendered":"<p>Strona g\u0142\u00f3wna O nas Od lat aktywnie zajmujemy si\u0119 sprzeda\u017c\u0105 orzech\u00f3w i suszonych owoc\u00f3w. Posiadamy r\u00f3wnie\u017c dwa samochody sprzeda\u017cowe na r\u00f3\u017cnych targowiskach. W 2014 roku za\u0142o\u017cyli\u015bmy Accido, firm\u0119 obok, kt\u00f3ra zajmuje si\u0119 dostawami do detalicznych rynk\u00f3w, kin i firm zwi\u0105zanych z (\u015bwi\u0105tecznymi) prezentami. Dostarczamy do wszystkich hurtownik\u00f3w w Europie. Z Accido [\u2026]<\/p>","protected":false},"author":1,"featured_media":0,"parent":0,"menu_order":0,"comment_status":"closed","ping_status":"closed","template":"","meta":{"footnotes":""},"class_list":["post-938","page","type-page","status-publish","hentry"],"_links":{"self":[{"href":"https:\/\/accido.pl\/pl\/wp-json\/wp\/v2\/pages\/938","targetHints":{"allow":["GET"]}}],"collection":[{"href":"https:\/\/accido.pl\/pl\/wp-json\/wp\/v2\/pages"}],"about":[{"href":"https:\/\/accido.pl\/pl\/wp-json\/wp\/v2\/types\/page"}],"author":[{"embeddable":true,"href":"https:\/\/accido.pl\/pl\/wp-json\/wp\/v2\/users\/1"}],"replies":[{"embeddable":true,"href":"https:\/\/accido.pl\/pl\/wp-json\/wp\/v2\/comments?post=938"}],"version-history":[{"count":169,"href":"https:\/\/accido.pl\/pl\/wp-json\/wp\/v2\/pages\/938\/revisions"}],"predecessor-version":[{"id":3716,"href":"https:\/\/accido.pl\/pl\/wp-json\/wp\/v2\/pages\/938\/revisions\/3716"}],"wp:attachment":[{"href":"https:\/\/accido.pl\/pl\/wp-json\/wp\/v2\/media?parent=938"}],"curies":[{"name":"wp","href":"https:\/\/api.w.org\/{rel}","templated":true}]}}