{"id":48,"date":"2025-05-29T11:00:34","date_gmt":"2025-05-29T11:00:34","guid":{"rendered":"https:\/\/accido.pl\/index.php\/cart\/"},"modified":"2025-05-31T13:20:03","modified_gmt":"2025-05-31T13:20:03","slug":"cart","status":"publish","type":"page","link":"https:\/\/accido.pl\/pl\/cart\/","title":{"rendered":"Cart"},"content":{"rendered":"<div data-elementor-type=\"wp-page\" data-elementor-id=\"48\" class=\"elementor elementor-48\" data-elementor-post-type=\"page\">\n\t\t\t\t<div class=\"elementor-element elementor-element-54c09026 e-flex e-con-boxed e-con e-parent\" data-id=\"54c09026\" data-element_type=\"container\">\n\t\t\t\t\t<div class=\"e-con-inner\">\n\t\t\t\t<div class=\"elementor-element elementor-element-3832ec7 elementor-widget elementor-widget-heading\" data-id=\"3832ec7\" data-element_type=\"widget\" data-widget_type=\"heading.default\">\n\t\t\t\t<div class=\"elementor-widget-container\">\n\t\t\t\t\t<h1 class=\"elementor-heading-title elementor-size-default\">KOSZYK<\/h1>\t\t\t\t<\/div>\n\t\t\t\t<\/div>\n\t\t\t\t<div class=\"elementor-element elementor-element-3c1005ce elementor-hidden-desktop elementor-hidden-tablet elementor-hidden-mobile elementor-widget elementor-widget-text-editor\" data-id=\"3c1005ce\" data-element_type=\"widget\" data-widget_type=\"text-editor.default\">\n\t\t\t\t<div class=\"elementor-widget-container\"><div data-block-name=\"woocommerce\/cart\" class=\"wp-block-woocommerce-cart alignwide is-loading\"><div data-block-name=\"woocommerce\/filled-cart-block\" class=\"wp-block-woocommerce-filled-cart-block\"><div data-block-name=\"woocommerce\/cart-items-block\" class=\"wp-block-woocommerce-cart-items-block\"><div data-block-name=\"woocommerce\/cart-line-items-block\" class=\"wp-block-woocommerce-cart-line-items-block\">\u00a0<\/div><div data-block-name=\"woocommerce\/cart-cross-sells-block\" class=\"wp-block-woocommerce-cart-cross-sells-block\"><h2 class=\"wp-block-heading has-large-font-size\">Mo\u017cesz by\u0107 zainteresowany\u2026<\/h2><div data-block-name=\"woocommerce\/cart-cross-sells-products-block\" class=\"wp-block-woocommerce-cart-cross-sells-products-block\">\u00a0<\/div><\/div><\/div><div data-block-name=\"woocommerce\/cart-totals-block\" class=\"wp-block-woocommerce-cart-totals-block\"><div data-block-name=\"woocommerce\/cart-order-summary-block\" class=\"wp-block-woocommerce-cart-order-summary-block\"><div data-block-name=\"woocommerce\/cart-order-summary-heading-block\" class=\"wp-block-woocommerce-cart-order-summary-heading-block\">\u00a0<\/div><div data-block-name=\"woocommerce\/cart-order-summary-coupon-form-block\" class=\"wp-block-woocommerce-cart-order-summary-coupon-form-block\">\u00a0<\/div><div data-block-name=\"woocommerce\/cart-order-summary-totals-block\" class=\"wp-block-woocommerce-cart-order-summary-totals-block\">\n<div data-block-name=\"woocommerce\/cart-order-summary-subtotal-block\" class=\"wp-block-woocommerce-cart-order-summary-subtotal-block\">\u00a0<\/div>\n<div data-block-name=\"woocommerce\/cart-order-summary-discount-block\" class=\"wp-block-woocommerce-cart-order-summary-discount-block\">\u00a0<\/div>\n<div data-block-name=\"woocommerce\/cart-order-summary-fee-block\" class=\"wp-block-woocommerce-cart-order-summary-fee-block\">\u00a0<\/div>\n<div data-block-name=\"woocommerce\/cart-order-summary-shipping-block\" class=\"wp-block-woocommerce-cart-order-summary-shipping-block\">\u00a0<\/div>\n<div data-block-name=\"woocommerce\/cart-order-summary-taxes-block\" class=\"wp-block-woocommerce-cart-order-summary-taxes-block\">\u00a0<\/div><\/div><\/div><div data-block-name=\"woocommerce\/cart-express-payment-block\" class=\"wp-block-woocommerce-cart-express-payment-block\">\u00a0<\/div><div data-block-name=\"woocommerce\/proceed-to-checkout-block\" class=\"wp-block-woocommerce-proceed-to-checkout-block\">\u00a0<\/div><div data-block-name=\"woocommerce\/cart-accepted-payment-methods-block\" class=\"wp-block-woocommerce-cart-accepted-payment-methods-block\">\u00a0<\/div><\/div><\/div><div data-block-name=\"woocommerce\/empty-cart-block\" class=\"wp-block-woocommerce-empty-cart-block\"><h2 class=\"wp-block-heading has-text-align-center with-empty-cart-icon wc-block-cart__empty-cart__title\">Tw\u00f3j koszyk jest obecnie pusty!<\/h2><hr class=\"wp-block-separator has-alpha-channel-opacity is-style-dots\" \/><h2 class=\"wp-block-heading has-text-align-center\">Nowo\u015bci w sklepie<\/h2><div data-block-name=\"woocommerce\/product-new\" data-columns=\"4\" data-rows=\"1\" class=\"wc-block-grid wp-block-product-new wp-block-woocommerce-product-new wc-block-product-new has-4-columns\"><ul class=\"wc-block-grid__products\"><li class=\"wc-block-grid__product\">\n\t\t\t\t<a href=\"https:\/\/accido.pl\/pl\/produkt\/freeze-dried-strawberries-large-pack\/\" class=\"wc-block-grid__product-link\">\n\t\t\t\t\t\n\t\t\t\t\t<div class=\"wc-block-grid__product-image\"><img fetchpriority=\"high\" decoding=\"async\" width=\"300\" height=\"200\" src=\"https:\/\/accido.pl\/wp-content\/uploads\/2025\/06\/strawberry_processed_together-1-300x200.jpg\" class=\"attachment-woocommerce_thumbnail size-woocommerce_thumbnail\" alt=\"Freeze-dried Strawberries Large Pack\" srcset=\"https:\/\/accido.pl\/wp-content\/uploads\/2025\/06\/strawberry_processed_together-1-300x200.jpg 300w, https:\/\/accido.pl\/wp-content\/uploads\/2025\/06\/strawberry_processed_together-1-600x400.jpg 600w, https:\/\/accido.pl\/wp-content\/uploads\/2025\/06\/strawberry_processed_together-1-1024x683.jpg 1024w, https:\/\/accido.pl\/wp-content\/uploads\/2025\/06\/strawberry_processed_together-1-768x512.jpg 768w, https:\/\/accido.pl\/wp-content\/uploads\/2025\/06\/strawberry_processed_together-1.jpg 1248w\" sizes=\"(max-width: 300px) 100vw, 300px\" \/><\/div>\n\t\t\t\t\t<div class=\"wc-block-grid__product-title\">Liofilizowane Truskawki Du\u017ce Opakowanie<\/div>\n\t\t\t\t<\/a>\n\t\t\t\t<div class=\"wc-block-grid__product-price price\"><span class=\"woocommerce-Price-amount amount\">67,50&nbsp;<span class=\"woocommerce-Price-currencySymbol\">&#122;&#322;<\/span><\/span><\/div>\n\t\t\t\t\n\t\t\t\t<div class=\"wp-block-button wc-block-grid__product-add-to-cart\"><a href=\"?add-to-cart=2894\" aria-label=\"Archiwum\" data-quantity=\"1\" data-product_id=\"2894\" data-product_sku=\"DROOGFRUIT-EN-FREEZE-DRI-1672\" data-price=\"67.5\" rel=\"nofollow\" class=\"wp-block-button__link  add_to_cart_button ajax_add_to_cart\" data-no-translation=\"\" data-trp-gettext=\"\" data-no-translation-aria-label=\"\">Dodaj do koszyka<\/a><\/div>\n\t\t\t<\/li><li class=\"wc-block-grid__product\">\n\t\t\t\t<a href=\"https:\/\/accido.pl\/pl\/produkt\/powerful-broccoli-powder-large-package\/\" class=\"wc-block-grid__product-link\">\n\t\t\t\t\t\n\t\t\t\t\t<div class=\"wc-block-grid__product-image\"><img decoding=\"async\" width=\"300\" height=\"148\" src=\"https:\/\/accido.pl\/wp-content\/uploads\/2025\/06\/broccoli_copia_2_processed_together-1-300x148.jpg\" class=\"attachment-woocommerce_thumbnail size-woocommerce_thumbnail\" alt=\"Powerful Broccoli Powder Large Package\" srcset=\"https:\/\/accido.pl\/wp-content\/uploads\/2025\/06\/broccoli_copia_2_processed_together-1-300x148.jpg 300w, https:\/\/accido.pl\/wp-content\/uploads\/2025\/06\/broccoli_copia_2_processed_together-1-600x297.jpg 600w, https:\/\/accido.pl\/wp-content\/uploads\/2025\/06\/broccoli_copia_2_processed_together-1-1024x506.jpg 1024w, https:\/\/accido.pl\/wp-content\/uploads\/2025\/06\/broccoli_copia_2_processed_together-1-768x380.jpg 768w, https:\/\/accido.pl\/wp-content\/uploads\/2025\/06\/broccoli_copia_2_processed_together-1.jpg 1456w\" sizes=\"(max-width: 300px) 100vw, 300px\" \/><\/div>\n\t\t\t\t\t<div class=\"wc-block-grid__product-title\">Pot\u0119\u017cny Proszek z Broku\u0142\u00f3w Du\u017ce Opakowanie<\/div>\n\t\t\t\t<\/a>\n\t\t\t\t<div class=\"wc-block-grid__product-price price\"><span class=\"woocommerce-Price-amount amount\">68,50&nbsp;<span class=\"woocommerce-Price-currencySymbol\">&#122;&#322;<\/span><\/span><\/div>\n\t\t\t\t\n\t\t\t\t<div class=\"wp-block-button wc-block-grid__product-add-to-cart\"><a href=\"?add-to-cart=2891\" aria-label=\"Archiwum\" data-quantity=\"1\" data-product_id=\"2891\" data-product_sku=\"DROOGFRUIT-EN-POWERFULB-1646\" data-price=\"68.5\" rel=\"nofollow\" class=\"wp-block-button__link  add_to_cart_button ajax_add_to_cart\" data-no-translation=\"\" data-trp-gettext=\"\" data-no-translation-aria-label=\"\">Dodaj do koszyka<\/a><\/div>\n\t\t\t<\/li><li class=\"wc-block-grid__product\">\n\t\t\t\t<a href=\"https:\/\/accido.pl\/pl\/produkt\/powerful-redcurrant-powder-large-pack\/\" class=\"wc-block-grid__product-link\">\n\t\t\t\t\t\n\t\t\t\t\t<div class=\"wc-block-grid__product-image\"><img decoding=\"async\" width=\"300\" height=\"148\" src=\"https:\/\/accido.pl\/wp-content\/uploads\/2025\/06\/rode_bes_copia_2_processed_together-1-300x148.jpg\" class=\"attachment-woocommerce_thumbnail size-woocommerce_thumbnail\" alt=\"Powerful Redcurrant Powder Large Pack\" srcset=\"https:\/\/accido.pl\/wp-content\/uploads\/2025\/06\/rode_bes_copia_2_processed_together-1-300x148.jpg 300w, https:\/\/accido.pl\/wp-content\/uploads\/2025\/06\/rode_bes_copia_2_processed_together-1-600x297.jpg 600w, https:\/\/accido.pl\/wp-content\/uploads\/2025\/06\/rode_bes_copia_2_processed_together-1-1024x506.jpg 1024w, https:\/\/accido.pl\/wp-content\/uploads\/2025\/06\/rode_bes_copia_2_processed_together-1-768x380.jpg 768w, https:\/\/accido.pl\/wp-content\/uploads\/2025\/06\/rode_bes_copia_2_processed_together-1.jpg 1456w\" sizes=\"(max-width: 300px) 100vw, 300px\" \/><\/div>\n\t\t\t\t\t<div class=\"wc-block-grid__product-title\">Pot\u0119\u017cny Proszek z Porzeczek Du\u017ce Opakowanie<\/div>\n\t\t\t\t<\/a>\n\t\t\t\t<div class=\"wc-block-grid__product-price price\"><span class=\"woocommerce-Price-amount amount\">44,50&nbsp;<span class=\"woocommerce-Price-currencySymbol\">&#122;&#322;<\/span><\/span><\/div>\n\t\t\t\t\n\t\t\t\t<div class=\"wp-block-button wc-block-grid__product-add-to-cart\"><a href=\"?add-to-cart=2888\" aria-label=\"Archiwum\" data-quantity=\"1\" data-product_id=\"2888\" data-product_sku=\"DROOGFRUIT-EN-POWERFULR-1623\" data-price=\"44.5\" rel=\"nofollow\" class=\"wp-block-button__link  add_to_cart_button ajax_add_to_cart\" data-no-translation=\"\" data-trp-gettext=\"\" data-no-translation-aria-label=\"\">Dodaj do koszyka<\/a><\/div>\n\t\t\t<\/li><li class=\"wc-block-grid__product\">\n\t\t\t\t<a href=\"https:\/\/accido.pl\/pl\/produkt\/freeze-dried-cherries-large-pack\/\" class=\"wc-block-grid__product-link\">\n\t\t\t\t\t\n\t\t\t\t\t<div class=\"wc-block-grid__product-image\"><img loading=\"lazy\" decoding=\"async\" width=\"300\" height=\"200\" src=\"https:\/\/accido.pl\/wp-content\/uploads\/2025\/06\/kersen_2_processed_together-1-300x200.jpg\" class=\"attachment-woocommerce_thumbnail size-woocommerce_thumbnail\" alt=\"Freeze-dried Cherries Large Pack\" srcset=\"https:\/\/accido.pl\/wp-content\/uploads\/2025\/06\/kersen_2_processed_together-1-300x200.jpg 300w, https:\/\/accido.pl\/wp-content\/uploads\/2025\/06\/kersen_2_processed_together-1-600x400.jpg 600w, https:\/\/accido.pl\/wp-content\/uploads\/2025\/06\/kersen_2_processed_together-1-1024x683.jpg 1024w, https:\/\/accido.pl\/wp-content\/uploads\/2025\/06\/kersen_2_processed_together-1-768x512.jpg 768w, https:\/\/accido.pl\/wp-content\/uploads\/2025\/06\/kersen_2_processed_together-1.jpg 1248w\" sizes=\"(max-width: 300px) 100vw, 300px\" \/><\/div>\n\t\t\t\t\t<div class=\"wc-block-grid__product-title\">Liofilizowane Wi\u015bnie Du\u017ce Opakowanie<\/div>\n\t\t\t\t<\/a>\n\t\t\t\t<div class=\"wc-block-grid__product-price price\"><span class=\"woocommerce-Price-amount amount\">59,00&nbsp;<span class=\"woocommerce-Price-currencySymbol\">&#122;&#322;<\/span><\/span><\/div>\n\t\t\t\t\n\t\t\t\t<div class=\"wp-block-button wc-block-grid__product-add-to-cart\"><a href=\"?add-to-cart=2885\" aria-label=\"Archiwum\" data-quantity=\"1\" data-product_id=\"2885\" data-product_sku=\"DROOGFRUIT-EN-FREEZE-DRI-1601\" data-price=\"59\" rel=\"nofollow\" class=\"wp-block-button__link  add_to_cart_button ajax_add_to_cart\" data-no-translation=\"\" data-trp-gettext=\"\" data-no-translation-aria-label=\"\">Dodaj do koszyka<\/a><\/div>\n\t\t\t<\/li><\/ul><\/div><\/div><\/div><\/div>\n\t\t\t\t<\/div>\n\t\t\t\t\t<\/div>\n\t\t\t\t<\/div>\t\t<\/div>","protected":false},"excerpt":{"rendered":"<p>CART Your cart is currently empty. Return to shop<\/p>","protected":false},"author":1,"featured_media":0,"parent":0,"menu_order":0,"comment_status":"closed","ping_status":"closed","template":"","meta":{"footnotes":""},"class_list":["post-48","page","type-page","status-publish","hentry"],"_links":{"self":[{"href":"https:\/\/accido.pl\/pl\/wp-json\/wp\/v2\/pages\/48","targetHints":{"allow":["GET"]}}],"collection":[{"href":"https:\/\/accido.pl\/pl\/wp-json\/wp\/v2\/pages"}],"about":[{"href":"https:\/\/accido.pl\/pl\/wp-json\/wp\/v2\/types\/page"}],"author":[{"embeddable":true,"href":"https:\/\/accido.pl\/pl\/wp-json\/wp\/v2\/users\/1"}],"replies":[{"embeddable":true,"href":"https:\/\/accido.pl\/pl\/wp-json\/wp\/v2\/comments?post=48"}],"version-history":[{"count":97,"href":"https:\/\/accido.pl\/pl\/wp-json\/wp\/v2\/pages\/48\/revisions"}],"predecessor-version":[{"id":2148,"href":"https:\/\/accido.pl\/pl\/wp-json\/wp\/v2\/pages\/48\/revisions\/2148"}],"wp:attachment":[{"href":"https:\/\/accido.pl\/pl\/wp-json\/wp\/v2\/media?parent=48"}],"curies":[{"name":"wp","href":"https:\/\/api.w.org\/{rel}","templated":true}]}}