{"id":47,"date":"2025-05-29T11:00:34","date_gmt":"2025-05-29T11:00:34","guid":{"rendered":"https:\/\/accido.pl\/index.php\/shop\/"},"modified":"2025-05-31T13:06:09","modified_gmt":"2025-05-31T13:06:09","slug":"shop","status":"publish","type":"page","link":"https:\/\/accido.pl\/pl\/shop\/","title":{"rendered":"Sklep"},"content":{"rendered":"<div data-elementor-type=\"wp-page\" data-elementor-id=\"47\" class=\"elementor elementor-47\" data-elementor-post-type=\"page\">\n\t\t\t\t<div class=\"elementor-element elementor-element-b895b92 elementor-hidden-desktop elementor-hidden-tablet elementor-hidden-mobile e-flex e-con-boxed e-con e-parent\" data-id=\"b895b92\" data-element_type=\"container\">\n\t\t\t\t\t<div class=\"e-con-inner\">\n\t\t<div class=\"elementor-element elementor-element-c289b73 e-con-full e-flex e-con e-child\" data-id=\"c289b73\" data-element_type=\"container\">\n\t\t\t\t<\/div>\n\t\t<div class=\"elementor-element elementor-element-e4f4dd3 e-con-full e-flex e-con e-child\" data-id=\"e4f4dd3\" data-element_type=\"container\">\n\t\t\t\t<div class=\"elementor-element elementor-element-2387180 elementor-widget elementor-widget-shortcode\" data-id=\"2387180\" data-element_type=\"widget\" data-widget_type=\"shortcode.default\">\n\t\t\t\t<div class=\"elementor-widget-container\">\n\t\t\t\t\t\t\t<div class=\"elementor-shortcode\"><\/div>\n\t\t\t\t\t\t<\/div>\n\t\t\t\t<\/div>\n\t\t\t\t<\/div>\n\t\t\t\t\t<\/div>\n\t\t\t\t<\/div>\n\t\t<div class=\"elementor-element elementor-element-bd4141d e-flex e-con-boxed e-con e-parent\" data-id=\"bd4141d\" data-element_type=\"container\">\n\t\t\t\t\t<div class=\"e-con-inner\">\n\t\t<div class=\"elementor-element elementor-element-4f6d3ad e-con-full e-flex e-con e-child\" data-id=\"4f6d3ad\" data-element_type=\"container\">\n\t\t\t\t<\/div>\n\t\t<div class=\"elementor-element elementor-element-5d5d75f e-con-full e-flex e-con e-child\" data-id=\"5d5d75f\" data-element_type=\"container\">\n\t\t\t\t<div class=\"elementor-element elementor-element-8a5a667 elementor-hidden-desktop elementor-hidden-tablet elementor-view-default elementor-widget elementor-widget-icon\" data-id=\"8a5a667\" data-element_type=\"widget\" data-widget_type=\"icon.default\">\n\t\t\t\t<div class=\"elementor-widget-container\">\n\t\t\t\t\t\t\t<div class=\"elementor-icon-wrapper\">\n\t\t\t<a class=\"elementor-icon\" href=\"#elementor-action%3Aaction%3Doff_canvas%3Aopen%26settings%3DeyJpZCI6ImU4YjFkMTMiLCJkaXNwbGF5TW9kZSI6Im9wZW4ifQ%3D%3D\">\n\t\t\t<svg aria-hidden=\"true\" class=\"e-font-icon-svg e-fas-sliders-h\" viewbox=\"0 0 512 512\" xmlns=\"http:\/\/www.w3.org\/2000\/svg\"><path d=\"M496 384H160v-16c0-8.8-7.2-16-16-16h-32c-8.8 0-16 7.2-16 16v16H16c-8.8 0-16 7.2-16 16v32c0 8.8 7.2 16 16 16h80v16c0 8.8 7.2 16 16 16h32c8.8 0 16-7.2 16-16v-16h336c8.8 0 16-7.2 16-16v-32c0-8.8-7.2-16-16-16zm0-160h-80v-16c0-8.8-7.2-16-16-16h-32c-8.8 0-16 7.2-16 16v16H16c-8.8 0-16 7.2-16 16v32c0 8.8 7.2 16 16 16h336v16c0 8.8 7.2 16 16 16h32c8.8 0 16-7.2 16-16v-16h80c8.8 0 16-7.2 16-16v-32c0-8.8-7.2-16-16-16zm0-160H288V48c0-8.8-7.2-16-16-16h-32c-8.8 0-16 7.2-16 16v16H16C7.2 64 0 71.2 0 80v32c0 8.8 7.2 16 16 16h208v16c0 8.8 7.2 16 16 16h32c8.8 0 16-7.2 16-16v-16h208c8.8 0 16-7.2 16-16V80c0-8.8-7.2-16-16-16z\"><\/path><\/svg>\t\t\t<\/a>\n\t\t<\/div>\n\t\t\t\t\t\t<\/div>\n\t\t\t\t<\/div>\n\t\t<div class=\"elementor-element elementor-element-0149aba e-con-full elementor-hidden-mobile e-flex e-con e-child\" data-id=\"0149aba\" data-element_type=\"container\">\n\t\t<div class=\"elementor-element elementor-element-3ce1276 e-con-full e-flex e-con e-child\" data-id=\"3ce1276\" data-element_type=\"container\">\n\t\t\t\t<div class=\"elementor-element elementor-element-1c724c4 elementor-widget elementor-widget-heading\" data-id=\"1c724c4\" data-element_type=\"widget\" data-widget_type=\"heading.default\">\n\t\t\t\t<div class=\"elementor-widget-container\">\n\t\t\t\t\t<h6 class=\"elementor-heading-title elementor-size-default\">Filtry Produkt\u00f3w<\/h6>\t\t\t\t<\/div>\n\t\t\t\t<\/div>\n\t\t\t\t<\/div>\n\t\t<div class=\"elementor-element elementor-element-bfcddb3 e-con-full e-flex e-con e-child\" data-id=\"bfcddb3\" data-element_type=\"container\">\n\t\t\t\t<div class=\"elementor-element elementor-element-f639a0a elementor-widget-mobile__width-inherit product-filter elementor-widget elementor-widget-shortcode\" data-id=\"f639a0a\" data-element_type=\"widget\" data-widget_type=\"shortcode.default\">\n\t\t\t\t<div class=\"elementor-widget-container\">\n\t\t\t\t\t\t\t<div class=\"elementor-shortcode\"><\/div>\n\t\t\t\t\t\t<\/div>\n\t\t\t\t<\/div>\n\t\t\t\t<\/div>\n\t\t\t\t<\/div>\n\t\t<div class=\"elementor-element elementor-element-956979b e-con-full e-flex e-con e-child\" data-id=\"956979b\" data-element_type=\"container\">\n\t\t\t\t<div class=\"elementor-element elementor-element-32c220a elementor-product-loop-item--align-center product-card elementor-products-grid elementor-wc-products elementor-show-pagination-border-yes elementor-widget elementor-widget-wc-archive-products\" data-id=\"32c220a\" data-element_type=\"widget\" data-widget_type=\"wc-archive-products.default\">\n\t\t\t\t<div class=\"elementor-widget-container\">\n\t\t\t\t\t<div class=\"elementor-nothing-found elementor-products-nothing-found\">It seems we can\u2019t find what you\u2019re looking for.<\/div>\t\t\t\t<\/div>\n\t\t\t\t<\/div>\n\t\t\t\t<div class=\"elementor-element elementor-element-8ccf3b1 elementor-product-loop-item--align-center product-card elementor-grid-4 elementor-grid-tablet-3 elementor-grid-mobile-2 elementor-products-grid elementor-wc-products elementor-show-pagination-border-yes elementor-widget elementor-widget-woocommerce-products\" data-id=\"8ccf3b1\" data-element_type=\"widget\" data-widget_type=\"woocommerce-products.default\">\n\t\t\t\t<div class=\"elementor-widget-container\">\n\t\t\t\t\t<div class=\"woocommerce columns-4\"><span class=\"wpfHidden\" data-shortcode-attribute=\"{&quot;limit&quot;:&quot;-1&quot;,&quot;columns&quot;:4,&quot;rows&quot;:1,&quot;orderby&quot;:&quot;&quot;,&quot;order&quot;:&quot;&quot;,&quot;ids&quot;:&quot;&quot;,&quot;skus&quot;:&quot;&quot;,&quot;category&quot;:&quot;&quot;,&quot;cat_operator&quot;:&quot;IN&quot;,&quot;attribute&quot;:&quot;&quot;,&quot;terms&quot;:&quot;&quot;,&quot;terms_operator&quot;:&quot;IN&quot;,&quot;tag&quot;:&quot;&quot;,&quot;tag_operator&quot;:&quot;IN&quot;,&quot;visibility&quot;:&quot;visible&quot;,&quot;class&quot;:&quot;&quot;,&quot;page&quot;:1,&quot;paginate&quot;:&quot;yes&quot;,&quot;cache&quot;:false}\"><\/span><div class=\"woocommerce-notices-wrapper\"><\/div><p class=\"woocommerce-result-count\" >\n\tWy\u015bwietlanie 1&ndash;4 z 81 wynik\u00f3w<\/p>\n<form class=\"woocommerce-ordering\" method=\"get\" action=\"\">\n\t\t<select\n\t\tname=\"orderby\"\n\t\tclass=\"orderby\"\n\t\t\t\t\taria-label=\"Zam\u00f3wienie w sklepie\" data-no-translation-aria-label=\"\"\n\t\t\t>\n\t\t\t\t\t<option value=\"menu_order\"  selected='selected' data-no-translation=\"\" data-trp-gettext=\"\">Domy\u015blne sortowanie<\/option>\n\t\t\t\t\t<option value=\"popularity\" data-no-translation=\"\" data-trp-gettext=\"\" >Sortuj wg popularno\u015bci<\/option>\n\t\t\t\t\t<option value=\"rating\" data-no-translation=\"\" data-trp-gettext=\"\" >Sortuj wg \u015bredniej oceny<\/option>\n\t\t\t\t\t<option value=\"date\" data-no-translation=\"\" data-trp-gettext=\"\" >Sortuj od najnowszych<\/option>\n\t\t\t\t\t<option value=\"price\" data-no-translation=\"\" data-trp-gettext=\"\" >Sortuj po cenie od najni\u017cszej<\/option>\n\t\t\t\t\t<option value=\"price-desc\" data-no-translation=\"\" data-trp-gettext=\"\" >Sortuj po cenie od najwy\u017cszej<\/option>\n\t\t\t<\/select>\n\t<input type=\"hidden\" name=\"paged\" value=\"1\" \/>\n\t<input type=\"hidden\" name=\"trp-form-language\" value=\"pl\"\/><\/form>\n<ul class=\"products elementor-grid columns-4\">\n<li class=\"product type-product post-2699 status-publish first instock product_cat-dried-fruit product_cat-fruit-mixes has-post-thumbnail shipping-taxable purchasable product-type-variable\">\n\t<a href=\"https:\/\/accido.pl\/pl\/produkt\/all-fruit-deluxe\/\" class=\"woocommerce-LoopProduct-link woocommerce-loop-product__link\"><img fetchpriority=\"high\" decoding=\"async\" width=\"300\" height=\"300\" src=\"https:\/\/accido.pl\/wp-content\/uploads\/2025\/06\/tutti_frutti_1_2-1-300x300.jpg\" class=\"attachment-woocommerce_thumbnail size-woocommerce_thumbnail\" alt=\"All fruit deluxe\" srcset=\"https:\/\/accido.pl\/wp-content\/uploads\/2025\/06\/tutti_frutti_1_2-1-300x300.jpg 300w, https:\/\/accido.pl\/wp-content\/uploads\/2025\/06\/tutti_frutti_1_2-1-100x100.jpg 100w, https:\/\/accido.pl\/wp-content\/uploads\/2025\/06\/tutti_frutti_1_2-1-600x600.jpg 600w, https:\/\/accido.pl\/wp-content\/uploads\/2025\/06\/tutti_frutti_1_2-1-150x150.jpg 150w, https:\/\/accido.pl\/wp-content\/uploads\/2025\/06\/tutti_frutti_1_2-1.jpg 700w\" sizes=\"(max-width: 300px) 100vw, 300px\" \/><h2 class=\"woocommerce-loop-product__title\">Wszystkie owoce deluxe<\/h2>\n\t<span class=\"price\" data-no-translation=\"\" data-trp-gettext=\"\">Tre\u015b\u0107<\/span>\n<\/a><div class=\"woocommerce-loop-product__buttons\"><a href=\"https:\/\/accido.pl\/pl\/produkt\/all-fruit-deluxe\/\" aria-describedby=\"woocommerce_loop_add_to_cart_link_describedby_2699\" data-quantity=\"1\" class=\"button product_type_variable add_to_cart_button\" data-product_id=\"2699\" data-product_sku=\"NUTAMO-EN-TUTTIFRUT-8353\" aria-label=\"Wybierz opcje dla \u201eAll fruit deluxe\u201d\" rel=\"nofollow\" data-no-translation=\"\" data-trp-gettext=\"\" data-no-translation-aria-label=\"\">Zawrzyj Kontekst<\/a><\/div>\t<span id=\"woocommerce_loop_add_to_cart_link_describedby_2699\" class=\"screen-reader-text\">\n\t\tTen produkt ma wiele wariant\u00f3w. Opcje mo\u017cna wybra\u0107 na stronie produktu\t<\/span>\n<\/li>\n<li class=\"product type-product post-2710 status-publish instock product_cat-apricots product_cat-dried-fruit has-post-thumbnail shipping-taxable purchasable product-type-variable\">\n\t<a href=\"https:\/\/accido.pl\/pl\/produkt\/apricot-pieces\/\" class=\"woocommerce-LoopProduct-link woocommerce-loop-product__link\"><img decoding=\"async\" width=\"300\" height=\"300\" src=\"https:\/\/accido.pl\/wp-content\/uploads\/2025\/06\/abrikozen_stukjes_3-300x300.jpg\" class=\"attachment-woocommerce_thumbnail size-woocommerce_thumbnail\" alt=\"Apricot pieces\" srcset=\"https:\/\/accido.pl\/wp-content\/uploads\/2025\/06\/abrikozen_stukjes_3-300x300.jpg 300w, https:\/\/accido.pl\/wp-content\/uploads\/2025\/06\/abrikozen_stukjes_3-100x100.jpg 100w, https:\/\/accido.pl\/wp-content\/uploads\/2025\/06\/abrikozen_stukjes_3-600x600.jpg 600w, https:\/\/accido.pl\/wp-content\/uploads\/2025\/06\/abrikozen_stukjes_3-150x150.jpg 150w, https:\/\/accido.pl\/wp-content\/uploads\/2025\/06\/abrikozen_stukjes_3.jpg 700w\" sizes=\"(max-width: 300px) 100vw, 300px\" \/><h2 class=\"woocommerce-loop-product__title\">Kawa\u0142ki moreli<\/h2>\n\t<span class=\"price\" data-no-translation=\"\" data-trp-gettext=\"\">Tre\u015b\u0107<\/span>\n<\/a><div class=\"woocommerce-loop-product__buttons\"><a href=\"https:\/\/accido.pl\/pl\/produkt\/apricot-pieces\/\" aria-describedby=\"woocommerce_loop_add_to_cart_link_describedby_2710\" data-quantity=\"1\" class=\"button product_type_variable add_to_cart_button\" data-product_id=\"2710\" data-product_sku=\"NUTAMO-EN-ABRIKOZEN-8800\" aria-label=\"Wybierz opcje dla \u201eApricot pieces\u201d\" rel=\"nofollow\" data-no-translation=\"\" data-trp-gettext=\"\" data-no-translation-aria-label=\"\">Zawrzyj Kontekst<\/a><\/div>\t<span id=\"woocommerce_loop_add_to_cart_link_describedby_2710\" class=\"screen-reader-text\">\n\t\tTen produkt ma wiele wariant\u00f3w. Opcje mo\u017cna wybra\u0107 na stronie produktu\t<\/span>\n<\/li>\n<li class=\"product type-product post-2764 status-publish instock product_cat-apricots product_cat-dried-fruit has-post-thumbnail shipping-taxable purchasable product-type-variable\">\n\t<a href=\"https:\/\/accido.pl\/pl\/produkt\/apricots\/\" class=\"woocommerce-LoopProduct-link woocommerce-loop-product__link\"><img decoding=\"async\" width=\"300\" height=\"300\" src=\"https:\/\/accido.pl\/wp-content\/uploads\/2025\/06\/abrikozen_1-1-300x300.jpg\" class=\"attachment-woocommerce_thumbnail size-woocommerce_thumbnail\" alt=\"Apricots\" srcset=\"https:\/\/accido.pl\/wp-content\/uploads\/2025\/06\/abrikozen_1-1-300x300.jpg 300w, https:\/\/accido.pl\/wp-content\/uploads\/2025\/06\/abrikozen_1-1-100x100.jpg 100w, https:\/\/accido.pl\/wp-content\/uploads\/2025\/06\/abrikozen_1-1-600x600.jpg 600w, https:\/\/accido.pl\/wp-content\/uploads\/2025\/06\/abrikozen_1-1-150x150.jpg 150w, https:\/\/accido.pl\/wp-content\/uploads\/2025\/06\/abrikozen_1-1.jpg 700w\" sizes=\"(max-width: 300px) 100vw, 300px\" \/><h2 class=\"woocommerce-loop-product__title\">Morele<\/h2>\n\t<span class=\"price\" data-no-translation=\"\" data-trp-gettext=\"\">Tre\u015b\u0107<\/span>\n<\/a><div class=\"woocommerce-loop-product__buttons\"><a href=\"https:\/\/accido.pl\/pl\/produkt\/apricots\/\" aria-describedby=\"woocommerce_loop_add_to_cart_link_describedby_2764\" data-quantity=\"1\" class=\"button product_type_variable add_to_cart_button\" data-product_id=\"2764\" data-product_sku=\"NUTAMO-EN-ABRIKOZEN-1191\" aria-label=\"Wybierz opcje dla \u201eApricots\u201d\" rel=\"nofollow\" data-no-translation=\"\" data-trp-gettext=\"\" data-no-translation-aria-label=\"\">Zawrzyj Kontekst<\/a><\/div>\t<span id=\"woocommerce_loop_add_to_cart_link_describedby_2764\" class=\"screen-reader-text\">\n\t\tTen produkt ma wiele wariant\u00f3w. Opcje mo\u017cna wybra\u0107 na stronie produktu\t<\/span>\n<\/li>\n<li class=\"product type-product post-2739 status-publish last instock product_cat-apricots product_cat-dried-fruit has-post-thumbnail shipping-taxable purchasable product-type-variable\">\n\t<a href=\"https:\/\/accido.pl\/pl\/produkt\/apricots-unpeeled\/\" class=\"woocommerce-LoopProduct-link woocommerce-loop-product__link\"><img loading=\"lazy\" decoding=\"async\" width=\"300\" height=\"300\" src=\"https:\/\/accido.pl\/wp-content\/uploads\/2025\/06\/abrikozen_ongezwaveld__1_1-1-300x300.jpg\" class=\"attachment-woocommerce_thumbnail size-woocommerce_thumbnail\" alt=\"Apricots (unpeeled)\" srcset=\"https:\/\/accido.pl\/wp-content\/uploads\/2025\/06\/abrikozen_ongezwaveld__1_1-1-300x300.jpg 300w, https:\/\/accido.pl\/wp-content\/uploads\/2025\/06\/abrikozen_ongezwaveld__1_1-1-100x100.jpg 100w, https:\/\/accido.pl\/wp-content\/uploads\/2025\/06\/abrikozen_ongezwaveld__1_1-1-600x600.jpg 600w, https:\/\/accido.pl\/wp-content\/uploads\/2025\/06\/abrikozen_ongezwaveld__1_1-1-150x150.jpg 150w, https:\/\/accido.pl\/wp-content\/uploads\/2025\/06\/abrikozen_ongezwaveld__1_1-1.jpg 700w\" sizes=\"(max-width: 300px) 100vw, 300px\" \/><h2 class=\"woocommerce-loop-product__title\">Morele (nieobrane)<\/h2>\n\t<span class=\"price\" data-no-translation=\"\" data-trp-gettext=\"\">Tre\u015b\u0107<\/span>\n<\/a><div class=\"woocommerce-loop-product__buttons\"><a href=\"https:\/\/accido.pl\/pl\/produkt\/apricots-unpeeled\/\" aria-describedby=\"woocommerce_loop_add_to_cart_link_describedby_2739\" data-quantity=\"1\" class=\"button product_type_variable add_to_cart_button\" data-product_id=\"2739\" data-product_sku=\"NUTAMO-EN-ABRIKOZEN-125\" aria-label=\"Wybierz opcje dla \u201eApricots (unpeeled)\u201d\" rel=\"nofollow\" data-no-translation=\"\" data-trp-gettext=\"\" data-no-translation-aria-label=\"\">Zawrzyj Kontekst<\/a><\/div>\t<span id=\"woocommerce_loop_add_to_cart_link_describedby_2739\" class=\"screen-reader-text\">\n\t\tTen produkt ma wiele wariant\u00f3w. Opcje mo\u017cna wybra\u0107 na stronie produktu\t<\/span>\n<\/li>\n<\/ul>\n<nav class=\"woocommerce-pagination\" aria-label=\"Paginacja produkt\u00f3w\" data-no-translation-aria-label=\"\">\n\t<ul class='page-numbers'>\n\t<li><span aria-label=\"Strona 1\" aria-current=\"page\" class=\"page-numbers current\" data-no-translation-aria-label=\"\">1<\/span><\/li>\n\t<li><a aria-label=\"Strona 2\" class=\"page-numbers\" href=\"\/pl\/wp-json\/wp\/v2\/pages\/47?product-page=2\" data-no-translation-aria-label=\"\">2<\/a><\/li>\n\t<li><a aria-label=\"Strona 3\" class=\"page-numbers\" href=\"\/pl\/wp-json\/wp\/v2\/pages\/47?product-page=3\" data-no-translation-aria-label=\"\">3<\/a><\/li>\n\t<li><a aria-label=\"Strona 4\" class=\"page-numbers\" href=\"\/pl\/wp-json\/wp\/v2\/pages\/47?product-page=4\" data-no-translation-aria-label=\"\">4<\/a><\/li>\n\t<li><span class=\"page-numbers dots\">&hellip;<\/span><\/li>\n\t<li><a aria-label=\"Strona 19\" class=\"page-numbers\" href=\"\/pl\/wp-json\/wp\/v2\/pages\/47?product-page=19\" data-no-translation-aria-label=\"\">19<\/a><\/li>\n\t<li><a aria-label=\"Strona 20\" class=\"page-numbers\" href=\"\/pl\/wp-json\/wp\/v2\/pages\/47?product-page=20\" data-no-translation-aria-label=\"\">20<\/a><\/li>\n\t<li><a aria-label=\"Strona 21\" class=\"page-numbers\" href=\"\/pl\/wp-json\/wp\/v2\/pages\/47?product-page=21\" data-no-translation-aria-label=\"\">21<\/a><\/li>\n\t<li><a class=\"next page-numbers\" href=\"\/pl\/wp-json\/wp\/v2\/pages\/47?product-page=2\">\u2192<\/a><\/li>\n<\/ul>\n<\/nav>\n<\/div>\t\t\t\t<\/div>\n\t\t\t\t<\/div>\n\t\t\t\t<\/div>\n\t\t\t\t<\/div>\n\t\t\t\t<div class=\"elementor-element elementor-element-c2c150c elementor-widget elementor-widget-off-canvas\" data-id=\"c2c150c\" data-element_type=\"widget\" data-settings=\"{&quot;entrance_animation_mobile&quot;:&quot;fadeInRight&quot;,&quot;exit_animation_mobile&quot;:&quot;fadeInRight&quot;}\" data-widget_type=\"off-canvas.default\">\n\t\t\t\t<div class=\"elementor-widget-container\">\n\t\t\t\t\t\t\t<div id=\"off-canvas-c2c150c\" class=\"e-off-canvas\" role=\"dialog\" aria-hidden=\"true\" aria-label=\"Poza Kanw\u0105\" aria-modal=\"true\" inert=\"\" data-delay-child-handlers=\"true\">\n\t\t\t<div class=\"e-off-canvas__overlay\"><\/div>\n\t\t\t<div class=\"e-off-canvas__main\">\n\t\t\t\t<div class=\"e-off-canvas__content\">\n\t\t\t\t\t<div class=\"elementor-element elementor-element-d286a64 e-con-full e-flex e-con e-child\" data-id=\"d286a64\" data-element_type=\"container\">\n\t\t<div class=\"elementor-element elementor-element-226e386 e-con-full e-flex e-con e-child\" data-id=\"226e386\" data-element_type=\"container\">\n\t\t<div class=\"elementor-element elementor-element-9ef59ed e-con-full e-flex e-con e-child\" data-id=\"9ef59ed\" data-element_type=\"container\">\n\t\t\t\t<div class=\"elementor-element elementor-element-43ee01f elementor-widget elementor-widget-heading\" data-id=\"43ee01f\" data-element_type=\"widget\" data-widget_type=\"heading.default\">\n\t\t\t\t<div class=\"elementor-widget-container\">\n\t\t\t\t\t<h6 class=\"elementor-heading-title elementor-size-default\">Filtry Produkt\u00f3w<\/h6>\t\t\t\t<\/div>\n\t\t\t\t<\/div>\n\t\t\t\t<div class=\"elementor-element elementor-element-31f35fd elementor-view-default elementor-widget elementor-widget-icon\" data-id=\"31f35fd\" data-element_type=\"widget\" data-widget_type=\"icon.default\">\n\t\t\t\t<div class=\"elementor-widget-container\">\n\t\t\t\t\t\t\t<div class=\"elementor-icon-wrapper\">\n\t\t\t<a class=\"elementor-icon\" href=\"#elementor-action%3Aaction%3Doff_canvas%3Aclose%26settings%3DeyJpZCI6ImU4YjFkMTMiLCJkaXNwbGF5TW9kZSI6ImNsb3NlIn0%3D\">\n\t\t\t<i aria-hidden=\"true\" class=\"icon icon-cross\"><\/i>\t\t\t<\/a>\n\t\t<\/div>\n\t\t\t\t\t\t<\/div>\n\t\t\t\t<\/div>\n\t\t\t\t<\/div>\n\t\t<div class=\"elementor-element elementor-element-06a792e e-con-full e-flex e-con e-child\" data-id=\"06a792e\" data-element_type=\"container\">\n\t\t\t\t<div class=\"elementor-element elementor-element-edf2d9b elementor-widget-mobile__width-inherit product-filter elementor-widget elementor-widget-shortcode\" data-id=\"edf2d9b\" data-element_type=\"widget\" data-widget_type=\"shortcode.default\">\n\t\t\t\t<div class=\"elementor-widget-container\">\n\t\t\t\t\t\t\t<div class=\"elementor-shortcode\"><\/div>\n\t\t\t\t\t\t<\/div>\n\t\t\t\t<\/div>\n\t\t\t\t<\/div>\n\t\t\t\t<\/div>\n\t\t\t\t<\/div>\n\t\t\t\t\t\t<\/div>\n\t\t\t<\/div>\n\t\t<\/div>\n\t\t\t\t\t\t<\/div>\n\t\t\t\t<\/div>\n\t\t\t\t\t<\/div>\n\t\t\t\t<\/div>\n\t\t\t\t<\/div>","protected":false},"excerpt":{"rendered":"<p>Product Filters Product Filters Product Filters<\/p>","protected":false},"author":1,"featured_media":0,"parent":0,"menu_order":0,"comment_status":"closed","ping_status":"closed","template":"","meta":{"footnotes":""},"class_list":["post-47","page","type-page","status-publish","hentry"],"_links":{"self":[{"href":"https:\/\/accido.pl\/pl\/wp-json\/wp\/v2\/pages\/47","targetHints":{"allow":["GET"]}}],"collection":[{"href":"https:\/\/accido.pl\/pl\/wp-json\/wp\/v2\/pages"}],"about":[{"href":"https:\/\/accido.pl\/pl\/wp-json\/wp\/v2\/types\/page"}],"author":[{"embeddable":true,"href":"https:\/\/accido.pl\/pl\/wp-json\/wp\/v2\/users\/1"}],"replies":[{"embeddable":true,"href":"https:\/\/accido.pl\/pl\/wp-json\/wp\/v2\/comments?post=47"}],"version-history":[{"count":10,"href":"https:\/\/accido.pl\/pl\/wp-json\/wp\/v2\/pages\/47\/revisions"}],"predecessor-version":[{"id":2105,"href":"https:\/\/accido.pl\/pl\/wp-json\/wp\/v2\/pages\/47\/revisions\/2105"}],"wp:attachment":[{"href":"https:\/\/accido.pl\/pl\/wp-json\/wp\/v2\/media?parent=47"}],"curies":[{"name":"wp","href":"https:\/\/api.w.org\/{rel}","templated":true}]}}