{"id":3,"date":"2025-05-28T17:58:14","date_gmt":"2025-05-28T17:58:14","guid":{"rendered":"https:\/\/accido.pl\/?page_id=3"},"modified":"2025-06-06T06:11:02","modified_gmt":"2025-06-06T06:11:02","slug":"privacy-policy","status":"publish","type":"page","link":"https:\/\/accido.pl\/pl\/privacy-policy\/","title":{"rendered":"Polityka Prywatno\u015bci"},"content":{"rendered":"<div data-elementor-type=\"wp-page\" data-elementor-id=\"3\" class=\"elementor elementor-3\" data-elementor-post-type=\"page\">\n\t\t\t\t<div class=\"elementor-element elementor-element-449c650e e-con-full e-flex e-con e-parent\" data-id=\"449c650e\" data-element_type=\"container\">\n\t\t<div class=\"elementor-element elementor-element-17526128 e-con-full e-flex e-con e-child\" data-id=\"17526128\" data-element_type=\"container\" data-settings=\"{&quot;background_background&quot;:&quot;classic&quot;}\">\n\t\t<div class=\"elementor-element elementor-element-777970cd e-flex e-con-boxed e-con e-child\" data-id=\"777970cd\" data-element_type=\"container\" data-settings=\"{&quot;background_background&quot;:&quot;classic&quot;}\">\n\t\t\t\t\t<div class=\"e-con-inner\">\n\t\t\t\t<div class=\"elementor-element elementor-element-7bf5747b elementor-widget elementor-widget-hfe-breadcrumbs-widget\" data-id=\"7bf5747b\" data-element_type=\"widget\" data-widget_type=\"hfe-breadcrumbs-widget.default\">\n\t\t\t\t<div class=\"elementor-widget-container\">\n\t\t\t\t\t<nav aria-label=\"Okruszki\"><ul class=\"hfe-breadcrumbs hfe-breadcrumbs-show-home\"><li class=\"hfe-breadcrumbs-item hfe-breadcrumbs-first\"><span class=\"hfe-breadcrumbs-home-icon\"><\/span><a href=\"https:\/\/accido.pl\/pl\"><span class=\"hfe-breadcrumbs-text\">Dom<\/span><\/a><\/li><\/ul><\/nav>\t\t\t\t<\/div>\n\t\t\t\t<\/div>\n\t\t\t\t\t<\/div>\n\t\t\t\t<\/div>\n\t\t\t\t<\/div>\n\t\t<div class=\"elementor-element elementor-element-65a422a8 e-con-full e-flex e-con e-child\" data-id=\"65a422a8\" data-element_type=\"container\">\n\t\t<div class=\"elementor-element elementor-element-1eb37424 e-con-full e-flex e-con e-child\" data-id=\"1eb37424\" data-element_type=\"container\">\n\t\t<div class=\"elementor-element elementor-element-3a583c7f e-con-full e-flex e-con e-child\" data-id=\"3a583c7f\" data-element_type=\"container\">\n\t\t\t\t<div class=\"elementor-element elementor-element-4352fca3 elementor-widget elementor-widget-heading\" data-id=\"4352fca3\" data-element_type=\"widget\" data-widget_type=\"heading.default\">\n\t\t\t\t<div class=\"elementor-widget-container\">\n\t\t\t\t\t<h1 class=\"elementor-heading-title elementor-size-default\">Polityka Prywatno\u015bci<\/h1>\t\t\t\t<\/div>\n\t\t\t\t<\/div>\n\t\t\t\t<\/div>\n\t\t<div class=\"elementor-element elementor-element-56ec0f06 e-con-full e-flex e-con e-child\" data-id=\"56ec0f06\" data-element_type=\"container\">\n\t\t\t\t<div class=\"elementor-element elementor-element-2124c89f elementor-widget elementor-widget-text-editor\" data-id=\"2124c89f\" data-element_type=\"widget\" data-widget_type=\"text-editor.default\">\n\t\t\t\t<div class=\"elementor-widget-container\">\n\t\t\t\t\t\t\t\t\t<h2 class=\"wp-block-heading\">Kim jeste\u015bmy<\/h2>\n<p><!-- \/wp:heading --><!-- wp:paragraph --><\/p>\n<p>Nasz adres strony internetowej to: https:\/\/accido.pl.<\/p>\n<p><!-- \/wp:paragraph --><!-- wp:heading --><\/p>\n<h2 class=\"wp-block-heading\">Komentarze<\/h2>\n<p><!-- \/wp:heading --><!-- wp:paragraph --><\/p>\n<p>Gdy odwiedzaj\u0105cy zostawiaj\u0105 komentarze na stronie, zbieramy dane widoczne w formularzu komentarza, a tak\u017ce adres IP u\u017cytkownika oraz ci\u0105g znak\u00f3w agenta u\u017cytkownika przegl\u0105darki, aby pom\u00f3c w wykrywaniu spamu.<\/p>\n<p><!-- \/wp:paragraph --><!-- wp:paragraph --><\/p>\n<p>Zanonimizowany ci\u0105g znak\u00f3w utworzony z Twojego adresu e-mail (zwany r\u00f3wnie\u017c hashem) mo\u017ce zosta\u0107 przekazany do us\u0142ugi Gravatar, aby sprawdzi\u0107, czy z niej korzystasz. Polityka prywatno\u015bci us\u0142ugi Gravatar jest dost\u0119pna tutaj: https:\/\/automattic.com\/privacy\/. Po zatwierdzeniu Twojego komentarza, Tw\u00f3j obraz profilowy jest widoczny publicznie w kontek\u015bcie Twojego komentarza.<\/p>\n<p><!-- \/wp:paragraph --><!-- wp:heading --><\/p>\n<h2 class=\"wp-block-heading\">Media<\/h2>\n<p><!-- \/wp:heading --><!-- wp:paragraph --><\/p>\n<p>Je\u015bli przesy\u0142asz obrazy na stron\u0119 internetow\u0105, powiniene\u015b unika\u0107 przesy\u0142ania obraz\u00f3w z osadzonymi danymi lokalizacyjnymi (EXIF GPS). Odwiedzaj\u0105cy stron\u0119 mog\u0105 pobra\u0107 i wyodr\u0119bni\u0107 wszelkie dane lokalizacyjne z obraz\u00f3w znajduj\u0105cych si\u0119 na stronie.<\/p>\n<p><!-- \/wp:paragraph --><!-- wp:heading --><\/p>\n<h2 class=\"wp-block-heading\">Ciasteczka<\/h2>\n<p><!-- \/wp:heading --><!-- wp:paragraph --><\/p>\n<p>Je\u015bli zostawisz komentarz na naszej stronie, mo\u017cesz wyrazi\u0107 zgod\u0119 na zapisanie swojego imienia, adresu e-mail i strony internetowej w plikach cookies. S\u0105 one dla Twojej wygody, aby\u015b nie musia\u0142 ponownie wype\u0142nia\u0107 swoich danych, gdy zostawisz kolejny komentarz. Te pliki cookies b\u0119d\u0105 przechowywane przez rok.<\/p>\n<p><!-- \/wp:paragraph --><!-- wp:paragraph --><\/p>\n<p>Je\u015bli odwiedzisz nasz\u0105 stron\u0119 logowania, ustawimy tymczasowe ciasteczko, aby sprawdzi\u0107, czy Twoja przegl\u0105darka akceptuje pliki cookie. To ciasteczko nie zawiera \u017cadnych danych osobowych i jest usuwane po zamkni\u0119ciu przegl\u0105darki.<\/p>\n<p><!-- \/wp:paragraph --><!-- wp:paragraph --><\/p>\n<p>Po zalogowaniu ustawimy r\u00f3wnie\u017c kilka plik\u00f3w cookie, aby zapisa\u0107 informacje o logowaniu oraz wybrane ustawienia ekranu. Pliki cookie logowania wygasaj\u0105 po dw\u00f3ch dniach, a pliki cookie ustawie\u0144 ekranu po roku. Je\u015bli wybierzesz opcj\u0119 \u201eZapami\u0119taj mnie\u201d, Twoje logowanie b\u0119dzie aktywne przez dwa tygodnie. Wylogowanie si\u0119 z konta spowoduje usuni\u0119cie plik\u00f3w cookie logowania.<\/p>\n<p><!-- \/wp:paragraph --><!-- wp:paragraph --><\/p>\n<p>Je\u015bli edytujesz lub publikujesz artyku\u0142, dodatkowe ciasteczko zostanie zapisane w Twojej przegl\u0105darce. To ciasteczko nie zawiera \u017cadnych danych osobowych i jedynie wskazuje identyfikator posta artyku\u0142u, kt\u00f3ry w\u0142a\u015bnie edytowa\u0142e\u015b. Wygasa po 1 dniu.<\/p>\n<p><!-- \/wp:paragraph --><!-- wp:heading --><\/p>\n<h2 class=\"wp-block-heading\">Osadzone tre\u015bci z innych witryn internetowych<\/h2>\n<p><!-- \/wp:heading --><!-- wp:paragraph --><\/p>\n<p>Artyku\u0142y na tej stronie mog\u0105 zawiera\u0107 osadzone tre\u015bci (np. filmy, obrazy, artyku\u0142y itp.). Osadzone tre\u015bci z innych witryn zachowuj\u0105 si\u0119 dok\u0142adnie tak samo, jak gdyby odwiedzaj\u0105cy odwiedzi\u0142 inn\u0105 witryn\u0119.<\/p>\n<p><!-- \/wp:paragraph --><!-- wp:paragraph --><\/p>\n<p>Te strony internetowe mog\u0105 zbiera\u0107 dane o Tobie, u\u017cywa\u0107 plik\u00f3w cookie, osadza\u0107 dodatkowe narz\u0119dzia \u015bledz\u0105ce os\u00f3b trzecich oraz monitorowa\u0107 Twoj\u0105 interakcj\u0119 z tym osadzonymi tre\u015bciami, w tym \u015bledzi\u0107 Twoj\u0105 interakcj\u0119 z osadzonymi tre\u015bciami, je\u015bli masz konto i jeste\u015b zalogowany na tej stronie.<\/p>\n<p><!-- \/wp:paragraph --><!-- wp:heading --><\/p>\n<h2 class=\"wp-block-heading\">Z kim dzielimy si\u0119 Twoimi danymi<\/h2>\n<p><!-- \/wp:heading --><!-- wp:paragraph --><\/p>\n<p>Je\u015bli za\u017c\u0105dasz zresetowania has\u0142a, Tw\u00f3j adres IP zostanie uwzgl\u0119dniony w wiadomo\u015bci e-mail z resetem.<\/p>\n<p><!-- \/wp:paragraph --><!-- wp:heading --><\/p>\n<h2 class=\"wp-block-heading\">Jak d\u0142ugo przechowujemy Twoje dane<\/h2>\n<p><!-- \/wp:heading --><!-- wp:paragraph --><\/p>\n<p>Je\u015bli zostawisz komentarz, komentarz i jego metadane s\u0105 przechowywane w niesko\u0144czono\u015b\u0107. Dzi\u0119ki temu mo\u017cemy automatycznie rozpozna\u0107 i zatwierdzi\u0107 ewentualne kolejne komentarze, zamiast trzyma\u0107 je w kolejce moderacyjnej.<\/p>\n<p><!-- \/wp:paragraph --><!-- wp:paragraph --><\/p>\n<p>Dla u\u017cytkownik\u00f3w, kt\u00f3rzy zarejestruj\u0105 si\u0119 na naszej stronie internetowej (je\u015bli tacy s\u0105), przechowujemy r\u00f3wnie\u017c dane osobowe, kt\u00f3re podaj\u0105 w swoim profilu. Wszyscy u\u017cytkownicy mog\u0105 przegl\u0105da\u0107, edytowa\u0107 lub usuwa\u0107 swoje dane osobowe w dowolnym momencie (z wyj\u0105tkiem zmiany nazwy u\u017cytkownika). Administratorzy strony r\u00f3wnie\u017c mog\u0105 przegl\u0105da\u0107 i edytowa\u0107 te informacje.<\/p>\n<p><!-- \/wp:paragraph --><!-- wp:heading --><\/p>\n<h2 class=\"wp-block-heading\">Jakie masz prawa do swoich danych<\/h2>\n<p><!-- \/wp:heading --><!-- wp:paragraph --><\/p>\n<p>Je\u015bli masz konto na tej stronie lub pozostawi\u0142e\u015b komentarze, mo\u017cesz za\u017c\u0105da\u0107 otrzymania wyeksportowanego pliku z danymi osobowymi, kt\u00f3re przechowujemy na Tw\u00f3j temat, w tym wszelkich danych, kt\u00f3re nam przekaza\u0142e\u015b. Mo\u017cesz r\u00f3wnie\u017c za\u017c\u0105da\u0107 usuni\u0119cia wszelkich danych osobowych, kt\u00f3re przechowujemy na Tw\u00f3j temat. Nie dotyczy to danych, kt\u00f3re jeste\u015bmy zobowi\u0105zani przechowywa\u0107 ze wzgl\u0119d\u00f3w administracyjnych, prawnych lub bezpiecze\u0144stwa.<\/p>\n<p><!-- \/wp:paragraph --><!-- wp:heading --><\/p>\n<h2 class=\"wp-block-heading\">Gdzie s\u0105 przesy\u0142ane Twoje dane<\/h2>\n<p><!-- \/wp:heading --><!-- wp:paragraph --><\/p>\n<p>Komentarze odwiedzaj\u0105cych mog\u0105 by\u0107 sprawdzane przez automatyczn\u0105 us\u0142ug\u0119 wykrywania spamu.<\/p>\n<p><!-- \/wp:paragraph --><\/p>\t\t\t\t\t\t\t\t<\/div>\n\t\t\t\t<\/div>\n\t\t\t\t<\/div>\n\t\t\t\t<\/div>\n\t\t\t\t<\/div>\n\t\t\t\t<\/div>\t\t<\/div>","protected":false},"excerpt":{"rendered":"<p>Home Privacy Policy Who we are Our website address is: https:\/\/accido.pl. Comments When visitors leave comments on the site we collect the data shown in the comments form, and also the visitor\u2019s IP address and browser user agent string to help spam detection. An anonymized string created from your email address (also called a hash) [&hellip;]<\/p>","protected":false},"author":1,"featured_media":0,"parent":0,"menu_order":0,"comment_status":"closed","ping_status":"open","template":"","meta":{"footnotes":""},"class_list":["post-3","page","type-page","status-publish","hentry"],"_links":{"self":[{"href":"https:\/\/accido.pl\/pl\/wp-json\/wp\/v2\/pages\/3","targetHints":{"allow":["GET"]}}],"collection":[{"href":"https:\/\/accido.pl\/pl\/wp-json\/wp\/v2\/pages"}],"about":[{"href":"https:\/\/accido.pl\/pl\/wp-json\/wp\/v2\/types\/page"}],"author":[{"embeddable":true,"href":"https:\/\/accido.pl\/pl\/wp-json\/wp\/v2\/users\/1"}],"replies":[{"embeddable":true,"href":"https:\/\/accido.pl\/pl\/wp-json\/wp\/v2\/comments?post=3"}],"version-history":[{"count":9,"href":"https:\/\/accido.pl\/pl\/wp-json\/wp\/v2\/pages\/3\/revisions"}],"predecessor-version":[{"id":3916,"href":"https:\/\/accido.pl\/pl\/wp-json\/wp\/v2\/pages\/3\/revisions\/3916"}],"wp:attachment":[{"href":"https:\/\/accido.pl\/pl\/wp-json\/wp\/v2\/media?parent=3"}],"curies":[{"name":"wp","href":"https:\/\/api.w.org\/{rel}","templated":true}]}}