{"id":2055,"date":"2025-05-31T12:46:32","date_gmt":"2025-05-31T12:46:32","guid":{"rendered":"https:\/\/accido.pl\/?page_id=2055"},"modified":"2025-06-11T06:00:53","modified_gmt":"2025-06-11T06:00:53","slug":"general-terms-and-conditions","status":"publish","type":"page","link":"https:\/\/accido.pl\/pl\/general-terms-and-conditions\/","title":{"rendered":"Og\u00f3lne warunki"},"content":{"rendered":"<div data-elementor-type=\"wp-page\" data-elementor-id=\"2055\" class=\"elementor elementor-2055\" data-elementor-post-type=\"page\">\n\t\t\t\t<div class=\"elementor-element elementor-element-6df90a28 e-con-full e-flex e-con e-parent\" data-id=\"6df90a28\" data-element_type=\"container\">\n\t\t<div class=\"elementor-element elementor-element-2b26970e e-con-full e-flex e-con e-child\" data-id=\"2b26970e\" data-element_type=\"container\" data-settings=\"{&quot;background_background&quot;:&quot;classic&quot;}\">\n\t\t<div class=\"elementor-element elementor-element-37f76a57 e-flex e-con-boxed e-con e-child\" data-id=\"37f76a57\" data-element_type=\"container\" data-settings=\"{&quot;background_background&quot;:&quot;classic&quot;}\">\n\t\t\t\t\t<div class=\"e-con-inner\">\n\t\t\t\t<div class=\"elementor-element elementor-element-55385d elementor-widget elementor-widget-hfe-breadcrumbs-widget\" data-id=\"55385d\" data-element_type=\"widget\" data-widget_type=\"hfe-breadcrumbs-widget.default\">\n\t\t\t\t<div class=\"elementor-widget-container\">\n\t\t\t\t\t<nav aria-label=\"Okruszki\"><ul class=\"hfe-breadcrumbs hfe-breadcrumbs-show-home\"><li class=\"hfe-breadcrumbs-item hfe-breadcrumbs-first\"><span class=\"hfe-breadcrumbs-home-icon\"><\/span><a href=\"https:\/\/accido.pl\/pl\"><span class=\"hfe-breadcrumbs-text\">Dom<\/span><\/a><\/li><\/ul><\/nav>\t\t\t\t<\/div>\n\t\t\t\t<\/div>\n\t\t\t\t\t<\/div>\n\t\t\t\t<\/div>\n\t\t\t\t<\/div>\n\t\t<div class=\"elementor-element elementor-element-4a8f4f09 e-con-full e-flex e-con e-child\" data-id=\"4a8f4f09\" data-element_type=\"container\">\n\t\t<div class=\"elementor-element elementor-element-8080c09 e-con-full e-flex e-con e-child\" data-id=\"8080c09\" data-element_type=\"container\">\n\t\t<div class=\"elementor-element elementor-element-7137fe95 e-con-full e-flex e-con e-child\" data-id=\"7137fe95\" data-element_type=\"container\">\n\t\t\t\t<div class=\"elementor-element elementor-element-57a6bd4 elementor-widget elementor-widget-heading\" data-id=\"57a6bd4\" data-element_type=\"widget\" data-widget_type=\"heading.default\">\n\t\t\t\t<div class=\"elementor-widget-container\">\n\t\t\t\t\t<h1 class=\"elementor-heading-title elementor-size-default\">Og\u00f3lne warunki<\/h1>\t\t\t\t<\/div>\n\t\t\t\t<\/div>\n\t\t\t\t<\/div>\n\t\t<div class=\"elementor-element elementor-element-72910367 e-con-full e-flex e-con e-child\" data-id=\"72910367\" data-element_type=\"container\">\n\t\t\t\t<div class=\"elementor-element elementor-element-793018c8 elementor-widget elementor-widget-text-editor\" data-id=\"793018c8\" data-element_type=\"widget\" data-widget_type=\"text-editor.default\">\n\t\t\t\t<div class=\"elementor-widget-container\">\n\t\t\t\t\t\t\t\t\t<p><strong>1. Definicje<br \/><\/strong><br \/>W niniejszych og\u00f3lnych warunkach nast\u0119puj\u0105ce terminy maj\u0105 nast\u0119puj\u0105ce znaczenie:<\/p><p>Okres do namys\u0142u: okres, w kt\u00f3rym konsument mo\u017ce skorzysta\u0107 ze swojego prawa do odst\u0105pienia od umowy.<\/p><p>Konsument: osoba fizyczna, nie dzia\u0142aj\u0105ca w ramach wykonywania zawodu lub prowadzenia dzia\u0142alno\u015bci gospodarczej, kt\u00f3ra zawiera umow\u0119 na odleg\u0142o\u015b\u0107 z Accido.<\/p><p>Data: 19-04-2020<\/p><p>Prawo do odst\u0105pienia: prawo konsumenta do rozwi\u0105zania umowy zawartej na odleg\u0142o\u015b\u0107 w okre\u015blonym terminie do namys\u0142u.<\/p><p>Accido: firma oferuj\u0105ca produkty konsumentom zdalnie.<\/p><p>Umowa na odleg\u0142o\u015b\u0107: umowa mi\u0119dzy konsumentem a Accido, zawarta zdalnie przy u\u017cyciu systemu przeznaczonego do tego celu.<\/p><p>Pisemne: pisemne obejmuje r\u00f3wnie\u017c komunikacj\u0119 elektroniczn\u0105, tak\u0105 jak e-mail, pod warunkiem, \u017ce to\u017csamo\u015b\u0107 nadawcy i autentyczno\u015b\u0107 komunikacji zosta\u0142y odpowiednio potwierdzone.<\/p><p><strong>2. Og\u00f3lne<\/strong><\/p><p>Niniejsze og\u00f3lne warunki maj\u0105 zastosowanie do ka\u017cdej oferty Accido oraz do ka\u017cdej umowy zawartej na odleg\u0142o\u015b\u0107 pomi\u0119dzy Accido a konsumentem.<\/p><p>Umowa zostaje zawarta w momencie, gdy konsument zaakceptuje ofert\u0119 od Accido i spe\u0142ni warunki okre\u015blone w tej ofercie.<\/p><p>Accido niezw\u0142ocznie potwierdzi otrzymanie akceptacji oferty. Dop\u00f3ki Accido nie wy\u015ble tego potwierdzenia, konsument mo\u017ce wypowiedzie\u0107 umow\u0119.<\/p><p>Accido ma prawo poprosi\u0107 mnie drog\u0105 mailow\u0105 o opini\u0119 na temat produkt\u00f3w w formie recenzji.<\/p><p><strong>Promocje i Zni\u017cki:<\/strong><br \/>Promocje i rabaty w naszym sklepie internetowym podlegaj\u0105 nast\u0119puj\u0105cym warunkom:<\/p><p>1. Opakowania zbiorcze s\u0105 wykluczone ze wszystkich promocji i zni\u017cek.<\/p><p>2. Rabaty nie mog\u0105 by\u0107 \u0142\u0105czone z innymi rabatami, ofertami lub promocjami, chyba \u017ce zaznaczono inaczej.<\/p><p>3. Promocje i rabaty obowi\u0105zuj\u0105 wy\u0142\u0105cznie na standardowe ilo\u015bci do u\u017cytku prywatnego.<\/p><p>4. Zmiany cen, modeli i dost\u0119pno\u015bci zastrze\u017cone s\u0105 w ka\u017cdej chwili.<\/p><p>5. B\u0142\u0119dy i liter\u00f3wki zastrze\u017cone.<\/p><p>Korzystaj\u0105c z promocji i rabat\u00f3w w naszym sklepie internetowym, akceptujesz te warunki.<\/p><p><strong>3. Prawo do odst\u0105pienia od umowy<\/strong><\/p><p>Konsument ma prawo odst\u0105pi\u0107 od umowy bez podawania przyczyny w ci\u0105gu 14 dni od otrzymania produktu przez konsumenta lub wyznaczonego wcze\u015bniej przez niego przedstawiciela albo wybranego przez konsumenta miejsca dostawy.<\/p><p>Konsument b\u0119dzie obchodzi\u0142 si\u0119 z produktem i opakowaniem ostro\u017cnie w tym okresie. Konsument rozpakuje lub u\u017cyje produktu tylko w zakresie niezb\u0119dnym do oceny produktu.<\/p><p>Artyku\u0142y spo\u017cywcze mo\u017cna wymieni\u0107 tylko w przypadku, gdy opakowanie jest nieotwarte.<\/p><p>Je\u015bli konsument chce skorzysta\u0107 z prawa odst\u0105pienia od umowy, musi zg\u0142osi\u0107 to na pi\u015bmie do Accido w okresie do namys\u0142u. Accido niezw\u0142ocznie prze\u015ble potwierdzenie tej wiadomo\u015bci.<\/p><p>Produkty musz\u0105 zosta\u0107 zwr\u00f3cone do Accido wraz ze wszystkimi dostarczonymi akcesoriami oraz, w miar\u0119 mo\u017cliwo\u015bci, w oryginalnym stanie i opakowaniu, zgodnie z jasnymi i rozs\u0105dnymi instrukcjami dostarczonymi przez Accido. W ka\u017cdym przypadku nale\u017cy do\u0142\u0105czy\u0107 kopi\u0119 listu przewozowego.<\/p><p>W przypadku odwo\u0142ania koszty przesy\u0142ki zwrotnej ponosi konsument.<\/p><p>Po anulowaniu konsument musi zwr\u00f3ci\u0107 produkt w ci\u0105gu 14 dni zgodnie z postanowieniami paragrafu 4.<\/p><p>Accido zwr\u00f3ci otrzymane od konsumenta p\u0142atno\u015bci w ci\u0105gu czternastu dni od rozwi\u0105zania umowy.<\/p><p><strong>4. Wy\u0142\u0105czenie prawa do odst\u0105pienia od umowy<\/strong><\/p><p>Prawo do odst\u0105pienia od umowy jest generalnie wykluczone w przypadku nast\u0119puj\u0105cych produkt\u00f3w: kt\u00f3re zosta\u0142y stworzone przez Accido zgodnie ze specyfikacjami konsumenta;<br \/>kt\u00f3re maj\u0105 wyra\u017anie osobisty charakter;<\/p><p>kt\u00f3re ze swojej natury nie mog\u0105 zosta\u0107 zwr\u00f3cone;<\/p><p>kt\u00f3re mog\u0105 si\u0119 zepsu\u0107 lub szybko sta\u0107 si\u0119 przestarza\u0142e;<\/p><p>cena, kt\u00f3ra podlega wahaniom na rynku finansowym, na kt\u00f3re Accido nie ma wp\u0142ywu;<\/p><p><strong>5. Dostawa<\/strong><\/p><p>Miejscem dostawy jest adres, kt\u00f3ry konsument poda\u0142 firmie Accido.<\/p><p>Zam\u00f3wienia z\u0142o\u017cone przed 12:00 b\u0119d\u0105 w zasadzie dostarczone w ci\u0105gu dw\u00f3ch dni. Accido dostarczy zam\u00f3wienia najp\u00f3\u017aniej w ci\u0105gu 30 dni, chyba \u017ce uzgodniono d\u0142u\u017cszy termin dostawy. Accido poinformuje o op\u00f3\u017anieniach w dostawie w odpowiednim czasie.<\/p><p>Konsument ma prawo do rozwi\u0105zania umowy, je\u015bli dostawa nast\u0105pi dopiero po up\u0142ywie tych 30 dni lub mo\u017ce nast\u0105pi\u0107 bez wcze\u015bniejszego uzgodnienia. W przypadku rozwi\u0105zania umowy, Accido zwr\u00f3ci otrzymane od konsumenta p\u0142atno\u015bci najp\u00f3\u017aniej w ci\u0105gu trzydziestu dni.<\/p><p>Ryzyko uszkodzenia lub utraty produkt\u00f3w przechodzi na konsumenta w momencie dostarczenia produktu do konsumenta lub wskazanej przez niego uprzednio osoby trzeciej.<\/p><p><strong>6. Gwarancje i Zgodno\u015b\u0107<\/strong><\/p><p>Accido nie udziela \u017cadnych (dodatkowych) gwarancji dotycz\u0105cych dostarczonych produkt\u00f3w.<\/p><p>Konsumenci musz\u0105 przechowywa\u0107 i u\u017cywa\u0107 produkt\u00f3w zgodnie z zaleceniami dotycz\u0105cymi przechowywania firmy Accido.<\/p><p>Produkty musz\u0105 spe\u0142nia\u0107 rozs\u0105dne oczekiwania konsument\u00f3w.<\/p><p>Je\u015bli wada oka\u017ce si\u0119 wad\u0105 istniej\u0105c\u0105 w momencie zakupu, konsument ma prawo do wymiany produktu. Tylko w przypadku, gdy produkt nie jest ju\u017c produkowany lub wymiana by\u0142aby nieuzasadnionym przekroczeniem warto\u015bci produktu, Accido mo\u017ce zaoferowa\u0107 konsumentowi zwrot ceny zakupu.<\/p><p>Odszkodowanie, naprawa lub wymiana z powodu wady produktu wygasaj\u0105, je\u015bli wada powsta\u0142a w wyniku lub wynika z nieostro\u017cnego, nierozs\u0105dnego lub niew\u0142a\u015bciwego u\u017cycia produktu, u\u017cycia po up\u0142ywie terminu wa\u017cno\u015bci, nieprawid\u0142owego przechowywania lub konserwacji przez konsumenta.<\/p><p><strong>7. Skargi i Spory<\/strong><\/p><p>Umowy mi\u0119dzy Accido a konsumentami podlegaj\u0105 wy\u0142\u0105cznie prawu polskiemu.<\/p><p>Reklamacje dotycz\u0105ce wykonania umowy nale\u017cy zg\u0142asza\u0107 na pi\u015bmie do Accido, w pe\u0142ni i jasno opisane, w rozs\u0105dnym terminie, jednak nie p\u00f3\u017aniej ni\u017c 14 dni od dnia, w kt\u00f3rym konsument odkry\u0142 wady.<\/p><p>Skargi zg\u0142oszone do Accido zostan\u0105 rozpatrzone w ci\u0105gu 14 dni od otrzymania skargi. Je\u015bli skarga nie mo\u017ce zosta\u0107 rozpatrzona w ci\u0105gu 14 dni, Accido poinformuje o tym niezw\u0142ocznie i wska\u017ce okres, w kt\u00f3rym konsument mo\u017ce oczekiwa\u0107 rozwi\u0105zania.<\/p>\t\t\t\t\t\t\t\t<\/div>\n\t\t\t\t<\/div>\n\t\t<div class=\"elementor-element elementor-element-6baaed8e e-con-full e-flex e-con e-child\" data-id=\"6baaed8e\" data-element_type=\"container\">\n\t\t\t\t<div class=\"elementor-element elementor-element-a8dbfd2 elementor-widget elementor-widget-heading\" data-id=\"a8dbfd2\" data-element_type=\"widget\" data-widget_type=\"heading.default\">\n\t\t\t\t<div class=\"elementor-widget-container\">\n\t\t\t\t\t<h2 class=\"elementor-heading-title elementor-size-default\">Kontynuowa\u0107 zakupy?<\/h2>\t\t\t\t<\/div>\n\t\t\t\t<\/div>\n\t\t\t\t<div class=\"elementor-element elementor-element-666583d6 elementor-button-info elementor-widget elementor-widget-button\" data-id=\"666583d6\" data-element_type=\"widget\" data-widget_type=\"button.default\">\n\t\t\t\t<div class=\"elementor-widget-container\">\n\t\t\t\t\t\t\t\t\t<div class=\"elementor-button-wrapper\">\n\t\t\t\t\t<a class=\"elementor-button elementor-button-link elementor-size-sm\" href=\"https:\/\/accido.pl\/pl\/shop\/\">\n\t\t\t\t\t\t<span class=\"elementor-button-content-wrapper\">\n\t\t\t\t\t\t\t\t\t<span class=\"elementor-button-text\">Wszystkie produkty<\/span>\n\t\t\t\t\t<\/span>\n\t\t\t\t\t<\/a>\n\t\t\t\t<\/div>\n\t\t\t\t\t\t\t\t<\/div>\n\t\t\t\t<\/div>\n\t\t\t\t<\/div>\n\t\t\t\t<\/div>\n\t\t\t\t<\/div>\n\t\t\t\t<\/div>\n\t\t\t\t<\/div>\n\t\t\t\t<\/div>","protected":false},"excerpt":{"rendered":"<p>Home General terms and conditions 1. DefinitionsIn these general terms and conditions the following terms shall have the following meanings: Cooling-off period: period within which the consumer can make use of his right of withdrawal. Consumer: a natural person, not acting in the exercise of a profession or business and who enters into a distance [&hellip;]<\/p>","protected":false},"author":1,"featured_media":0,"parent":0,"menu_order":0,"comment_status":"closed","ping_status":"closed","template":"","meta":{"footnotes":""},"class_list":["post-2055","page","type-page","status-publish","hentry"],"_links":{"self":[{"href":"https:\/\/accido.pl\/pl\/wp-json\/wp\/v2\/pages\/2055","targetHints":{"allow":["GET"]}}],"collection":[{"href":"https:\/\/accido.pl\/pl\/wp-json\/wp\/v2\/pages"}],"about":[{"href":"https:\/\/accido.pl\/pl\/wp-json\/wp\/v2\/types\/page"}],"author":[{"embeddable":true,"href":"https:\/\/accido.pl\/pl\/wp-json\/wp\/v2\/users\/1"}],"replies":[{"embeddable":true,"href":"https:\/\/accido.pl\/pl\/wp-json\/wp\/v2\/comments?post=2055"}],"version-history":[{"count":25,"href":"https:\/\/accido.pl\/pl\/wp-json\/wp\/v2\/pages\/2055\/revisions"}],"predecessor-version":[{"id":3966,"href":"https:\/\/accido.pl\/pl\/wp-json\/wp\/v2\/pages\/2055\/revisions\/3966"}],"wp:attachment":[{"href":"https:\/\/accido.pl\/pl\/wp-json\/wp\/v2\/media?parent=2055"}],"curies":[{"name":"wp","href":"https:\/\/api.w.org\/{rel}","templated":true}]}}