{"id":2050,"date":"2025-05-31T12:44:15","date_gmt":"2025-05-31T12:44:15","guid":{"rendered":"https:\/\/accido.pl\/?page_id=2050"},"modified":"2025-06-04T11:19:58","modified_gmt":"2025-06-04T11:19:58","slug":"send","status":"publish","type":"page","link":"https:\/\/accido.pl\/pl\/send\/","title":{"rendered":"Wy\u015blij"},"content":{"rendered":"<div data-elementor-type=\"wp-page\" data-elementor-id=\"2050\" class=\"elementor elementor-2050\" data-elementor-post-type=\"page\">\n\t\t\t\t<div class=\"elementor-element elementor-element-6371a052 e-con-full e-flex e-con e-parent\" data-id=\"6371a052\" data-element_type=\"container\">\n\t\t<div class=\"elementor-element elementor-element-60140e44 e-con-full e-flex e-con e-child\" data-id=\"60140e44\" data-element_type=\"container\" data-settings=\"{&quot;background_background&quot;:&quot;classic&quot;}\">\n\t\t<div class=\"elementor-element elementor-element-6a96b8c0 e-flex e-con-boxed e-con e-child\" data-id=\"6a96b8c0\" data-element_type=\"container\" data-settings=\"{&quot;background_background&quot;:&quot;classic&quot;}\">\n\t\t\t\t\t<div class=\"e-con-inner\">\n\t\t\t\t<div class=\"elementor-element elementor-element-6167c1c5 elementor-widget elementor-widget-hfe-breadcrumbs-widget\" data-id=\"6167c1c5\" data-element_type=\"widget\" data-widget_type=\"hfe-breadcrumbs-widget.default\">\n\t\t\t\t<div class=\"elementor-widget-container\">\n\t\t\t\t\t<nav aria-label=\"Okruszki\"><ul class=\"hfe-breadcrumbs hfe-breadcrumbs-show-home\"><li class=\"hfe-breadcrumbs-item hfe-breadcrumbs-first\"><span class=\"hfe-breadcrumbs-home-icon\"><\/span><a href=\"https:\/\/accido.pl\/pl\"><span class=\"hfe-breadcrumbs-text\">Dom<\/span><\/a><\/li><\/ul><\/nav>\t\t\t\t<\/div>\n\t\t\t\t<\/div>\n\t\t\t\t\t<\/div>\n\t\t\t\t<\/div>\n\t\t\t\t<\/div>\n\t\t<div class=\"elementor-element elementor-element-65a69041 e-con-full e-flex e-con e-child\" data-id=\"65a69041\" data-element_type=\"container\">\n\t\t<div class=\"elementor-element elementor-element-11bc5d77 e-con-full e-flex e-con e-child\" data-id=\"11bc5d77\" data-element_type=\"container\">\n\t\t<div class=\"elementor-element elementor-element-30b4dba2 e-con-full e-flex e-con e-child\" data-id=\"30b4dba2\" data-element_type=\"container\">\n\t\t\t\t<div class=\"elementor-element elementor-element-55fa91ec elementor-widget elementor-widget-heading\" data-id=\"55fa91ec\" data-element_type=\"widget\" data-widget_type=\"heading.default\">\n\t\t\t\t<div class=\"elementor-widget-container\">\n\t\t\t\t\t<h1 class=\"elementor-heading-title elementor-size-default\">Wy\u015blij<\/h1>\t\t\t\t<\/div>\n\t\t\t\t<\/div>\n\t\t\t\t<\/div>\n\t\t<div class=\"elementor-element elementor-element-4996accf e-con-full e-flex e-con e-child\" data-id=\"4996accf\" data-element_type=\"container\">\n\t\t\t\t<div class=\"elementor-element elementor-element-696d7eb8 elementor-widget elementor-widget-text-editor\" data-id=\"696d7eb8\" data-element_type=\"widget\" data-widget_type=\"text-editor.default\">\n\t\t\t\t<div class=\"elementor-widget-container\">\n\t\t\t\t\t\t\t\t\t<h3 class=\"wp-block-heading\"><strong>Koszty dostawy i wysy\u0142ki<\/strong><\/h3><p>Zam\u00f3wione przed 15:00, wys\u0142ane tego samego dnia\u00a0\u00a0<strong>dzie\u0144 roboczy<\/strong>\u00a0\u00a0!<\/p><h5 class=\"wp-block-heading\">Holandia<\/h5><p>\u2013 Zam\u00f3wienia poni\u017cej 40 \u20ac, wtedy koszty wysy\u0142ki wynosz\u0105 4,99 \u20ac<\/p><p>\u2013 Zam\u00f3wienia powy\u017cej 40\u20ac dostawa jest\u00a0\u00a0<strong>darmowy<\/strong>\u00a0.<\/p><h5 class=\"wp-block-heading\">Belgia<\/h5><p>\u2013 Zam\u00f3wienia poni\u017cej 50 \u20ac, wtedy koszt wysy\u0142ki wynosi 5,99 \u20ac<\/p><p>\u2013 Przy zam\u00f3wieniach powy\u017cej 50 \u20ac przesy\u0142ka jest\u00a0\u00a0<strong>darmowy<\/strong>\u00a0.<\/p><h5 class=\"wp-block-heading\">Dania<\/h5><p>\u2013 Zam\u00f3wienia poni\u017cej 125 \u20ac, wtedy koszty wysy\u0142ki wynosz\u0105 12,99 \u20ac<\/p><p>\u2013 Zam\u00f3wienia powy\u017cej 125 \u20ac dostawa jest\u00a0<strong>\u00a0darmowy<\/strong>\u00a0.<\/p><h5 class=\"wp-block-heading\">Niemcy<\/h5><p>\u2013 Zam\u00f3wienia poni\u017cej 75 \u20ac, wtedy koszt wysy\u0142ki wynosi 6,99 \u20ac<\/p><p>\u2013 Przy zam\u00f3wieniach powy\u017cej 75 \u20ac wysy\u0142ka jest\u00a0\u00a0<strong>darmowy<\/strong>\u00a0.<\/p><h5 class=\"wp-block-heading\">Finlandia<\/h5><p>\u2013 Zam\u00f3wienia poni\u017cej 150 \u20ac, wtedy koszt wysy\u0142ki wynosi 14,99 \u20ac<\/p><p>\u2013 Zam\u00f3wienia powy\u017cej 150 \u20ac wysy\u0142ka jest\u00a0\u00a0<strong>darmowy<\/strong>\u00a0.<\/p><h5 class=\"wp-block-heading\">Francja<\/h5><p>\u2013 Zam\u00f3wienia poni\u017cej 100 \u20ac, wtedy koszty wysy\u0142ki wynosz\u0105 10,99 \u20ac<\/p><p>\u2013 Zam\u00f3wienia powy\u017cej 100 \u20ac maj\u0105 darmow\u0105 dostaw\u0119\u00a0\u00a0<strong>darmowy<\/strong>\u00a0.<\/p><h5 class=\"wp-block-heading\">W\u0119gry<\/h5><p>\u2013 Zam\u00f3wienia poni\u017cej 100 \u20ac, wtedy koszty wysy\u0142ki wynosz\u0105 9,99 \u20ac<\/p><p>\u2013 Zam\u00f3wienia powy\u017cej 100 \u20ac maj\u0105 darmow\u0105 dostaw\u0119\u00a0\u00a0<strong>darmowy<\/strong>\u00a0.<\/p><h5 class=\"wp-block-heading\">W\u0142ochy<\/h5><p>\u2013 Zam\u00f3wienia poni\u017cej 125 \u20ac, wtedy koszty wysy\u0142ki wynosz\u0105 12,99 \u20ac<\/p><p>\u2013 Zam\u00f3wienia powy\u017cej 125 \u20ac dostawa jest\u00a0\u00a0<strong>darmowy<\/strong>\u00a0.<\/p><h5 class=\"wp-block-heading\">Luksemburg<\/h5><p>\u2013 Zam\u00f3wienia poni\u017cej 100 \u20ac, wtedy koszty wysy\u0142ki wynosz\u0105 10,99 \u20ac<\/p><p>\u2013 Zam\u00f3wienia powy\u017cej 100 \u20ac maj\u0105 darmow\u0105 dostaw\u0119\u00a0\u00a0<strong>darmowy<\/strong>\u00a0.<\/p><h5 class=\"wp-block-heading\">Austria<\/h5><p>Koszt wysy\u0142ki wynosi 8,95 \u20ac<\/p><h5 class=\"wp-block-heading\">Portugalia<\/h5><p>\u2013 Zam\u00f3wienia poni\u017cej 125 \u20ac, wtedy koszt wysy\u0142ki wynosi 11,99 \u20ac<\/p><p>\u2013 Zam\u00f3wienia powy\u017cej 125 \u20ac dostawa jest\u00a0\u00a0<strong>darmowy<\/strong>\u00a0.<\/p><h5 class=\"wp-block-heading\">Hiszpania<\/h5><p>\u2013 Zam\u00f3wienia poni\u017cej 125 \u20ac, wtedy koszt wysy\u0142ki wynosi 11,99 \u20ac<\/p><p>\u2013 Zam\u00f3wienia powy\u017cej 125 \u20ac dostawa jest\u00a0\u00a0<strong>darmowy<\/strong>\u00a0.<\/p><h5 class=\"wp-block-heading\">Szwecja<\/h5><p>\u2013 Zam\u00f3wienia poni\u017cej 175 \u20ac, koszt wysy\u0142ki wynosi 17,99 \u20ac<\/p><p>\u2013 Przy zam\u00f3wieniach powy\u017cej 175 \u20ac wysy\u0142ka jest\u00a0\u00a0<strong>darmowy<\/strong>\u00a0.<\/p><h3 class=\"wp-block-heading\"><strong>OPAKOWANIE<\/strong><\/h3><p>Staramy si\u0119 ponownie wykorzystywa\u0107 nasze pude\u0142ka tak cz\u0119sto, jak to mo\u017cliwe i ogranicza\u0107 materia\u0142y opakowaniowe do minimum.<\/p>\t\t\t\t\t\t\t\t<\/div>\n\t\t\t\t<\/div>\n\t\t<div class=\"elementor-element elementor-element-53e6e7d e-con-full e-flex e-con e-child\" data-id=\"53e6e7d\" data-element_type=\"container\">\n\t\t\t\t<div class=\"elementor-element elementor-element-1d846a44 elementor-widget elementor-widget-heading\" data-id=\"1d846a44\" data-element_type=\"widget\" data-widget_type=\"heading.default\">\n\t\t\t\t<div class=\"elementor-widget-container\">\n\t\t\t\t\t<h2 class=\"elementor-heading-title elementor-size-default\">Kontynuowa\u0107 zakupy?<\/h2>\t\t\t\t<\/div>\n\t\t\t\t<\/div>\n\t\t\t\t<div class=\"elementor-element elementor-element-2ec3f6e5 elementor-button-info elementor-widget elementor-widget-button\" data-id=\"2ec3f6e5\" data-element_type=\"widget\" data-widget_type=\"button.default\">\n\t\t\t\t<div class=\"elementor-widget-container\">\n\t\t\t\t\t\t\t\t\t<div class=\"elementor-button-wrapper\">\n\t\t\t\t\t<a class=\"elementor-button elementor-button-link elementor-size-sm\" href=\"https:\/\/accido.pl\/pl\/shop\/\">\n\t\t\t\t\t\t<span class=\"elementor-button-content-wrapper\">\n\t\t\t\t\t\t\t\t\t<span class=\"elementor-button-text\">Wszystkie produkty<\/span>\n\t\t\t\t\t<\/span>\n\t\t\t\t\t<\/a>\n\t\t\t\t<\/div>\n\t\t\t\t\t\t\t\t<\/div>\n\t\t\t\t<\/div>\n\t\t\t\t<\/div>\n\t\t\t\t<\/div>\n\t\t\t\t<\/div>\n\t\t\t\t<\/div>\n\t\t\t\t<\/div>\n\t\t\t\t<\/div>","protected":false},"excerpt":{"rendered":"<p>Home Send Delivery &amp; Shipping Costs Ordered before 3pm, shipped the same\u00a0\u00a0business day\u00a0\u00a0! The Netherlands \u2013 Orders under \u20ac40,- then the shipping costs are \u20ac4.99 \u2013 Orders over \u20ac40,- shipping is\u00a0\u00a0free\u00a0. Belgium \u2013 Orders under \u20ac50,- then the shipping costs are \u20ac5.99 \u2013 Orders over \u20ac50,- shipping is\u00a0\u00a0free\u00a0. Denmark \u2013 Orders under \u20ac125,- then the [&hellip;]<\/p>","protected":false},"author":1,"featured_media":0,"parent":0,"menu_order":0,"comment_status":"closed","ping_status":"closed","template":"","meta":{"footnotes":""},"class_list":["post-2050","page","type-page","status-publish","hentry"],"_links":{"self":[{"href":"https:\/\/accido.pl\/pl\/wp-json\/wp\/v2\/pages\/2050","targetHints":{"allow":["GET"]}}],"collection":[{"href":"https:\/\/accido.pl\/pl\/wp-json\/wp\/v2\/pages"}],"about":[{"href":"https:\/\/accido.pl\/pl\/wp-json\/wp\/v2\/types\/page"}],"author":[{"embeddable":true,"href":"https:\/\/accido.pl\/pl\/wp-json\/wp\/v2\/users\/1"}],"replies":[{"embeddable":true,"href":"https:\/\/accido.pl\/pl\/wp-json\/wp\/v2\/comments?post=2050"}],"version-history":[{"count":19,"href":"https:\/\/accido.pl\/pl\/wp-json\/wp\/v2\/pages\/2050\/revisions"}],"predecessor-version":[{"id":3733,"href":"https:\/\/accido.pl\/pl\/wp-json\/wp\/v2\/pages\/2050\/revisions\/3733"}],"wp:attachment":[{"href":"https:\/\/accido.pl\/pl\/wp-json\/wp\/v2\/media?parent=2050"}],"curies":[{"name":"wp","href":"https:\/\/api.w.org\/{rel}","templated":true}]}}