{"id":2044,"date":"2025-05-31T12:41:42","date_gmt":"2025-05-31T12:41:42","guid":{"rendered":"https:\/\/accido.pl\/?page_id=2044"},"modified":"2025-06-11T05:42:42","modified_gmt":"2025-06-11T05:42:42","slug":"not-at-home-during-delivery","status":"publish","type":"page","link":"https:\/\/accido.pl\/pl\/not-at-home-during-delivery\/","title":{"rendered":"Nie ma mnie w domu podczas dostawy"},"content":{"rendered":"<div data-elementor-type=\"wp-page\" data-elementor-id=\"2044\" class=\"elementor elementor-2044\" data-elementor-post-type=\"page\">\n\t\t\t\t<div class=\"elementor-element elementor-element-345a672e e-con-full e-flex e-con e-parent\" data-id=\"345a672e\" data-element_type=\"container\">\n\t\t<div class=\"elementor-element elementor-element-74d1d4e3 e-con-full e-flex e-con e-child\" data-id=\"74d1d4e3\" data-element_type=\"container\" data-settings=\"{&quot;background_background&quot;:&quot;classic&quot;}\">\n\t\t<div class=\"elementor-element elementor-element-3ea4d276 e-flex e-con-boxed e-con e-child\" data-id=\"3ea4d276\" data-element_type=\"container\" data-settings=\"{&quot;background_background&quot;:&quot;classic&quot;}\">\n\t\t\t\t\t<div class=\"e-con-inner\">\n\t\t\t\t<div class=\"elementor-element elementor-element-633cf1a5 elementor-widget elementor-widget-hfe-breadcrumbs-widget\" data-id=\"633cf1a5\" data-element_type=\"widget\" data-widget_type=\"hfe-breadcrumbs-widget.default\">\n\t\t\t\t<div class=\"elementor-widget-container\">\n\t\t\t\t\t<nav aria-label=\"Okruszki\"><ul class=\"hfe-breadcrumbs hfe-breadcrumbs-show-home\"><li class=\"hfe-breadcrumbs-item hfe-breadcrumbs-first\"><span class=\"hfe-breadcrumbs-home-icon\"><\/span><a href=\"https:\/\/accido.pl\/pl\"><span class=\"hfe-breadcrumbs-text\">Dom<\/span><\/a><\/li><\/ul><\/nav>\t\t\t\t<\/div>\n\t\t\t\t<\/div>\n\t\t\t\t\t<\/div>\n\t\t\t\t<\/div>\n\t\t\t\t<\/div>\n\t\t<div class=\"elementor-element elementor-element-490502f2 e-con-full e-flex e-con e-child\" data-id=\"490502f2\" data-element_type=\"container\">\n\t\t<div class=\"elementor-element elementor-element-4b4f0398 e-con-full e-flex e-con e-child\" data-id=\"4b4f0398\" data-element_type=\"container\">\n\t\t<div class=\"elementor-element elementor-element-542ebfcf e-con-full e-flex e-con e-child\" data-id=\"542ebfcf\" data-element_type=\"container\">\n\t\t\t\t<div class=\"elementor-element elementor-element-39831e66 elementor-widget elementor-widget-heading\" data-id=\"39831e66\" data-element_type=\"widget\" data-widget_type=\"heading.default\">\n\t\t\t\t<div class=\"elementor-widget-container\">\n\t\t\t\t\t<h1 class=\"elementor-heading-title elementor-size-default\">Nie ma mnie w domu podczas dostawy<\/h1>\t\t\t\t<\/div>\n\t\t\t\t<\/div>\n\t\t\t\t<\/div>\n\t\t<div class=\"elementor-element elementor-element-eae58d e-con-full e-flex e-con e-child\" data-id=\"eae58d\" data-element_type=\"container\">\n\t\t\t\t<div class=\"elementor-element elementor-element-61e9dc4 elementor-widget elementor-widget-text-editor\" data-id=\"61e9dc4\" data-element_type=\"widget\" data-widget_type=\"text-editor.default\">\n\t\t\t\t<div class=\"elementor-widget-container\">\n\t\t\t\t\t\t\t\t\t<p>Czy nie jeste\u015b obecny, gdy kurier dociera pod twoje drzwi? Gdy tylko twoje zam\u00f3wienie zostanie przygotowane do wysy\u0142ki w naszym centrum dystrybucyjnym, wy\u015blemy ci e-mail z numerem \u015bledzenia. Dzi\u0119ki temu numerowi \u015bledzenia mo\u017cesz sprawdzi\u0107, kiedy kurier przyjedzie, aby dostarczy\u0107 twoje zam\u00f3wienie.<\/p><p>Accido daje Ci mo\u017cliwo\u015b\u0107 dostosowania czasu dostawy po otrzymaniu numeru \u015bledzenia, dzi\u0119ki czemu mo\u017cesz by\u0107 pewien, \u017ce b\u0119dziesz w domu w momencie dor\u0119czenia. Mo\u017cesz r\u00f3wnie\u017c wybra\u0107 dostarczenie przesy\u0142ki do punktu odbioru. Pami\u0119taj, \u017ce te zmiany musz\u0105 zosta\u0107 wprowadzone w odpowiednim czasie. Je\u015bli b\u0119dzie to zbyt p\u00f3\u017ano, korekta nie b\u0119dzie mog\u0142a zosta\u0107 przetworzona z powodu ju\u017c zaplanowanej trasy dostawy.<\/p><p>W zale\u017cno\u015bci od miejsca zamieszkania, kurier mo\u017ce spr\u00f3bowa\u0107 dostarczy\u0107 przesy\u0142k\u0119 ponownie, zostawi\u0107 j\u0105 u s\u0105siad\u00f3w lub w punkcie odbioru.<\/p><p>Zam\u00f3wienia wys\u0142ane do punktu odbioru b\u0119d\u0105 tam dost\u0119pne przez 7 dni. Je\u015bli paczka nie zostanie odebrana w tym okresie, zostanie zwr\u00f3cona do Accido. Dotyczy to r\u00f3wnie\u017c sytuacji, gdy nie by\u0142o Ci\u0119 w domu w momencie dostawy i Twoje zam\u00f3wienie zosta\u0142o wys\u0142ane do punktu odbioru.<\/p><p><strong>Koszty zwrotu przesy\u0142ki:<\/strong> \u00a0Koszty zwrotu paczki zawsze ponosi klient.<\/p>\t\t\t\t\t\t\t\t<\/div>\n\t\t\t\t<\/div>\n\t\t<div class=\"elementor-element elementor-element-69f72199 e-con-full e-flex e-con e-child\" data-id=\"69f72199\" data-element_type=\"container\">\n\t\t\t\t<div class=\"elementor-element elementor-element-30f3f4c1 elementor-widget elementor-widget-heading\" data-id=\"30f3f4c1\" data-element_type=\"widget\" data-widget_type=\"heading.default\">\n\t\t\t\t<div class=\"elementor-widget-container\">\n\t\t\t\t\t<h2 class=\"elementor-heading-title elementor-size-default\">Kontynuowa\u0107 zakupy?<\/h2>\t\t\t\t<\/div>\n\t\t\t\t<\/div>\n\t\t\t\t<div class=\"elementor-element elementor-element-40862b85 elementor-button-info elementor-widget elementor-widget-button\" data-id=\"40862b85\" data-element_type=\"widget\" data-widget_type=\"button.default\">\n\t\t\t\t<div class=\"elementor-widget-container\">\n\t\t\t\t\t\t\t\t\t<div class=\"elementor-button-wrapper\">\n\t\t\t\t\t<a class=\"elementor-button elementor-button-link elementor-size-sm\" href=\"https:\/\/accido.pl\/pl\/shop\/\">\n\t\t\t\t\t\t<span class=\"elementor-button-content-wrapper\">\n\t\t\t\t\t\t\t\t\t<span class=\"elementor-button-text\">Wszystkie produkty<\/span>\n\t\t\t\t\t<\/span>\n\t\t\t\t\t<\/a>\n\t\t\t\t<\/div>\n\t\t\t\t\t\t\t\t<\/div>\n\t\t\t\t<\/div>\n\t\t\t\t<\/div>\n\t\t\t\t<\/div>\n\t\t\t\t<\/div>\n\t\t\t\t<\/div>\n\t\t\t\t<\/div>\n\t\t\t\t<\/div>","protected":false},"excerpt":{"rendered":"<p>Home Not at home during delivery Are you not present when the delivery service arrives at your door? As soon as your order is prepared for shipment in our distribution center, we will send you an email with a tracking number. With the help of this tracking number you can see when the delivery person [&hellip;]<\/p>","protected":false},"author":1,"featured_media":0,"parent":0,"menu_order":0,"comment_status":"closed","ping_status":"closed","template":"","meta":{"footnotes":""},"class_list":["post-2044","page","type-page","status-publish","hentry"],"_links":{"self":[{"href":"https:\/\/accido.pl\/pl\/wp-json\/wp\/v2\/pages\/2044","targetHints":{"allow":["GET"]}}],"collection":[{"href":"https:\/\/accido.pl\/pl\/wp-json\/wp\/v2\/pages"}],"about":[{"href":"https:\/\/accido.pl\/pl\/wp-json\/wp\/v2\/types\/page"}],"author":[{"embeddable":true,"href":"https:\/\/accido.pl\/pl\/wp-json\/wp\/v2\/users\/1"}],"replies":[{"embeddable":true,"href":"https:\/\/accido.pl\/pl\/wp-json\/wp\/v2\/comments?post=2044"}],"version-history":[{"count":19,"href":"https:\/\/accido.pl\/pl\/wp-json\/wp\/v2\/pages\/2044\/revisions"}],"predecessor-version":[{"id":3960,"href":"https:\/\/accido.pl\/pl\/wp-json\/wp\/v2\/pages\/2044\/revisions\/3960"}],"wp:attachment":[{"href":"https:\/\/accido.pl\/pl\/wp-json\/wp\/v2\/media?parent=2044"}],"curies":[{"name":"wp","href":"https:\/\/api.w.org\/{rel}","templated":true}]}}