{"id":2020,"date":"2025-05-31T12:31:15","date_gmt":"2025-05-31T12:31:15","guid":{"rendered":"https:\/\/accido.pl\/?page_id=2020"},"modified":"2025-06-02T07:20:42","modified_gmt":"2025-06-02T07:20:42","slug":"points","status":"publish","type":"page","link":"https:\/\/accido.pl\/pl\/points\/","title":{"rendered":"Punkty"},"content":{"rendered":"<div data-elementor-type=\"wp-page\" data-elementor-id=\"2020\" class=\"elementor elementor-2020\" data-elementor-post-type=\"page\">\n\t\t\t\t<div class=\"elementor-element elementor-element-90e7e0a e-con-full e-flex e-con e-parent\" data-id=\"90e7e0a\" data-element_type=\"container\">\n\t\t<div class=\"elementor-element elementor-element-457a0e48 e-con-full e-flex e-con e-child\" data-id=\"457a0e48\" data-element_type=\"container\" data-settings=\"{&quot;background_background&quot;:&quot;classic&quot;}\">\n\t\t<div class=\"elementor-element elementor-element-55247d1e e-flex e-con-boxed e-con e-child\" data-id=\"55247d1e\" data-element_type=\"container\" data-settings=\"{&quot;background_background&quot;:&quot;classic&quot;}\">\n\t\t\t\t\t<div class=\"e-con-inner\">\n\t\t\t\t<div class=\"elementor-element elementor-element-44d2a470 elementor-widget elementor-widget-hfe-breadcrumbs-widget\" data-id=\"44d2a470\" data-element_type=\"widget\" data-widget_type=\"hfe-breadcrumbs-widget.default\">\n\t\t\t\t<div class=\"elementor-widget-container\">\n\t\t\t\t\t<nav aria-label=\"Okruszki\"><ul class=\"hfe-breadcrumbs hfe-breadcrumbs-show-home\"><li class=\"hfe-breadcrumbs-item hfe-breadcrumbs-first\"><span class=\"hfe-breadcrumbs-home-icon\"><\/span><a href=\"https:\/\/accido.pl\/pl\"><span class=\"hfe-breadcrumbs-text\">Dom<\/span><\/a><\/li><\/ul><\/nav>\t\t\t\t<\/div>\n\t\t\t\t<\/div>\n\t\t\t\t\t<\/div>\n\t\t\t\t<\/div>\n\t\t\t\t<\/div>\n\t\t<div class=\"elementor-element elementor-element-503c60e5 e-con-full e-flex e-con e-child\" data-id=\"503c60e5\" data-element_type=\"container\">\n\t\t<div class=\"elementor-element elementor-element-5f9d4e00 e-con-full e-flex e-con e-child\" data-id=\"5f9d4e00\" data-element_type=\"container\">\n\t\t<div class=\"elementor-element elementor-element-329d59c1 e-con-full e-flex e-con e-child\" data-id=\"329d59c1\" data-element_type=\"container\">\n\t\t\t\t<div class=\"elementor-element elementor-element-6608ffeb elementor-widget elementor-widget-heading\" data-id=\"6608ffeb\" data-element_type=\"widget\" data-widget_type=\"heading.default\">\n\t\t\t\t<div class=\"elementor-widget-container\">\n\t\t\t\t\t<h1 class=\"elementor-heading-title elementor-size-default\">Punkty<\/h1>\t\t\t\t<\/div>\n\t\t\t\t<\/div>\n\t\t\t\t<\/div>\n\t\t<div class=\"elementor-element elementor-element-3b20d1fc e-con-full e-flex e-con e-child\" data-id=\"3b20d1fc\" data-element_type=\"container\">\n\t\t\t\t<div class=\"elementor-element elementor-element-13169218 elementor-widget elementor-widget-text-editor\" data-id=\"13169218\" data-element_type=\"widget\" data-widget_type=\"text-editor.default\">\n\t\t\t\t<div class=\"elementor-widget-container\">\n\t\t\t\t\t\t\t\t\t<h3 style=\"border-color: #dddedf; margin: 0px; text-rendering: optimizelegibility; font-size: 24px; line-height: 1.3; color: #000000; font-family: Aileron; font-weight: 900;\"><strong style=\"border-color: #dddedf;\">Nasz System Punktowy<\/strong><\/h3><p style=\"border-color: #dddedf; margin: 0px 0px 1.2em; color: #0b2905; font-family: Aileron; font-size: 18px;\"><span style=\"border-color: #dddedf; vertical-align: inherit;\"><br \/>W Accido mo\u017cesz zbiera\u0107 punkty i zdobywa\u0107 zni\u017cki! Wszystkie zam\u00f3wienia u nas s\u0105 warte punkt\u00f3w. Zbieraj jak najwi\u0119cej punkt\u00f3w, aby otrzyma\u0107 darmowe produkty. Twoje punkty s\u0105 dodawane do konta natychmiast po ka\u017cdym zakupie.<\/span><\/p><p style=\"border-color: #dddedf; margin: 0px 0px 1.2em; color: #0b2905; font-family: Aileron; font-size: 18px;\"><span style=\"border-color: #dddedf; vertical-align: inherit;\">Nie masz jeszcze konta? Za\u0142\u00f3\u017c je teraz! Mo\u017cesz to r\u00f3wnie\u017c zrobi\u0107 podczas finalizacji zam\u00f3wienia.<\/span><\/p><p style=\"border-color: #dddedf; margin: 0px 0px 1.2em; color: #0b2905; font-family: Aileron; font-size: 18px;\"><strong style=\"border-color: #dddedf;\">Kiedy otrzymujesz punkty:<\/strong><\/p><p style=\"border-color: #dddedf; margin: 0px 0px 1.2em; color: #0b2905; font-family: Aileron; font-size: 18px;\"><span style=\"border-color: #dddedf; vertical-align: inherit;\">\u2013 Otrzymasz\u00a0\u00a0<\/span><strong style=\"border-color: #dddedf;\">5 punkt\u00f3w<\/strong><span style=\"border-color: #dddedf; vertical-align: inherit;\">\u00a0\u00a0kiedy tworzysz konto u nas w sklepie internetowym.<\/span><\/p><p style=\"border-color: #dddedf; margin: 0px 0px 1.2em; color: #0b2905; font-family: Aileron; font-size: 18px;\"><strong style=\"border-color: #dddedf;\">\u2013 Otrzymasz 2 punkty<\/strong><span style=\"border-color: #dddedf; vertical-align: inherit;\">\u00a0do napisania recenzji\u00a0\u00a0.<\/span><\/p><p style=\"border-color: #dddedf; margin: 0px 0px 1.2em; color: #0b2905; font-family: Aileron; font-size: 18px;\"><span style=\"border-color: #dddedf; vertical-align: inherit;\">\u2013 Za ka\u017cde wydane euro w sklepie internetowym otrzymasz\u00a0\u00a0<\/span><strong style=\"border-color: #dddedf;\">1 punkt<\/strong><span style=\"border-color: #dddedf; vertical-align: inherit;\">\u00a0.<\/span><\/p><p style=\"border-color: #dddedf; margin: 0px 0px 1.2em; color: #0b2905; font-family: Aileron; font-size: 18px;\"><strong style=\"border-color: #dddedf;\">Zrealizuj punkty:<\/strong><\/p><ol style=\"border-color: #dddedf; color: #0b2905; font-family: Aileron; font-size: 18px; background-color: #ffffff;\"><li style=\"border-color: #dddedf;\"><span style=\"border-color: #dddedf; vertical-align: inherit;\">Odwied\u017a swoje konto na Accido.<\/span><\/li><li style=\"border-color: #dddedf;\"><span style=\"border-color: #dddedf; vertical-align: inherit;\">Pod nag\u0142\u00f3wkiem \u201ePunkty oszcz\u0119dno\u015bciowe i nagrody\u201d mo\u017cesz zobaczy\u0107, ile punkt\u00f3w zebra\u0142e\u015b i kt\u00f3re produkty mo\u017cesz doda\u0107 bezp\u0142atnie.<\/span><\/li><li style=\"border-color: #dddedf;\"><span style=\"border-color: #dddedf; vertical-align: inherit;\">Wybierz opcj\u0119 \u201ezg\u0142o\u015b\u201d dla wybranego produktu, a nast\u0119pnie kliknij \u201eDodaj do zam\u00f3wienia\u201d.<\/span><\/li><li style=\"border-color: #dddedf;\"><span style=\"border-color: #dddedf; vertical-align: inherit;\">Wybrany produkt zostanie automatycznie dodany do Twojego zam\u00f3wienia podczas finalizacji zakupu. (produkt b\u0119dzie widoczny tylko podczas finalizacji zakupu)<br \/><br \/><\/span><\/li><\/ol>\t\t\t\t\t\t\t\t<\/div>\n\t\t\t\t<\/div>\n\t\t<div class=\"elementor-element elementor-element-208667e4 e-con-full e-flex e-con e-child\" data-id=\"208667e4\" data-element_type=\"container\">\n\t\t\t\t<div class=\"elementor-element elementor-element-2a58537d elementor-widget elementor-widget-heading\" data-id=\"2a58537d\" data-element_type=\"widget\" data-widget_type=\"heading.default\">\n\t\t\t\t<div class=\"elementor-widget-container\">\n\t\t\t\t\t<h2 class=\"elementor-heading-title elementor-size-default\">Kontynuowa\u0107 zakupy?<\/h2>\t\t\t\t<\/div>\n\t\t\t\t<\/div>\n\t\t\t\t<div class=\"elementor-element elementor-element-42c4cc56 elementor-button-info elementor-widget elementor-widget-button\" data-id=\"42c4cc56\" data-element_type=\"widget\" data-widget_type=\"button.default\">\n\t\t\t\t<div class=\"elementor-widget-container\">\n\t\t\t\t\t\t\t\t\t<div class=\"elementor-button-wrapper\">\n\t\t\t\t\t<a class=\"elementor-button elementor-button-link elementor-size-sm\" href=\"https:\/\/accido.pl\/pl\/shop\/\">\n\t\t\t\t\t\t<span class=\"elementor-button-content-wrapper\">\n\t\t\t\t\t\t\t\t\t<span class=\"elementor-button-text\">Wszystkie produkty<\/span>\n\t\t\t\t\t<\/span>\n\t\t\t\t\t<\/a>\n\t\t\t\t<\/div>\n\t\t\t\t\t\t\t\t<\/div>\n\t\t\t\t<\/div>\n\t\t\t\t<\/div>\n\t\t\t\t<\/div>\n\t\t\t\t<\/div>\n\t\t\t\t<\/div>\n\t\t\t\t<\/div>\n\t\t\t\t<\/div>","protected":false},"excerpt":{"rendered":"<p>Home Points Our Points System At Accido you can save points and earn discounts! All orders with us are worth points. Save as many points as possible for free items. Your points are added to your account immediately with every purchase. Don&#8217;t have an account yet? Create one now! You can also do this during [&hellip;]<\/p>","protected":false},"author":1,"featured_media":0,"parent":0,"menu_order":0,"comment_status":"closed","ping_status":"closed","template":"","meta":{"footnotes":""},"class_list":["post-2020","page","type-page","status-publish","hentry"],"_links":{"self":[{"href":"https:\/\/accido.pl\/pl\/wp-json\/wp\/v2\/pages\/2020","targetHints":{"allow":["GET"]}}],"collection":[{"href":"https:\/\/accido.pl\/pl\/wp-json\/wp\/v2\/pages"}],"about":[{"href":"https:\/\/accido.pl\/pl\/wp-json\/wp\/v2\/types\/page"}],"author":[{"embeddable":true,"href":"https:\/\/accido.pl\/pl\/wp-json\/wp\/v2\/users\/1"}],"replies":[{"embeddable":true,"href":"https:\/\/accido.pl\/pl\/wp-json\/wp\/v2\/comments?post=2020"}],"version-history":[{"count":16,"href":"https:\/\/accido.pl\/pl\/wp-json\/wp\/v2\/pages\/2020\/revisions"}],"predecessor-version":[{"id":3328,"href":"https:\/\/accido.pl\/pl\/wp-json\/wp\/v2\/pages\/2020\/revisions\/3328"}],"wp:attachment":[{"href":"https:\/\/accido.pl\/pl\/wp-json\/wp\/v2\/media?parent=2020"}],"curies":[{"name":"wp","href":"https:\/\/api.w.org\/{rel}","templated":true}]}}